{"id":9612,"date":"2025-01-13T09:30:38","date_gmt":"2025-01-13T08:30:38","guid":{"rendered":"https:\/\/planetemascottes.mycoqpit.fr\/produit\/disfraz-de-mascota-tigre-2\/"},"modified":"2025-01-13T09:30:38","modified_gmt":"2025-01-13T08:30:38","slug":"disfraz-de-mascota-tigre-2","status":"publish","type":"product","link":"https:\/\/planetemascottes.mycoqpit.fr\/es\/produit\/disfraz-de-mascota-tigre-2\/","title":{"rendered":"Disfraz de mascota tigre"},"content":{"rendered":"<p>La <strong>mascota tigre<\/strong> es una mascota a rayas. Esta mascota felina profesional har\u00e1 las delicias de grandes y peque\u00f1os. Con un abrigo como \u00e9ste, no hay duda de que tu<strong> mascota disfrazada de<\/strong> tigre causar\u00e1 sensaci\u00f3n&#8230;  <\/p>\n<p>Actualmente, los tigres se encuentran sobre todo en la India, \u00a1pero gracias a Planeta Mascota puedes tener un <strong>disfraz<\/strong> de tigre en tus instalaciones! Ten cuidado, el disfraz de tigre es muy amistoso, \u00a1pero a veces muy hambriento! Necesitar\u00e1s al menos 35 kg de comida para tigres al d\u00eda! plan\u00e8te Mascotte no suministra la comida, pero puedes encontrarla en una tienda de mascotas para tigres.  <\/p>\n<p>Este traje est\u00e1 dise\u00f1ado para personas de entre <strong>1,60 m y 1,90 m de<\/strong> estatura y se puede lavar<strong> a m\u00e1quina a 30 \u00b0C<\/strong>. Este disfraz se puede <strong>personalizar<\/strong> seg\u00fan tus <strong>colores<\/strong>: bordados, colores, tejidos.<\/p>\n<p>Encuentra en el sitio todas nuestras mascotas animales de peluche para adultos. Mascota disponible en <strong>talla \u00fanica<\/strong>.<\/p>\n<p>El <strong>disfraz de tigre<\/strong> est\u00e1 hecho de un tejido suave f\u00e1cil de <strong>lavar a m\u00e1quina<\/strong>.<\/p>\n<p>Haz tu pedido en el sitio web de Plan\u00e8te Mascottes y benef\u00edciate de un servicio profesional: entrega r\u00e1pida, pago seguro, garant\u00eda de devoluci\u00f3n del dinero.<\/p>\n","protected":false},"excerpt":{"rendered":"<p><strong>Tigre mascota<\/strong>.<\/p>\n<p> <strong> Disfraz profesional de mascota tigre<\/strong>. Ideal para tus eventos profesionales o de club. <\/p>\n<p>Disfraz de mascota fabricado en Francia conforme a <strong>las normas CE<\/strong> y <strong>REACH<\/strong>.<\/p>\n<p>Elementos incluidos: traje, cabeza, guantes y zapatos.<\/p>\n<p>Este disfraz se puede lavar a mano y a m\u00e1quina. Para <strong>un cuidado \u00f3ptimo<\/strong>, descubre c\u00f3mo cuidar a tu mascota con nuestros <strong>consejos<\/strong>, disponibles en nuestra p\u00e1gina <a href=\"https:\/\/planetemascottes.mycoqpit.fr\/mascottes-sur-mesure\">de preguntas frecuentes<\/a>. <\/p>\n","protected":false},"featured_media":9613,"comment_status":"closed","ping_status":"closed","template":"","meta":{"_acf_changed":false},"product_brand":[],"product_cat":[91,90],"product_tag":[],"class_list":{"0":"post-9612","1":"product","2":"type-product","3":"status-publish","4":"has-post-thumbnail","6":"product_cat-animales-salvajes","7":"product_cat-nuestras-mascotas","9":"first","10":"instock","11":"taxable","12":"shipping-taxable","13":"purchasable","14":"product-type-simple"},"acf":[],"yoast_head":"<!-- This site is optimized with the Yoast SEO plugin v24.6 - https:\/\/yoast.com\/wordpress\/plugins\/seo\/ -->\n<title>Disfraz de mascota tigre y mascotas a medida - Plan\u00e8te Mascottes<\/title>\n<meta name=\"description\" content=\"Plan\u00e8te Mascottes ofrece disfraces de mascota profesionales de la m\u00e1xima calidad, fabricados en Francia y que cumplen las normas CE y REACH.\" \/>\n<meta name=\"robots\" content=\"index, follow, max-snippet:-1, max-image-preview:large, max-video-preview:-1\" \/>\n<link rel=\"canonical\" href=\"https:\/\/planetemascottes.mycoqpit.fr\/es\/produit\/disfraz-de-mascota-tigre-2\/\" \/>\n<meta property=\"og:locale\" content=\"es_ES\" \/>\n<meta property=\"og:type\" content=\"article\" \/>\n<meta property=\"og:title\" content=\"Disfraz de mascota tigre y mascotas a medida - Plan\u00e8te Mascottes\" \/>\n<meta property=\"og:description\" content=\"Plan\u00e8te Mascottes ofrece disfraces de mascota profesionales de la m\u00e1xima calidad, fabricados en Francia y que cumplen las normas CE y REACH.\" \/>\n<meta property=\"og:url\" content=\"https:\/\/planetemascottes.mycoqpit.fr\/es\/produit\/disfraz-de-mascota-tigre-2\/\" \/>\n<meta property=\"og:site_name\" content=\"Plan\u00e8te Mascottes\" \/>\n<meta property=\"og:image\" content=\"https:\/\/planetemascottes.mycoqpit.fr\/wp-content\/uploads\/2025\/01\/deguisement-mascotte-de-tigre-194.webp\" \/>\n\t<meta property=\"og:image:width\" content=\"800\" \/>\n\t<meta property=\"og:image:height\" content=\"1040\" \/>\n\t<meta property=\"og:image:type\" content=\"image\/png\" \/>\n<meta name=\"twitter:card\" content=\"summary_large_image\" \/>\n<meta name=\"twitter:label1\" content=\"Tiempo de lectura\" \/>\n\t<meta name=\"twitter:data1\" content=\"1 minuto\" \/>\n<script type=\"application\/ld+json\" class=\"yoast-schema-graph\">{\"@context\":\"https:\/\/schema.org\",\"@graph\":[{\"@type\":\"WebPage\",\"@id\":\"https:\/\/planetemascottes.mycoqpit.fr\/es\/produit\/disfraz-de-mascota-tigre-2\/\",\"url\":\"https:\/\/planetemascottes.mycoqpit.fr\/es\/produit\/disfraz-de-mascota-tigre-2\/\",\"name\":\"Disfraz de mascota tigre y mascotas a medida - Plan\u00e8te Mascottes\",\"isPartOf\":{\"@id\":\"https:\/\/planetemascottes.mycoqpit.fr\/es\/#website\"},\"primaryImageOfPage\":{\"@id\":\"https:\/\/planetemascottes.mycoqpit.fr\/es\/produit\/disfraz-de-mascota-tigre-2\/#primaryimage\"},\"image\":{\"@id\":\"https:\/\/planetemascottes.mycoqpit.fr\/es\/produit\/disfraz-de-mascota-tigre-2\/#primaryimage\"},\"thumbnailUrl\":\"https:\/\/planetemascottes.mycoqpit.fr\/wp-content\/uploads\/2025\/01\/deguisement-mascotte-de-tigre-194.webp\",\"datePublished\":\"2025-01-13T08:30:38+00:00\",\"description\":\"Plan\u00e8te Mascottes ofrece disfraces de mascota profesionales de la m\u00e1xima calidad, fabricados en Francia y que cumplen las normas CE y REACH.\",\"breadcrumb\":{\"@id\":\"https:\/\/planetemascottes.mycoqpit.fr\/es\/produit\/disfraz-de-mascota-tigre-2\/#breadcrumb\"},\"inLanguage\":\"es\",\"potentialAction\":[{\"@type\":\"ReadAction\",\"target\":[\"https:\/\/planetemascottes.mycoqpit.fr\/es\/produit\/disfraz-de-mascota-tigre-2\/\"]}]},{\"@type\":\"ImageObject\",\"inLanguage\":\"es\",\"@id\":\"https:\/\/planetemascottes.mycoqpit.fr\/es\/produit\/disfraz-de-mascota-tigre-2\/#primaryimage\",\"url\":\"https:\/\/planetemascottes.mycoqpit.fr\/wp-content\/uploads\/2025\/01\/deguisement-mascotte-de-tigre-194.webp\",\"contentUrl\":\"https:\/\/planetemascottes.mycoqpit.fr\/wp-content\/uploads\/2025\/01\/deguisement-mascotte-de-tigre-194.webp\",\"width\":800,\"height\":1040},{\"@type\":\"BreadcrumbList\",\"@id\":\"https:\/\/planetemascottes.mycoqpit.fr\/es\/produit\/disfraz-de-mascota-tigre-2\/#breadcrumb\",\"itemListElement\":[{\"@type\":\"ListItem\",\"position\":1,\"name\":\"Accueil\",\"item\":\"https:\/\/planetemascottes.mycoqpit.fr\/es\/\"},{\"@type\":\"ListItem\",\"position\":2,\"name\":\"Tienda\",\"item\":\"https:\/\/planetemascottes.mycoqpit.fr\/boutique\/\"},{\"@type\":\"ListItem\",\"position\":3,\"name\":\"Disfraz de mascota tigre\"}]},{\"@type\":\"WebSite\",\"@id\":\"https:\/\/planetemascottes.mycoqpit.fr\/es\/#website\",\"url\":\"https:\/\/planetemascottes.mycoqpit.fr\/es\/\",\"name\":\"Plan\u00e8te Mascottes\",\"description\":\"\",\"publisher\":{\"@id\":\"https:\/\/planetemascottes.mycoqpit.fr\/es\/#organization\"},\"potentialAction\":[{\"@type\":\"SearchAction\",\"target\":{\"@type\":\"EntryPoint\",\"urlTemplate\":\"https:\/\/planetemascottes.mycoqpit.fr\/es\/?s={search_term_string}\"},\"query-input\":{\"@type\":\"PropertyValueSpecification\",\"valueRequired\":true,\"valueName\":\"search_term_string\"}}],\"inLanguage\":\"es\"},{\"@type\":\"Organization\",\"@id\":\"https:\/\/planetemascottes.mycoqpit.fr\/es\/#organization\",\"name\":\"Plan\u00e8te Mascottes\",\"url\":\"https:\/\/planetemascottes.mycoqpit.fr\/es\/\",\"logo\":{\"@type\":\"ImageObject\",\"inLanguage\":\"es\",\"@id\":\"https:\/\/planetemascottes.mycoqpit.fr\/es\/#\/schema\/logo\/image\/\",\"url\":\"https:\/\/planetemascottes.mycoqpit.fr\/wp-content\/uploads\/2024\/12\/planete-mascottes-logo.svg\",\"contentUrl\":\"https:\/\/planetemascottes.mycoqpit.fr\/wp-content\/uploads\/2024\/12\/planete-mascottes-logo.svg\",\"caption\":\"Plan\u00e8te Mascottes\"},\"image\":{\"@id\":\"https:\/\/planetemascottes.mycoqpit.fr\/es\/#\/schema\/logo\/image\/\"}}]}<\/script>\n<!-- \/ Yoast SEO plugin. -->","yoast_head_json":{"title":"Disfraz de mascota tigre y mascotas a medida - Plan\u00e8te Mascottes","description":"Plan\u00e8te Mascottes ofrece disfraces de mascota profesionales de la m\u00e1xima calidad, fabricados en Francia y que cumplen las normas CE y REACH.","robots":{"index":"index","follow":"follow","max-snippet":"max-snippet:-1","max-image-preview":"max-image-preview:large","max-video-preview":"max-video-preview:-1"},"canonical":"https:\/\/planetemascottes.mycoqpit.fr\/es\/produit\/disfraz-de-mascota-tigre-2\/","og_locale":"es_ES","og_type":"article","og_title":"Disfraz de mascota tigre y mascotas a medida - Plan\u00e8te Mascottes","og_description":"Plan\u00e8te Mascottes ofrece disfraces de mascota profesionales de la m\u00e1xima calidad, fabricados en Francia y que cumplen las normas CE y REACH.","og_url":"https:\/\/planetemascottes.mycoqpit.fr\/es\/produit\/disfraz-de-mascota-tigre-2\/","og_site_name":"Plan\u00e8te Mascottes","og_image":[{"width":800,"height":1040,"url":"https:\/\/planetemascottes.mycoqpit.fr\/wp-content\/uploads\/2025\/01\/deguisement-mascotte-de-tigre-194.webp","type":"image\/png"}],"twitter_card":"summary_large_image","twitter_misc":{"Tiempo de lectura":"1 minuto"},"schema":{"@context":"https:\/\/schema.org","@graph":[{"@type":"WebPage","@id":"https:\/\/planetemascottes.mycoqpit.fr\/es\/produit\/disfraz-de-mascota-tigre-2\/","url":"https:\/\/planetemascottes.mycoqpit.fr\/es\/produit\/disfraz-de-mascota-tigre-2\/","name":"Disfraz de mascota tigre y mascotas a medida - Plan\u00e8te Mascottes","isPartOf":{"@id":"https:\/\/planetemascottes.mycoqpit.fr\/es\/#website"},"primaryImageOfPage":{"@id":"https:\/\/planetemascottes.mycoqpit.fr\/es\/produit\/disfraz-de-mascota-tigre-2\/#primaryimage"},"image":{"@id":"https:\/\/planetemascottes.mycoqpit.fr\/es\/produit\/disfraz-de-mascota-tigre-2\/#primaryimage"},"thumbnailUrl":"https:\/\/planetemascottes.mycoqpit.fr\/wp-content\/uploads\/2025\/01\/deguisement-mascotte-de-tigre-194.webp","datePublished":"2025-01-13T08:30:38+00:00","description":"Plan\u00e8te Mascottes ofrece disfraces de mascota profesionales de la m\u00e1xima calidad, fabricados en Francia y que cumplen las normas CE y REACH.","breadcrumb":{"@id":"https:\/\/planetemascottes.mycoqpit.fr\/es\/produit\/disfraz-de-mascota-tigre-2\/#breadcrumb"},"inLanguage":"es","potentialAction":[{"@type":"ReadAction","target":["https:\/\/planetemascottes.mycoqpit.fr\/es\/produit\/disfraz-de-mascota-tigre-2\/"]}]},{"@type":"ImageObject","inLanguage":"es","@id":"https:\/\/planetemascottes.mycoqpit.fr\/es\/produit\/disfraz-de-mascota-tigre-2\/#primaryimage","url":"https:\/\/planetemascottes.mycoqpit.fr\/wp-content\/uploads\/2025\/01\/deguisement-mascotte-de-tigre-194.webp","contentUrl":"https:\/\/planetemascottes.mycoqpit.fr\/wp-content\/uploads\/2025\/01\/deguisement-mascotte-de-tigre-194.webp","width":800,"height":1040},{"@type":"BreadcrumbList","@id":"https:\/\/planetemascottes.mycoqpit.fr\/es\/produit\/disfraz-de-mascota-tigre-2\/#breadcrumb","itemListElement":[{"@type":"ListItem","position":1,"name":"Accueil","item":"https:\/\/planetemascottes.mycoqpit.fr\/es\/"},{"@type":"ListItem","position":2,"name":"Tienda","item":"https:\/\/planetemascottes.mycoqpit.fr\/boutique\/"},{"@type":"ListItem","position":3,"name":"Disfraz de mascota tigre"}]},{"@type":"WebSite","@id":"https:\/\/planetemascottes.mycoqpit.fr\/es\/#website","url":"https:\/\/planetemascottes.mycoqpit.fr\/es\/","name":"Plan\u00e8te Mascottes","description":"","publisher":{"@id":"https:\/\/planetemascottes.mycoqpit.fr\/es\/#organization"},"potentialAction":[{"@type":"SearchAction","target":{"@type":"EntryPoint","urlTemplate":"https:\/\/planetemascottes.mycoqpit.fr\/es\/?s={search_term_string}"},"query-input":{"@type":"PropertyValueSpecification","valueRequired":true,"valueName":"search_term_string"}}],"inLanguage":"es"},{"@type":"Organization","@id":"https:\/\/planetemascottes.mycoqpit.fr\/es\/#organization","name":"Plan\u00e8te Mascottes","url":"https:\/\/planetemascottes.mycoqpit.fr\/es\/","logo":{"@type":"ImageObject","inLanguage":"es","@id":"https:\/\/planetemascottes.mycoqpit.fr\/es\/#\/schema\/logo\/image\/","url":"https:\/\/planetemascottes.mycoqpit.fr\/wp-content\/uploads\/2024\/12\/planete-mascottes-logo.svg","contentUrl":"https:\/\/planetemascottes.mycoqpit.fr\/wp-content\/uploads\/2024\/12\/planete-mascottes-logo.svg","caption":"Plan\u00e8te Mascottes"},"image":{"@id":"https:\/\/planetemascottes.mycoqpit.fr\/es\/#\/schema\/logo\/image\/"}}]}},"_links":{"self":[{"href":"https:\/\/planetemascottes.mycoqpit.fr\/es\/wp-json\/wp\/v2\/product\/9612","targetHints":{"allow":["GET"]}}],"collection":[{"href":"https:\/\/planetemascottes.mycoqpit.fr\/es\/wp-json\/wp\/v2\/product"}],"about":[{"href":"https:\/\/planetemascottes.mycoqpit.fr\/es\/wp-json\/wp\/v2\/types\/product"}],"replies":[{"embeddable":true,"href":"https:\/\/planetemascottes.mycoqpit.fr\/es\/wp-json\/wp\/v2\/comments?post=9612"}],"wp:featuredmedia":[{"embeddable":true,"href":"https:\/\/planetemascottes.mycoqpit.fr\/es\/wp-json\/wp\/v2\/media\/9613"}],"wp:attachment":[{"href":"https:\/\/planetemascottes.mycoqpit.fr\/es\/wp-json\/wp\/v2\/media?parent=9612"}],"wp:term":[{"taxonomy":"product_brand","embeddable":true,"href":"https:\/\/planetemascottes.mycoqpit.fr\/es\/wp-json\/wp\/v2\/product_brand?post=9612"},{"taxonomy":"product_cat","embeddable":true,"href":"https:\/\/planetemascottes.mycoqpit.fr\/es\/wp-json\/wp\/v2\/product_cat?post=9612"},{"taxonomy":"product_tag","embeddable":true,"href":"https:\/\/planetemascottes.mycoqpit.fr\/es\/wp-json\/wp\/v2\/product_tag?post=9612"}],"curies":[{"name":"wp","href":"https:\/\/api.w.org\/{rel}","templated":true}]}}