{"id":8163,"date":"2025-01-13T09:39:17","date_gmt":"2025-01-13T08:39:17","guid":{"rendered":"https:\/\/planetemascottes.mycoqpit.fr\/produit\/disfraz-de-mascota-de-napoleon\/"},"modified":"2025-01-13T09:39:17","modified_gmt":"2025-01-13T08:39:17","slug":"disfraz-de-mascota-de-napoleon","status":"publish","type":"product","link":"https:\/\/planetemascottes.mycoqpit.fr\/es\/produit\/disfraz-de-mascota-de-napoleon\/","title":{"rendered":"Disfraz de mascota de Napole\u00f3n"},"content":{"rendered":"<p>\u00a1Atenci\u00f3n! Est\u00e1s ante el antiguo Primer C\u00f3nsul y un Emperador de Francia. Hace poco regres\u00e9 de Rusia, donde hice campa\u00f1a durante muchos meses con mis valientes soldados para conquistar los Urales orientales. Perd\u00ed algunos dedos de los pies congelados durante el viaje, pero mereci\u00f3 la pena.   <\/p>\n<p>Me alegro de volver a casa. Aunque Josefina no siempre sea amable conmigo&#8230; De hecho, me resisto a divorciarme de ella y buscarme otra querida y dulce compa\u00f1era. Pero no se lo digas a nadie&#8230; Josefina no estar\u00eda muy contenta.    <\/p>\n<p>Tengo fama de mand\u00f3n, a pesar de mi baja estatura, pero en el fondo soy un buen tipo que no har\u00eda da\u00f1o ni a una mosca. Pero si hace falta, puedo levantar la voz y hacer temblar a peque\u00f1os y mayores con mi pistola y mi sombrero de tricornio. Soy la <strong>mascota<\/strong> ideal para mantener el orden en las fiestas de cumplea\u00f1os infantiles. Palabra de Bonaparte: \u00a1mantendr\u00e9 el orden!   <\/p>\n<p>Este disfraz se puede <strong>personalizar<\/strong> con tus propios colores: bordados, colores de la tela, etc. Encuentra todas nuestras mascotas de <a href=\"https:\/\/planetemascottes.mycoqpit.fr\/categorie-produit\/nos-mascottes\/personnages\">personajes hist\u00f3ricos<\/a> en la web.<\/p>\n<p>Mascota disponible en<strong> talla \u00fanica<\/strong>. El disfraz de Napole\u00f3n est\u00e1 hecho de un tejido suave<strong>f\u00e1cil de<\/strong> <strong>lavar a m\u00e1quina<\/strong>.<\/p>\n","protected":false},"excerpt":{"rendered":"<p><strong>Disfraz de mascota de Napole\u00f3n<\/strong>.<\/p>\n<p>Mascota profesional fabricada en Francia conforme a <strong>las normas CE <\/strong>y<strong> REACH<\/strong>.<\/p>\n<p>Este disfraz se puede <strong>personalizar<\/strong> con tus colores: bordado, colores, tela, etc.<\/p>\n<p>Encuentra todas nuestras mascotas de <a href=\"https:\/\/planetemascottes.mycoqpit.fr\/categorie-produit\/nos-mascottes\/personnages\">personajes hist\u00f3ricos<\/a> en nuestro sitio web.<\/p>\n<p>Elementos incluidos: traje, cabeza, guantes y zapatos.<\/p>\n<p>Descubre todos nuestros consejos para cuidar de tu mascota en nuestra secci\u00f3n de <a href=\"https:\/\/planetemascottes.mycoqpit.fr\/mascottes-sur-mesure\">preguntas frecuentes<\/a>.<\/p>\n","protected":false},"featured_media":8164,"comment_status":"closed","ping_status":"closed","template":"","meta":{"_acf_changed":false},"product_brand":[],"product_cat":[90,102],"product_tag":[],"class_list":{"0":"post-8163","1":"product","2":"type-product","3":"status-publish","4":"has-post-thumbnail","6":"product_cat-nuestras-mascotas","7":"product_cat-personajes","9":"first","10":"instock","11":"taxable","12":"shipping-taxable","13":"purchasable","14":"product-type-simple"},"acf":[],"yoast_head":"<!-- This site is optimized with the Yoast SEO plugin v24.6 - https:\/\/yoast.com\/wordpress\/plugins\/seo\/ -->\n<title>Disfraz de mascota de Napole\u00f3n y mascotas a medida - Plan\u00e8te Mascottes<\/title>\n<meta name=\"description\" content=\"Plan\u00e8te Mascottes ofrece disfraces de mascota profesionales de la m\u00e1xima calidad, fabricados en Francia y que cumplen las normas CE y REACH.\" \/>\n<meta name=\"robots\" content=\"index, follow, max-snippet:-1, max-image-preview:large, max-video-preview:-1\" \/>\n<link rel=\"canonical\" href=\"https:\/\/planetemascottes.mycoqpit.fr\/es\/produit\/disfraz-de-mascota-de-napoleon\/\" \/>\n<meta property=\"og:locale\" content=\"es_ES\" \/>\n<meta property=\"og:type\" content=\"article\" \/>\n<meta property=\"og:title\" content=\"Disfraz de mascota de Napole\u00f3n y mascotas a medida - Plan\u00e8te Mascottes\" \/>\n<meta property=\"og:description\" content=\"Plan\u00e8te Mascottes ofrece disfraces de mascota profesionales de la m\u00e1xima calidad, fabricados en Francia y que cumplen las normas CE y REACH.\" \/>\n<meta property=\"og:url\" content=\"https:\/\/planetemascottes.mycoqpit.fr\/es\/produit\/disfraz-de-mascota-de-napoleon\/\" \/>\n<meta property=\"og:site_name\" content=\"Plan\u00e8te Mascottes\" \/>\n<meta property=\"og:image\" content=\"https:\/\/planetemascottes.mycoqpit.fr\/wp-content\/uploads\/2025\/01\/deguisement-mascotte-de-napoleon-144.webp\" \/>\n\t<meta property=\"og:image:width\" content=\"800\" \/>\n\t<meta property=\"og:image:height\" content=\"1040\" \/>\n\t<meta property=\"og:image:type\" content=\"image\/png\" \/>\n<meta name=\"twitter:card\" content=\"summary_large_image\" \/>\n<meta name=\"twitter:label1\" content=\"Tiempo de lectura\" \/>\n\t<meta name=\"twitter:data1\" content=\"1 minuto\" \/>\n<script type=\"application\/ld+json\" class=\"yoast-schema-graph\">{\"@context\":\"https:\/\/schema.org\",\"@graph\":[{\"@type\":\"WebPage\",\"@id\":\"https:\/\/planetemascottes.mycoqpit.fr\/es\/produit\/disfraz-de-mascota-de-napoleon\/\",\"url\":\"https:\/\/planetemascottes.mycoqpit.fr\/es\/produit\/disfraz-de-mascota-de-napoleon\/\",\"name\":\"Disfraz de mascota de Napole\u00f3n y mascotas a medida - Plan\u00e8te Mascottes\",\"isPartOf\":{\"@id\":\"https:\/\/planetemascottes.mycoqpit.fr\/es\/#website\"},\"primaryImageOfPage\":{\"@id\":\"https:\/\/planetemascottes.mycoqpit.fr\/es\/produit\/disfraz-de-mascota-de-napoleon\/#primaryimage\"},\"image\":{\"@id\":\"https:\/\/planetemascottes.mycoqpit.fr\/es\/produit\/disfraz-de-mascota-de-napoleon\/#primaryimage\"},\"thumbnailUrl\":\"https:\/\/planetemascottes.mycoqpit.fr\/wp-content\/uploads\/2025\/01\/deguisement-mascotte-de-napoleon-144.webp\",\"datePublished\":\"2025-01-13T08:39:17+00:00\",\"description\":\"Plan\u00e8te Mascottes ofrece disfraces de mascota profesionales de la m\u00e1xima calidad, fabricados en Francia y que cumplen las normas CE y REACH.\",\"breadcrumb\":{\"@id\":\"https:\/\/planetemascottes.mycoqpit.fr\/es\/produit\/disfraz-de-mascota-de-napoleon\/#breadcrumb\"},\"inLanguage\":\"es\",\"potentialAction\":[{\"@type\":\"ReadAction\",\"target\":[\"https:\/\/planetemascottes.mycoqpit.fr\/es\/produit\/disfraz-de-mascota-de-napoleon\/\"]}]},{\"@type\":\"ImageObject\",\"inLanguage\":\"es\",\"@id\":\"https:\/\/planetemascottes.mycoqpit.fr\/es\/produit\/disfraz-de-mascota-de-napoleon\/#primaryimage\",\"url\":\"https:\/\/planetemascottes.mycoqpit.fr\/wp-content\/uploads\/2025\/01\/deguisement-mascotte-de-napoleon-144.webp\",\"contentUrl\":\"https:\/\/planetemascottes.mycoqpit.fr\/wp-content\/uploads\/2025\/01\/deguisement-mascotte-de-napoleon-144.webp\",\"width\":800,\"height\":1040},{\"@type\":\"BreadcrumbList\",\"@id\":\"https:\/\/planetemascottes.mycoqpit.fr\/es\/produit\/disfraz-de-mascota-de-napoleon\/#breadcrumb\",\"itemListElement\":[{\"@type\":\"ListItem\",\"position\":1,\"name\":\"Accueil\",\"item\":\"https:\/\/planetemascottes.mycoqpit.fr\/es\/\"},{\"@type\":\"ListItem\",\"position\":2,\"name\":\"Tienda\",\"item\":\"https:\/\/planetemascottes.mycoqpit.fr\/boutique\/\"},{\"@type\":\"ListItem\",\"position\":3,\"name\":\"Disfraz de mascota de Napole\u00f3n\"}]},{\"@type\":\"WebSite\",\"@id\":\"https:\/\/planetemascottes.mycoqpit.fr\/es\/#website\",\"url\":\"https:\/\/planetemascottes.mycoqpit.fr\/es\/\",\"name\":\"Plan\u00e8te Mascottes\",\"description\":\"\",\"publisher\":{\"@id\":\"https:\/\/planetemascottes.mycoqpit.fr\/es\/#organization\"},\"potentialAction\":[{\"@type\":\"SearchAction\",\"target\":{\"@type\":\"EntryPoint\",\"urlTemplate\":\"https:\/\/planetemascottes.mycoqpit.fr\/es\/?s={search_term_string}\"},\"query-input\":{\"@type\":\"PropertyValueSpecification\",\"valueRequired\":true,\"valueName\":\"search_term_string\"}}],\"inLanguage\":\"es\"},{\"@type\":\"Organization\",\"@id\":\"https:\/\/planetemascottes.mycoqpit.fr\/es\/#organization\",\"name\":\"Plan\u00e8te Mascottes\",\"url\":\"https:\/\/planetemascottes.mycoqpit.fr\/es\/\",\"logo\":{\"@type\":\"ImageObject\",\"inLanguage\":\"es\",\"@id\":\"https:\/\/planetemascottes.mycoqpit.fr\/es\/#\/schema\/logo\/image\/\",\"url\":\"https:\/\/planetemascottes.mycoqpit.fr\/wp-content\/uploads\/2024\/12\/planete-mascottes-logo.svg\",\"contentUrl\":\"https:\/\/planetemascottes.mycoqpit.fr\/wp-content\/uploads\/2024\/12\/planete-mascottes-logo.svg\",\"caption\":\"Plan\u00e8te Mascottes\"},\"image\":{\"@id\":\"https:\/\/planetemascottes.mycoqpit.fr\/es\/#\/schema\/logo\/image\/\"}}]}<\/script>\n<!-- \/ Yoast SEO plugin. -->","yoast_head_json":{"title":"Disfraz de mascota de Napole\u00f3n y mascotas a medida - Plan\u00e8te Mascottes","description":"Plan\u00e8te Mascottes ofrece disfraces de mascota profesionales de la m\u00e1xima calidad, fabricados en Francia y que cumplen las normas CE y REACH.","robots":{"index":"index","follow":"follow","max-snippet":"max-snippet:-1","max-image-preview":"max-image-preview:large","max-video-preview":"max-video-preview:-1"},"canonical":"https:\/\/planetemascottes.mycoqpit.fr\/es\/produit\/disfraz-de-mascota-de-napoleon\/","og_locale":"es_ES","og_type":"article","og_title":"Disfraz de mascota de Napole\u00f3n y mascotas a medida - Plan\u00e8te Mascottes","og_description":"Plan\u00e8te Mascottes ofrece disfraces de mascota profesionales de la m\u00e1xima calidad, fabricados en Francia y que cumplen las normas CE y REACH.","og_url":"https:\/\/planetemascottes.mycoqpit.fr\/es\/produit\/disfraz-de-mascota-de-napoleon\/","og_site_name":"Plan\u00e8te Mascottes","og_image":[{"width":800,"height":1040,"url":"https:\/\/planetemascottes.mycoqpit.fr\/wp-content\/uploads\/2025\/01\/deguisement-mascotte-de-napoleon-144.webp","type":"image\/png"}],"twitter_card":"summary_large_image","twitter_misc":{"Tiempo de lectura":"1 minuto"},"schema":{"@context":"https:\/\/schema.org","@graph":[{"@type":"WebPage","@id":"https:\/\/planetemascottes.mycoqpit.fr\/es\/produit\/disfraz-de-mascota-de-napoleon\/","url":"https:\/\/planetemascottes.mycoqpit.fr\/es\/produit\/disfraz-de-mascota-de-napoleon\/","name":"Disfraz de mascota de Napole\u00f3n y mascotas a medida - Plan\u00e8te Mascottes","isPartOf":{"@id":"https:\/\/planetemascottes.mycoqpit.fr\/es\/#website"},"primaryImageOfPage":{"@id":"https:\/\/planetemascottes.mycoqpit.fr\/es\/produit\/disfraz-de-mascota-de-napoleon\/#primaryimage"},"image":{"@id":"https:\/\/planetemascottes.mycoqpit.fr\/es\/produit\/disfraz-de-mascota-de-napoleon\/#primaryimage"},"thumbnailUrl":"https:\/\/planetemascottes.mycoqpit.fr\/wp-content\/uploads\/2025\/01\/deguisement-mascotte-de-napoleon-144.webp","datePublished":"2025-01-13T08:39:17+00:00","description":"Plan\u00e8te Mascottes ofrece disfraces de mascota profesionales de la m\u00e1xima calidad, fabricados en Francia y que cumplen las normas CE y REACH.","breadcrumb":{"@id":"https:\/\/planetemascottes.mycoqpit.fr\/es\/produit\/disfraz-de-mascota-de-napoleon\/#breadcrumb"},"inLanguage":"es","potentialAction":[{"@type":"ReadAction","target":["https:\/\/planetemascottes.mycoqpit.fr\/es\/produit\/disfraz-de-mascota-de-napoleon\/"]}]},{"@type":"ImageObject","inLanguage":"es","@id":"https:\/\/planetemascottes.mycoqpit.fr\/es\/produit\/disfraz-de-mascota-de-napoleon\/#primaryimage","url":"https:\/\/planetemascottes.mycoqpit.fr\/wp-content\/uploads\/2025\/01\/deguisement-mascotte-de-napoleon-144.webp","contentUrl":"https:\/\/planetemascottes.mycoqpit.fr\/wp-content\/uploads\/2025\/01\/deguisement-mascotte-de-napoleon-144.webp","width":800,"height":1040},{"@type":"BreadcrumbList","@id":"https:\/\/planetemascottes.mycoqpit.fr\/es\/produit\/disfraz-de-mascota-de-napoleon\/#breadcrumb","itemListElement":[{"@type":"ListItem","position":1,"name":"Accueil","item":"https:\/\/planetemascottes.mycoqpit.fr\/es\/"},{"@type":"ListItem","position":2,"name":"Tienda","item":"https:\/\/planetemascottes.mycoqpit.fr\/boutique\/"},{"@type":"ListItem","position":3,"name":"Disfraz de mascota de Napole\u00f3n"}]},{"@type":"WebSite","@id":"https:\/\/planetemascottes.mycoqpit.fr\/es\/#website","url":"https:\/\/planetemascottes.mycoqpit.fr\/es\/","name":"Plan\u00e8te Mascottes","description":"","publisher":{"@id":"https:\/\/planetemascottes.mycoqpit.fr\/es\/#organization"},"potentialAction":[{"@type":"SearchAction","target":{"@type":"EntryPoint","urlTemplate":"https:\/\/planetemascottes.mycoqpit.fr\/es\/?s={search_term_string}"},"query-input":{"@type":"PropertyValueSpecification","valueRequired":true,"valueName":"search_term_string"}}],"inLanguage":"es"},{"@type":"Organization","@id":"https:\/\/planetemascottes.mycoqpit.fr\/es\/#organization","name":"Plan\u00e8te Mascottes","url":"https:\/\/planetemascottes.mycoqpit.fr\/es\/","logo":{"@type":"ImageObject","inLanguage":"es","@id":"https:\/\/planetemascottes.mycoqpit.fr\/es\/#\/schema\/logo\/image\/","url":"https:\/\/planetemascottes.mycoqpit.fr\/wp-content\/uploads\/2024\/12\/planete-mascottes-logo.svg","contentUrl":"https:\/\/planetemascottes.mycoqpit.fr\/wp-content\/uploads\/2024\/12\/planete-mascottes-logo.svg","caption":"Plan\u00e8te Mascottes"},"image":{"@id":"https:\/\/planetemascottes.mycoqpit.fr\/es\/#\/schema\/logo\/image\/"}}]}},"_links":{"self":[{"href":"https:\/\/planetemascottes.mycoqpit.fr\/es\/wp-json\/wp\/v2\/product\/8163","targetHints":{"allow":["GET"]}}],"collection":[{"href":"https:\/\/planetemascottes.mycoqpit.fr\/es\/wp-json\/wp\/v2\/product"}],"about":[{"href":"https:\/\/planetemascottes.mycoqpit.fr\/es\/wp-json\/wp\/v2\/types\/product"}],"replies":[{"embeddable":true,"href":"https:\/\/planetemascottes.mycoqpit.fr\/es\/wp-json\/wp\/v2\/comments?post=8163"}],"wp:featuredmedia":[{"embeddable":true,"href":"https:\/\/planetemascottes.mycoqpit.fr\/es\/wp-json\/wp\/v2\/media\/8164"}],"wp:attachment":[{"href":"https:\/\/planetemascottes.mycoqpit.fr\/es\/wp-json\/wp\/v2\/media?parent=8163"}],"wp:term":[{"taxonomy":"product_brand","embeddable":true,"href":"https:\/\/planetemascottes.mycoqpit.fr\/es\/wp-json\/wp\/v2\/product_brand?post=8163"},{"taxonomy":"product_cat","embeddable":true,"href":"https:\/\/planetemascottes.mycoqpit.fr\/es\/wp-json\/wp\/v2\/product_cat?post=8163"},{"taxonomy":"product_tag","embeddable":true,"href":"https:\/\/planetemascottes.mycoqpit.fr\/es\/wp-json\/wp\/v2\/product_tag?post=8163"}],"curies":[{"name":"wp","href":"https:\/\/api.w.org\/{rel}","templated":true}]}}