{"id":8059,"date":"2025-01-13T10:22:05","date_gmt":"2025-01-13T09:22:05","guid":{"rendered":"https:\/\/planetemascottes.mycoqpit.fr\/produit\/mascota-lobo\/"},"modified":"2025-01-13T10:22:05","modified_gmt":"2025-01-13T09:22:05","slug":"mascota-lobo","status":"publish","type":"product","link":"https:\/\/planetemascottes.mycoqpit.fr\/es\/produit\/mascota-lobo\/","title":{"rendered":"Mascota lobo"},"content":{"rendered":"<p>El <b>peluche<\/b> lobo gigante parece ser la mascota ideal para todos tus eventos con animales. Como animal de manada, adora a todos los animales y disfruta especialmente divirti\u00e9ndose con sus amigos osos mascota. <\/p>\n<p class=\"MsoNormal\" style=\"text-align: justify;\">Pero no la asocies con el disfraz de Conejo: a pesar de su inmensa bondad, la naturaleza depredadora del lobo puede resurgir. Pero no te preocupes, nunca ha hecho da\u00f1o a nadie. Al contrario, la <b>mascota<\/b> Loba pide a gritos atenci\u00f3n, abrazos y mimos en abundancia, y gracias a este <b>disfraz<\/b> de Loba ser\u00e1 f\u00e1cil recibirlos e incluso devolverlos.  <\/p>\n<p class=\"MsoNormal\" style=\"text-align: justify;\">La fascinaci\u00f3n por los lobos es legendaria, as\u00ed que \u00bfqu\u00e9 mejor manera de saber m\u00e1s sobre ellos que con este peluche gigante?<\/p>\n<p>Este  <b>disfraz<\/b>  puede utilizarse tanto en interiores como en exteriores.<\/p>\n<p>Este <b>disfraz<\/b> de lobo se puede personalizar seg\u00fan tus colores: bordado, colores, tejido, etc. Encuentra todas nuestras <b>mascotas<\/b> <a href=\"https:\/\/planetemascottes.mycoqpit.fr\/categorie-produit\/nos-mascottes\/animaux-de-la-foret\">del bosque<\/a> en el sitio web.  Nuestros disfraces de mascota son adecuados para un uso intensivo con el p\u00fablico en general con total seguridad.<\/p>\n<p><!-- [if gte mso 9]&gt;--><\/p>\n<p><!-- [if gte mso 9]&gt;--><\/p>\n","protected":false},"excerpt":{"rendered":"<p class=\"MsoNormal\" style=\"text-align: justify;\"><b>Disfr\u00e1zate<\/b> para tus eventos y espect\u00e1culos.<\/p>\n<p class=\"MsoNormal\" style=\"text-align: justify; line-height: 106%;\"><b>Mascota<\/b> profesional fabricada en Francia que cumple <b>las normas CE y REACH. <\/b>Nuestras <b>mascotas<\/b> son adecuadas para un uso intensivo con el p\u00fablico en general con total seguridad.<\/p>\n<p class=\"MsoNormal\" style=\"text-align: justify;\"><b>Mascota<\/b> adulta disponible en talla \u00fanica (1,6 m &#8211; 1,9 m). El <b>disfraz<\/b> de Gato se compone de piezas separadas y flexibles que se pueden lavar a mano o en la lavadora. <\/p>\n<p class=\"MsoNormal\" style=\"text-align: justify;\">Elementos incluidos: traje, cabeza, zapatos, guantes.<\/p>\n<p>M\u00e1s informaci\u00f3n sobre consejos de mantenimiento en  <a href=\"https:\/\/planetemascottes.mycoqpit.fr\/mascottes-sur-mesure\">preguntas frecuentes<\/a>.<\/p>\n<p><!-- [if gte mso 9]&gt;--><\/p>\n<p><!-- [if gte mso 9]&gt;--><\/p>\n<p>Normal<br \/>\n0<\/p>\n<p>21<\/p>\n<p>falso<br \/>\nfalso<br \/>\nfalso<\/p>\n<p>ES<br \/>\nX-NINGUNA<br \/>\nX-NINGUNA<\/p>\n<p><!-- [if gte mso 9]&gt;--><\/p>\n<p><!-- [if gte mso 10]&gt;--><\/p>\n<p>\/* Definiciones de estilo *\/<br \/>\ntabla.MsoNormalTabla<br \/>\n{mso-style-name: \u00abTableau Normal\u00bb;<br \/>\nmso-tstyle-rowband-size:0;<br \/>\nmso-tstyle-colband-size:0;<br \/>\nmso-style-noshow:s\u00ed;<br \/>\nmso-style-priority:99;<br \/>\nmso-style-parent:\u00bb\u00bb;<br \/>\nmso-padding-alt:0cm 5.4pt 0cm 5.4pt;<br \/>\nmso-para-margin-top:0cm;<br \/>\nmso-para-margin-right:0cm;<br \/>\nmso-para-margin-bottom:8.0pt;<br \/>\nmso-para-margin-left:0cm;<br \/>\naltura de l\u00ednea:107%;<br \/>\nmso-pagination:widow-orphan;<br \/>\nfont-size:11.0pt;<br \/>\nfont-family: \u00abCalibri\u00bb,sans-serif;<br \/>\nmso-ascii-font-family:Calibri;<br \/>\nmso-ascii-theme-font:minor-latin;<br \/>\nmso-hansi-font-family:Calibri;<br \/>\nmso-hansi-theme-font:minor-latin;<br \/>\nmso-bidi-font-family: \u00abTimes New Roman\u00bb;<br \/>\nmso-bidi-theme-font:minor-bidi;<br \/>\nmso-fareast-language:EN-US;}<\/p>\n<p><!-- [if gte mso 9]&gt;--><\/p>\n<p><!-- [if gte mso 9]&gt;--><\/p>\n<p>Normal<br \/>\n0<\/p>\n<p>21<\/p>\n<p>falso<br \/>\nfalso<br \/>\nfalso<\/p>\n<p>ES<br \/>\nX-NINGUNA<br \/>\nX-NINGUNA<\/p>\n","protected":false},"featured_media":8060,"comment_status":"closed","ping_status":"closed","template":"","meta":{"_acf_changed":false},"product_brand":[],"product_cat":[110,90],"product_tag":[],"class_list":{"0":"post-8059","1":"product","2":"type-product","3":"status-publish","4":"has-post-thumbnail","6":"product_cat-animales-del-bosque","7":"product_cat-nuestras-mascotas","9":"first","10":"instock","11":"taxable","12":"shipping-taxable","13":"purchasable","14":"product-type-simple"},"acf":[],"yoast_head":"<!-- This site is optimized with the Yoast SEO plugin v24.6 - https:\/\/yoast.com\/wordpress\/plugins\/seo\/ -->\n<title>Mascota lobo y mascotas a medida - Plan\u00e8te Mascottes<\/title>\n<meta name=\"description\" content=\"Plan\u00e8te Mascottes ofrece disfraces de mascota profesionales de la m\u00e1xima calidad, fabricados en Francia y que cumplen las normas CE y REACH.\" \/>\n<meta name=\"robots\" content=\"index, follow, max-snippet:-1, max-image-preview:large, max-video-preview:-1\" \/>\n<link rel=\"canonical\" href=\"https:\/\/planetemascottes.mycoqpit.fr\/es\/produit\/mascota-lobo\/\" \/>\n<meta property=\"og:locale\" content=\"es_ES\" \/>\n<meta property=\"og:type\" content=\"article\" \/>\n<meta property=\"og:title\" content=\"Mascota lobo y mascotas a medida - Plan\u00e8te Mascottes\" \/>\n<meta property=\"og:description\" content=\"Plan\u00e8te Mascottes ofrece disfraces de mascota profesionales de la m\u00e1xima calidad, fabricados en Francia y que cumplen las normas CE y REACH.\" \/>\n<meta property=\"og:url\" content=\"https:\/\/planetemascottes.mycoqpit.fr\/es\/produit\/mascota-lobo\/\" \/>\n<meta property=\"og:site_name\" content=\"Plan\u00e8te Mascottes\" \/>\n<meta property=\"og:image\" content=\"https:\/\/planetemascottes.mycoqpit.fr\/wp-content\/uploads\/2025\/01\/mascotte-de-loup-1734.webp\" \/>\n\t<meta property=\"og:image:width\" content=\"800\" \/>\n\t<meta property=\"og:image:height\" content=\"1040\" \/>\n\t<meta property=\"og:image:type\" content=\"image\/png\" \/>\n<meta name=\"twitter:card\" content=\"summary_large_image\" \/>\n<meta name=\"twitter:label1\" content=\"Tiempo de lectura\" \/>\n\t<meta name=\"twitter:data1\" content=\"1 minuto\" \/>\n<script type=\"application\/ld+json\" class=\"yoast-schema-graph\">{\"@context\":\"https:\/\/schema.org\",\"@graph\":[{\"@type\":\"WebPage\",\"@id\":\"https:\/\/planetemascottes.mycoqpit.fr\/es\/produit\/mascota-lobo\/\",\"url\":\"https:\/\/planetemascottes.mycoqpit.fr\/es\/produit\/mascota-lobo\/\",\"name\":\"Mascota lobo y mascotas a medida - Plan\u00e8te Mascottes\",\"isPartOf\":{\"@id\":\"https:\/\/planetemascottes.mycoqpit.fr\/es\/#website\"},\"primaryImageOfPage\":{\"@id\":\"https:\/\/planetemascottes.mycoqpit.fr\/es\/produit\/mascota-lobo\/#primaryimage\"},\"image\":{\"@id\":\"https:\/\/planetemascottes.mycoqpit.fr\/es\/produit\/mascota-lobo\/#primaryimage\"},\"thumbnailUrl\":\"https:\/\/planetemascottes.mycoqpit.fr\/wp-content\/uploads\/2025\/01\/mascotte-de-loup-1734.webp\",\"datePublished\":\"2025-01-13T09:22:05+00:00\",\"description\":\"Plan\u00e8te Mascottes ofrece disfraces de mascota profesionales de la m\u00e1xima calidad, fabricados en Francia y que cumplen las normas CE y REACH.\",\"breadcrumb\":{\"@id\":\"https:\/\/planetemascottes.mycoqpit.fr\/es\/produit\/mascota-lobo\/#breadcrumb\"},\"inLanguage\":\"es\",\"potentialAction\":[{\"@type\":\"ReadAction\",\"target\":[\"https:\/\/planetemascottes.mycoqpit.fr\/es\/produit\/mascota-lobo\/\"]}]},{\"@type\":\"ImageObject\",\"inLanguage\":\"es\",\"@id\":\"https:\/\/planetemascottes.mycoqpit.fr\/es\/produit\/mascota-lobo\/#primaryimage\",\"url\":\"https:\/\/planetemascottes.mycoqpit.fr\/wp-content\/uploads\/2025\/01\/mascotte-de-loup-1734.webp\",\"contentUrl\":\"https:\/\/planetemascottes.mycoqpit.fr\/wp-content\/uploads\/2025\/01\/mascotte-de-loup-1734.webp\",\"width\":800,\"height\":1040},{\"@type\":\"BreadcrumbList\",\"@id\":\"https:\/\/planetemascottes.mycoqpit.fr\/es\/produit\/mascota-lobo\/#breadcrumb\",\"itemListElement\":[{\"@type\":\"ListItem\",\"position\":1,\"name\":\"Accueil\",\"item\":\"https:\/\/planetemascottes.mycoqpit.fr\/es\/\"},{\"@type\":\"ListItem\",\"position\":2,\"name\":\"Tienda\",\"item\":\"https:\/\/planetemascottes.mycoqpit.fr\/boutique\/\"},{\"@type\":\"ListItem\",\"position\":3,\"name\":\"Mascota lobo\"}]},{\"@type\":\"WebSite\",\"@id\":\"https:\/\/planetemascottes.mycoqpit.fr\/es\/#website\",\"url\":\"https:\/\/planetemascottes.mycoqpit.fr\/es\/\",\"name\":\"Plan\u00e8te Mascottes\",\"description\":\"\",\"publisher\":{\"@id\":\"https:\/\/planetemascottes.mycoqpit.fr\/es\/#organization\"},\"potentialAction\":[{\"@type\":\"SearchAction\",\"target\":{\"@type\":\"EntryPoint\",\"urlTemplate\":\"https:\/\/planetemascottes.mycoqpit.fr\/es\/?s={search_term_string}\"},\"query-input\":{\"@type\":\"PropertyValueSpecification\",\"valueRequired\":true,\"valueName\":\"search_term_string\"}}],\"inLanguage\":\"es\"},{\"@type\":\"Organization\",\"@id\":\"https:\/\/planetemascottes.mycoqpit.fr\/es\/#organization\",\"name\":\"Plan\u00e8te Mascottes\",\"url\":\"https:\/\/planetemascottes.mycoqpit.fr\/es\/\",\"logo\":{\"@type\":\"ImageObject\",\"inLanguage\":\"es\",\"@id\":\"https:\/\/planetemascottes.mycoqpit.fr\/es\/#\/schema\/logo\/image\/\",\"url\":\"https:\/\/planetemascottes.mycoqpit.fr\/wp-content\/uploads\/2024\/12\/planete-mascottes-logo.svg\",\"contentUrl\":\"https:\/\/planetemascottes.mycoqpit.fr\/wp-content\/uploads\/2024\/12\/planete-mascottes-logo.svg\",\"caption\":\"Plan\u00e8te Mascottes\"},\"image\":{\"@id\":\"https:\/\/planetemascottes.mycoqpit.fr\/es\/#\/schema\/logo\/image\/\"}}]}<\/script>\n<!-- \/ Yoast SEO plugin. -->","yoast_head_json":{"title":"Mascota lobo y mascotas a medida - Plan\u00e8te Mascottes","description":"Plan\u00e8te Mascottes ofrece disfraces de mascota profesionales de la m\u00e1xima calidad, fabricados en Francia y que cumplen las normas CE y REACH.","robots":{"index":"index","follow":"follow","max-snippet":"max-snippet:-1","max-image-preview":"max-image-preview:large","max-video-preview":"max-video-preview:-1"},"canonical":"https:\/\/planetemascottes.mycoqpit.fr\/es\/produit\/mascota-lobo\/","og_locale":"es_ES","og_type":"article","og_title":"Mascota lobo y mascotas a medida - Plan\u00e8te Mascottes","og_description":"Plan\u00e8te Mascottes ofrece disfraces de mascota profesionales de la m\u00e1xima calidad, fabricados en Francia y que cumplen las normas CE y REACH.","og_url":"https:\/\/planetemascottes.mycoqpit.fr\/es\/produit\/mascota-lobo\/","og_site_name":"Plan\u00e8te Mascottes","og_image":[{"width":800,"height":1040,"url":"https:\/\/planetemascottes.mycoqpit.fr\/wp-content\/uploads\/2025\/01\/mascotte-de-loup-1734.webp","type":"image\/png"}],"twitter_card":"summary_large_image","twitter_misc":{"Tiempo de lectura":"1 minuto"},"schema":{"@context":"https:\/\/schema.org","@graph":[{"@type":"WebPage","@id":"https:\/\/planetemascottes.mycoqpit.fr\/es\/produit\/mascota-lobo\/","url":"https:\/\/planetemascottes.mycoqpit.fr\/es\/produit\/mascota-lobo\/","name":"Mascota lobo y mascotas a medida - Plan\u00e8te Mascottes","isPartOf":{"@id":"https:\/\/planetemascottes.mycoqpit.fr\/es\/#website"},"primaryImageOfPage":{"@id":"https:\/\/planetemascottes.mycoqpit.fr\/es\/produit\/mascota-lobo\/#primaryimage"},"image":{"@id":"https:\/\/planetemascottes.mycoqpit.fr\/es\/produit\/mascota-lobo\/#primaryimage"},"thumbnailUrl":"https:\/\/planetemascottes.mycoqpit.fr\/wp-content\/uploads\/2025\/01\/mascotte-de-loup-1734.webp","datePublished":"2025-01-13T09:22:05+00:00","description":"Plan\u00e8te Mascottes ofrece disfraces de mascota profesionales de la m\u00e1xima calidad, fabricados en Francia y que cumplen las normas CE y REACH.","breadcrumb":{"@id":"https:\/\/planetemascottes.mycoqpit.fr\/es\/produit\/mascota-lobo\/#breadcrumb"},"inLanguage":"es","potentialAction":[{"@type":"ReadAction","target":["https:\/\/planetemascottes.mycoqpit.fr\/es\/produit\/mascota-lobo\/"]}]},{"@type":"ImageObject","inLanguage":"es","@id":"https:\/\/planetemascottes.mycoqpit.fr\/es\/produit\/mascota-lobo\/#primaryimage","url":"https:\/\/planetemascottes.mycoqpit.fr\/wp-content\/uploads\/2025\/01\/mascotte-de-loup-1734.webp","contentUrl":"https:\/\/planetemascottes.mycoqpit.fr\/wp-content\/uploads\/2025\/01\/mascotte-de-loup-1734.webp","width":800,"height":1040},{"@type":"BreadcrumbList","@id":"https:\/\/planetemascottes.mycoqpit.fr\/es\/produit\/mascota-lobo\/#breadcrumb","itemListElement":[{"@type":"ListItem","position":1,"name":"Accueil","item":"https:\/\/planetemascottes.mycoqpit.fr\/es\/"},{"@type":"ListItem","position":2,"name":"Tienda","item":"https:\/\/planetemascottes.mycoqpit.fr\/boutique\/"},{"@type":"ListItem","position":3,"name":"Mascota lobo"}]},{"@type":"WebSite","@id":"https:\/\/planetemascottes.mycoqpit.fr\/es\/#website","url":"https:\/\/planetemascottes.mycoqpit.fr\/es\/","name":"Plan\u00e8te Mascottes","description":"","publisher":{"@id":"https:\/\/planetemascottes.mycoqpit.fr\/es\/#organization"},"potentialAction":[{"@type":"SearchAction","target":{"@type":"EntryPoint","urlTemplate":"https:\/\/planetemascottes.mycoqpit.fr\/es\/?s={search_term_string}"},"query-input":{"@type":"PropertyValueSpecification","valueRequired":true,"valueName":"search_term_string"}}],"inLanguage":"es"},{"@type":"Organization","@id":"https:\/\/planetemascottes.mycoqpit.fr\/es\/#organization","name":"Plan\u00e8te Mascottes","url":"https:\/\/planetemascottes.mycoqpit.fr\/es\/","logo":{"@type":"ImageObject","inLanguage":"es","@id":"https:\/\/planetemascottes.mycoqpit.fr\/es\/#\/schema\/logo\/image\/","url":"https:\/\/planetemascottes.mycoqpit.fr\/wp-content\/uploads\/2024\/12\/planete-mascottes-logo.svg","contentUrl":"https:\/\/planetemascottes.mycoqpit.fr\/wp-content\/uploads\/2024\/12\/planete-mascottes-logo.svg","caption":"Plan\u00e8te Mascottes"},"image":{"@id":"https:\/\/planetemascottes.mycoqpit.fr\/es\/#\/schema\/logo\/image\/"}}]}},"_links":{"self":[{"href":"https:\/\/planetemascottes.mycoqpit.fr\/es\/wp-json\/wp\/v2\/product\/8059","targetHints":{"allow":["GET"]}}],"collection":[{"href":"https:\/\/planetemascottes.mycoqpit.fr\/es\/wp-json\/wp\/v2\/product"}],"about":[{"href":"https:\/\/planetemascottes.mycoqpit.fr\/es\/wp-json\/wp\/v2\/types\/product"}],"replies":[{"embeddable":true,"href":"https:\/\/planetemascottes.mycoqpit.fr\/es\/wp-json\/wp\/v2\/comments?post=8059"}],"wp:featuredmedia":[{"embeddable":true,"href":"https:\/\/planetemascottes.mycoqpit.fr\/es\/wp-json\/wp\/v2\/media\/8060"}],"wp:attachment":[{"href":"https:\/\/planetemascottes.mycoqpit.fr\/es\/wp-json\/wp\/v2\/media?parent=8059"}],"wp:term":[{"taxonomy":"product_brand","embeddable":true,"href":"https:\/\/planetemascottes.mycoqpit.fr\/es\/wp-json\/wp\/v2\/product_brand?post=8059"},{"taxonomy":"product_cat","embeddable":true,"href":"https:\/\/planetemascottes.mycoqpit.fr\/es\/wp-json\/wp\/v2\/product_cat?post=8059"},{"taxonomy":"product_tag","embeddable":true,"href":"https:\/\/planetemascottes.mycoqpit.fr\/es\/wp-json\/wp\/v2\/product_tag?post=8059"}],"curies":[{"name":"wp","href":"https:\/\/api.w.org\/{rel}","templated":true}]}}