{"id":7322,"date":"2025-01-23T14:59:43","date_gmt":"2025-01-23T13:59:43","guid":{"rendered":"https:\/\/planetemascottes.mycoqpit.fr\/produit\/disfraz-de-mascota-toro\/"},"modified":"2025-01-23T14:59:43","modified_gmt":"2025-01-23T13:59:43","slug":"disfraz-de-mascota-toro","status":"publish","type":"product","link":"https:\/\/planetemascottes.mycoqpit.fr\/es\/produit\/disfraz-de-mascota-toro\/","title":{"rendered":"Disfraz de mascota toro"},"content":{"rendered":"<p>\u00a1Aqu\u00ed tienes el <strong>disfraz de mascota toro<\/strong> m\u00e1s bonito!<\/p>\n<p>Soy el toro, crec\u00ed en los prados de las monta\u00f1as de Cantal, en Auvernia, y no me ando con chiquitas, \u00a1protejo a mi reba\u00f1o de vacas mascota!<\/p>\n<p>Con un disfraz de toro mascota profesional, anima todos tus <strong>eventos<\/strong> y fiestas.<\/p>\n<p><strong>F\u00e1cil de cuidar<\/strong> y <strong>lavable<\/strong> a 30\u00b0C, el disfraz de mascota toro puede ser utilizado por personas de 1m60 a 1m90.<\/p>\n<p><em>\u00a1\u00a1\u00a1\u00a1NO TE INTERPONGAS EN EL CAMINO DE ESTA MASCOTA&nbsp;!!!! \u00a1\u00a1\u00a1\u00a1\u00a1\u00a1\u00a1\u00a1\u00a1DESCARGAR&nbsp;!!!!!!!!!<\/em><\/p>\n<p>Nuestros disfraces de mascota son adecuados para un uso <strong>intensivo<\/strong> con el p\u00fablico en general con total <strong>seguridad<\/strong>.<\/p>\n<p>Este disfraz se puede <strong>personalizar<\/strong> con tus <strong>colores<\/strong>: bordado, colores de la tela. Encuentra todas nuestras mascotas<a href=\"https:\/\/planetemascottes.mycoqpit.fr\/categorie-produit\/nos-mascottes\/animaux-sauvages\">de animales salvajes<\/a> en el sitio. <\/p>\n<p>Disfraz de mascota disponible en <strong>talla \u00fanica<\/strong> (1,6 m &#8211; 1,9 m). El disfraz de toro se compone de piezas separadas <strong>lavables a m\u00e1quina<\/strong>.<\/p>\n","protected":false},"excerpt":{"rendered":"<p><strong>Disfraz de mascota toro<\/strong>.<\/p>\n<p><strong>Disfraces<\/strong> y <strong>disfraces<\/strong> para todos tus eventos comerciales.<\/p>\n<p><strong>Toro mascota.<\/strong><\/p>\n<p>Disfraz de mascota toro, ideal para un evento o espect\u00e1culo torero.<\/p>\n<p>Mascota profesional fabricada en Francia que cumple <strong>las normas CE <\/strong>y<strong> REACH<\/strong>.<\/p>\n<p>Nuestros disfraces de mascota son adecuados para un uso intensivo con el p\u00fablico en general con total seguridad.<\/p>\n<p>Este traje se puede lavar a mano o a m\u00e1quina a 30\u00b0.<\/p>\n<p>Elementos incluidos: traje, cabeza, guantes y zapatos.<\/p>\n<p>Para cuidar mejor a tu mascota, consulta nuestras <a href=\"https:\/\/planetemascottes.mycoqpit.fr\/mascottes-sur-mesure\">preguntas frecuentes.<\/a><\/p>\n","protected":false},"featured_media":7323,"comment_status":"closed","ping_status":"closed","template":"","meta":{"_acf_changed":false},"product_brand":[],"product_cat":[91,90],"product_tag":[],"class_list":{"0":"post-7322","1":"product","2":"type-product","3":"status-publish","4":"has-post-thumbnail","6":"product_cat-animales-salvajes","7":"product_cat-nuestras-mascotas","9":"first","10":"instock","11":"taxable","12":"shipping-taxable","13":"purchasable","14":"product-type-simple"},"acf":[],"yoast_head":"<!-- This site is optimized with the Yoast SEO plugin v24.6 - https:\/\/yoast.com\/wordpress\/plugins\/seo\/ -->\n<title>Disfraz de mascota toro y mascotas a medida - Plan\u00e8te Mascottes<\/title>\n<meta name=\"description\" content=\"Plan\u00e8te Mascottes ofrece disfraces de mascota profesionales de la m\u00e1xima calidad, fabricados en Francia y que cumplen las normas CE y REACH.\" \/>\n<meta name=\"robots\" content=\"index, follow, max-snippet:-1, max-image-preview:large, max-video-preview:-1\" \/>\n<link rel=\"canonical\" href=\"https:\/\/planetemascottes.mycoqpit.fr\/es\/produit\/disfraz-de-mascota-toro\/\" \/>\n<meta property=\"og:locale\" content=\"es_ES\" \/>\n<meta property=\"og:type\" content=\"article\" \/>\n<meta property=\"og:title\" content=\"Disfraz de mascota toro y mascotas a medida - Plan\u00e8te Mascottes\" \/>\n<meta property=\"og:description\" content=\"Plan\u00e8te Mascottes ofrece disfraces de mascota profesionales de la m\u00e1xima calidad, fabricados en Francia y que cumplen las normas CE y REACH.\" \/>\n<meta property=\"og:url\" content=\"https:\/\/planetemascottes.mycoqpit.fr\/es\/produit\/disfraz-de-mascota-toro\/\" \/>\n<meta property=\"og:site_name\" content=\"Plan\u00e8te Mascottes\" \/>\n<meta property=\"og:image\" content=\"https:\/\/planetemascottes.mycoqpit.fr\/wp-content\/uploads\/2025\/01\/art-deguisement-mascotte-taureau-167.webp\" \/>\n\t<meta property=\"og:image:width\" content=\"800\" \/>\n\t<meta property=\"og:image:height\" content=\"800\" \/>\n\t<meta property=\"og:image:type\" content=\"image\/jpeg\" \/>\n<meta name=\"twitter:card\" content=\"summary_large_image\" \/>\n<meta name=\"twitter:label1\" content=\"Tiempo de lectura\" \/>\n\t<meta name=\"twitter:data1\" content=\"1 minuto\" \/>\n<script type=\"application\/ld+json\" class=\"yoast-schema-graph\">{\"@context\":\"https:\/\/schema.org\",\"@graph\":[{\"@type\":\"WebPage\",\"@id\":\"https:\/\/planetemascottes.mycoqpit.fr\/es\/produit\/disfraz-de-mascota-toro\/\",\"url\":\"https:\/\/planetemascottes.mycoqpit.fr\/es\/produit\/disfraz-de-mascota-toro\/\",\"name\":\"Disfraz de mascota toro y mascotas a medida - Plan\u00e8te Mascottes\",\"isPartOf\":{\"@id\":\"https:\/\/planetemascottes.mycoqpit.fr\/es\/#website\"},\"primaryImageOfPage\":{\"@id\":\"https:\/\/planetemascottes.mycoqpit.fr\/es\/produit\/disfraz-de-mascota-toro\/#primaryimage\"},\"image\":{\"@id\":\"https:\/\/planetemascottes.mycoqpit.fr\/es\/produit\/disfraz-de-mascota-toro\/#primaryimage\"},\"thumbnailUrl\":\"https:\/\/planetemascottes.mycoqpit.fr\/wp-content\/uploads\/2025\/01\/art-deguisement-mascotte-taureau-167.webp\",\"datePublished\":\"2025-01-23T13:59:43+00:00\",\"description\":\"Plan\u00e8te Mascottes ofrece disfraces de mascota profesionales de la m\u00e1xima calidad, fabricados en Francia y que cumplen las normas CE y REACH.\",\"breadcrumb\":{\"@id\":\"https:\/\/planetemascottes.mycoqpit.fr\/es\/produit\/disfraz-de-mascota-toro\/#breadcrumb\"},\"inLanguage\":\"es\",\"potentialAction\":[{\"@type\":\"ReadAction\",\"target\":[\"https:\/\/planetemascottes.mycoqpit.fr\/es\/produit\/disfraz-de-mascota-toro\/\"]}]},{\"@type\":\"ImageObject\",\"inLanguage\":\"es\",\"@id\":\"https:\/\/planetemascottes.mycoqpit.fr\/es\/produit\/disfraz-de-mascota-toro\/#primaryimage\",\"url\":\"https:\/\/planetemascottes.mycoqpit.fr\/wp-content\/uploads\/2025\/01\/art-deguisement-mascotte-taureau-167.webp\",\"contentUrl\":\"https:\/\/planetemascottes.mycoqpit.fr\/wp-content\/uploads\/2025\/01\/art-deguisement-mascotte-taureau-167.webp\",\"width\":800,\"height\":800},{\"@type\":\"BreadcrumbList\",\"@id\":\"https:\/\/planetemascottes.mycoqpit.fr\/es\/produit\/disfraz-de-mascota-toro\/#breadcrumb\",\"itemListElement\":[{\"@type\":\"ListItem\",\"position\":1,\"name\":\"Accueil\",\"item\":\"https:\/\/planetemascottes.mycoqpit.fr\/es\/\"},{\"@type\":\"ListItem\",\"position\":2,\"name\":\"Tienda\",\"item\":\"https:\/\/planetemascottes.mycoqpit.fr\/boutique\/\"},{\"@type\":\"ListItem\",\"position\":3,\"name\":\"Disfraz de mascota toro\"}]},{\"@type\":\"WebSite\",\"@id\":\"https:\/\/planetemascottes.mycoqpit.fr\/es\/#website\",\"url\":\"https:\/\/planetemascottes.mycoqpit.fr\/es\/\",\"name\":\"Plan\u00e8te Mascottes\",\"description\":\"\",\"publisher\":{\"@id\":\"https:\/\/planetemascottes.mycoqpit.fr\/es\/#organization\"},\"potentialAction\":[{\"@type\":\"SearchAction\",\"target\":{\"@type\":\"EntryPoint\",\"urlTemplate\":\"https:\/\/planetemascottes.mycoqpit.fr\/es\/?s={search_term_string}\"},\"query-input\":{\"@type\":\"PropertyValueSpecification\",\"valueRequired\":true,\"valueName\":\"search_term_string\"}}],\"inLanguage\":\"es\"},{\"@type\":\"Organization\",\"@id\":\"https:\/\/planetemascottes.mycoqpit.fr\/es\/#organization\",\"name\":\"Plan\u00e8te Mascottes\",\"url\":\"https:\/\/planetemascottes.mycoqpit.fr\/es\/\",\"logo\":{\"@type\":\"ImageObject\",\"inLanguage\":\"es\",\"@id\":\"https:\/\/planetemascottes.mycoqpit.fr\/es\/#\/schema\/logo\/image\/\",\"url\":\"https:\/\/planetemascottes.mycoqpit.fr\/wp-content\/uploads\/2024\/12\/planete-mascottes-logo.svg\",\"contentUrl\":\"https:\/\/planetemascottes.mycoqpit.fr\/wp-content\/uploads\/2024\/12\/planete-mascottes-logo.svg\",\"caption\":\"Plan\u00e8te Mascottes\"},\"image\":{\"@id\":\"https:\/\/planetemascottes.mycoqpit.fr\/es\/#\/schema\/logo\/image\/\"}}]}<\/script>\n<!-- \/ Yoast SEO plugin. -->","yoast_head_json":{"title":"Disfraz de mascota toro y mascotas a medida - Plan\u00e8te Mascottes","description":"Plan\u00e8te Mascottes ofrece disfraces de mascota profesionales de la m\u00e1xima calidad, fabricados en Francia y que cumplen las normas CE y REACH.","robots":{"index":"index","follow":"follow","max-snippet":"max-snippet:-1","max-image-preview":"max-image-preview:large","max-video-preview":"max-video-preview:-1"},"canonical":"https:\/\/planetemascottes.mycoqpit.fr\/es\/produit\/disfraz-de-mascota-toro\/","og_locale":"es_ES","og_type":"article","og_title":"Disfraz de mascota toro y mascotas a medida - Plan\u00e8te Mascottes","og_description":"Plan\u00e8te Mascottes ofrece disfraces de mascota profesionales de la m\u00e1xima calidad, fabricados en Francia y que cumplen las normas CE y REACH.","og_url":"https:\/\/planetemascottes.mycoqpit.fr\/es\/produit\/disfraz-de-mascota-toro\/","og_site_name":"Plan\u00e8te Mascottes","og_image":[{"width":800,"height":800,"url":"https:\/\/planetemascottes.mycoqpit.fr\/wp-content\/uploads\/2025\/01\/art-deguisement-mascotte-taureau-167.webp","type":"image\/jpeg"}],"twitter_card":"summary_large_image","twitter_misc":{"Tiempo de lectura":"1 minuto"},"schema":{"@context":"https:\/\/schema.org","@graph":[{"@type":"WebPage","@id":"https:\/\/planetemascottes.mycoqpit.fr\/es\/produit\/disfraz-de-mascota-toro\/","url":"https:\/\/planetemascottes.mycoqpit.fr\/es\/produit\/disfraz-de-mascota-toro\/","name":"Disfraz de mascota toro y mascotas a medida - Plan\u00e8te Mascottes","isPartOf":{"@id":"https:\/\/planetemascottes.mycoqpit.fr\/es\/#website"},"primaryImageOfPage":{"@id":"https:\/\/planetemascottes.mycoqpit.fr\/es\/produit\/disfraz-de-mascota-toro\/#primaryimage"},"image":{"@id":"https:\/\/planetemascottes.mycoqpit.fr\/es\/produit\/disfraz-de-mascota-toro\/#primaryimage"},"thumbnailUrl":"https:\/\/planetemascottes.mycoqpit.fr\/wp-content\/uploads\/2025\/01\/art-deguisement-mascotte-taureau-167.webp","datePublished":"2025-01-23T13:59:43+00:00","description":"Plan\u00e8te Mascottes ofrece disfraces de mascota profesionales de la m\u00e1xima calidad, fabricados en Francia y que cumplen las normas CE y REACH.","breadcrumb":{"@id":"https:\/\/planetemascottes.mycoqpit.fr\/es\/produit\/disfraz-de-mascota-toro\/#breadcrumb"},"inLanguage":"es","potentialAction":[{"@type":"ReadAction","target":["https:\/\/planetemascottes.mycoqpit.fr\/es\/produit\/disfraz-de-mascota-toro\/"]}]},{"@type":"ImageObject","inLanguage":"es","@id":"https:\/\/planetemascottes.mycoqpit.fr\/es\/produit\/disfraz-de-mascota-toro\/#primaryimage","url":"https:\/\/planetemascottes.mycoqpit.fr\/wp-content\/uploads\/2025\/01\/art-deguisement-mascotte-taureau-167.webp","contentUrl":"https:\/\/planetemascottes.mycoqpit.fr\/wp-content\/uploads\/2025\/01\/art-deguisement-mascotte-taureau-167.webp","width":800,"height":800},{"@type":"BreadcrumbList","@id":"https:\/\/planetemascottes.mycoqpit.fr\/es\/produit\/disfraz-de-mascota-toro\/#breadcrumb","itemListElement":[{"@type":"ListItem","position":1,"name":"Accueil","item":"https:\/\/planetemascottes.mycoqpit.fr\/es\/"},{"@type":"ListItem","position":2,"name":"Tienda","item":"https:\/\/planetemascottes.mycoqpit.fr\/boutique\/"},{"@type":"ListItem","position":3,"name":"Disfraz de mascota toro"}]},{"@type":"WebSite","@id":"https:\/\/planetemascottes.mycoqpit.fr\/es\/#website","url":"https:\/\/planetemascottes.mycoqpit.fr\/es\/","name":"Plan\u00e8te Mascottes","description":"","publisher":{"@id":"https:\/\/planetemascottes.mycoqpit.fr\/es\/#organization"},"potentialAction":[{"@type":"SearchAction","target":{"@type":"EntryPoint","urlTemplate":"https:\/\/planetemascottes.mycoqpit.fr\/es\/?s={search_term_string}"},"query-input":{"@type":"PropertyValueSpecification","valueRequired":true,"valueName":"search_term_string"}}],"inLanguage":"es"},{"@type":"Organization","@id":"https:\/\/planetemascottes.mycoqpit.fr\/es\/#organization","name":"Plan\u00e8te Mascottes","url":"https:\/\/planetemascottes.mycoqpit.fr\/es\/","logo":{"@type":"ImageObject","inLanguage":"es","@id":"https:\/\/planetemascottes.mycoqpit.fr\/es\/#\/schema\/logo\/image\/","url":"https:\/\/planetemascottes.mycoqpit.fr\/wp-content\/uploads\/2024\/12\/planete-mascottes-logo.svg","contentUrl":"https:\/\/planetemascottes.mycoqpit.fr\/wp-content\/uploads\/2024\/12\/planete-mascottes-logo.svg","caption":"Plan\u00e8te Mascottes"},"image":{"@id":"https:\/\/planetemascottes.mycoqpit.fr\/es\/#\/schema\/logo\/image\/"}}]}},"_links":{"self":[{"href":"https:\/\/planetemascottes.mycoqpit.fr\/es\/wp-json\/wp\/v2\/product\/7322","targetHints":{"allow":["GET"]}}],"collection":[{"href":"https:\/\/planetemascottes.mycoqpit.fr\/es\/wp-json\/wp\/v2\/product"}],"about":[{"href":"https:\/\/planetemascottes.mycoqpit.fr\/es\/wp-json\/wp\/v2\/types\/product"}],"replies":[{"embeddable":true,"href":"https:\/\/planetemascottes.mycoqpit.fr\/es\/wp-json\/wp\/v2\/comments?post=7322"}],"wp:featuredmedia":[{"embeddable":true,"href":"https:\/\/planetemascottes.mycoqpit.fr\/es\/wp-json\/wp\/v2\/media\/7323"}],"wp:attachment":[{"href":"https:\/\/planetemascottes.mycoqpit.fr\/es\/wp-json\/wp\/v2\/media?parent=7322"}],"wp:term":[{"taxonomy":"product_brand","embeddable":true,"href":"https:\/\/planetemascottes.mycoqpit.fr\/es\/wp-json\/wp\/v2\/product_brand?post=7322"},{"taxonomy":"product_cat","embeddable":true,"href":"https:\/\/planetemascottes.mycoqpit.fr\/es\/wp-json\/wp\/v2\/product_cat?post=7322"},{"taxonomy":"product_tag","embeddable":true,"href":"https:\/\/planetemascottes.mycoqpit.fr\/es\/wp-json\/wp\/v2\/product_tag?post=7322"}],"curies":[{"name":"wp","href":"https:\/\/api.w.org\/{rel}","templated":true}]}}