{"id":10783,"date":"2025-01-13T09:21:46","date_gmt":"2025-01-13T08:21:46","guid":{"rendered":"https:\/\/planetemascottes.mycoqpit.fr\/produit\/disfraz-de-mascota-de-cerdo-casado\/"},"modified":"2025-01-13T09:21:46","modified_gmt":"2025-01-13T08:21:46","slug":"disfraz-de-mascota-de-cerdo-casado","status":"publish","type":"product","link":"https:\/\/planetemascottes.mycoqpit.fr\/es\/produit\/disfraz-de-mascota-de-cerdo-casado\/","title":{"rendered":"Disfraz de mascota de cerdo casado"},"content":{"rendered":"<p>\u00a1<strong>Monsieur y Madame Cochon a tu servicio<\/strong>!<\/p>\n<p>\u00a1Estamos encantados de presentarte al Sr. y la Sra. Cochon! Llevamos a\u00f1os juntos y hemos decidido celebrar nuestro amor con una boda <strong>espectacular<\/strong>. <\/p>\n<p>Para esta <strong>ocasi\u00f3n especial<\/strong>, nos pusimos nuestras mejores galas: un magn\u00edfico vestido para Madame y un elegante sombrero de copa y frac para Monsieur. <strong>No dejamos nada al azar <\/strong>en la elecci\u00f3n de nuestros trajes, \u00a1porque somos mascotas rom\u00e1nticas que no hacen las cosas a medias!<\/p>\n<p>Si optas por este disfraz para dos personas (se vende por separado), te garantizamos que causar\u00e1s sensaci\u00f3n entre tus amigos y familiares. Una boda de cerdos <strong>es original y divertida<\/strong>, \u00a1y promete muchas risas y buen humor! <\/p>\n<p>Adem\u00e1s, puedes personalizar este disfraz seg\u00fan tus preferencias: elecci\u00f3n de colores, bordado personalizado y mucho m\u00e1s. Encuentra todas nuestras mascotas<a href=\"https:\/\/planetemascottes.mycoqpit.fr\/categorie-produit\/nos-mascottes\/animaux-de-la-ferme\">de animales de granja<\/a> en nuestro sitio web, donde tambi\u00e9n podr\u00e1s descubrir otras creaciones tan divertidas como sorprendentes. <\/p>\n<p>Disponibles en una sola talla (1,6 m &#8211; 1,9 m), nuestros cerditos de disfraz de novio est\u00e1n fabricados con materiales suaves y lavables a m\u00e1quina para una comodidad \u00f3ptima. \u00a1No tardes en dar un toque de fantas\u00eda a tus eventos con nuestras adorables mascotas!<\/p>\n","protected":false},"excerpt":{"rendered":"<p><strong>Mascota porcina casada.<\/strong><\/p>\n<p><strong>Disfraz y disfraz de cerdo<\/strong> para todos tus eventos, profesionales, asociativos o privados.<\/p>\n<p>Disfraz de mascota profesional fabricado en Francia conforme a <strong>las normas CE <\/strong>y<strong> REACH<\/strong>.<\/p>\n<p>Elementos incluidos: traje, cabeza, guantes y zapatos.<\/p>\n<p>Estos disfraces se pueden lavar a mano y a m\u00e1quina a 30\u00b0. Para garantizar la <strong>durabilidad<\/strong> de tus mascotas, <strong>los cuidados<\/strong> son esenciales. Puedes encontrar todos los <strong>consejos<\/strong> de Plan\u00e8te Mascottes en nuestra p\u00e1gina <a href=\"https:\/\/planetemascottes.mycoqpit.fr\/mascottes-sur-mesure\">de preguntas frecuentes<\/a>.  <\/p>\n<p><small><strong>Ten en cuenta que nuestras mascotas Sr. y Sra. Cerdo se venden por separado, lo que te da libertad para elegir una o dos mascotas seg\u00fan tus necesidades.<\/strong><\/small><\/p>\n","protected":false},"featured_media":10784,"comment_status":"closed","ping_status":"closed","template":"","meta":{"_acf_changed":false},"product_brand":[],"product_cat":[125,109,90],"product_tag":[],"class_list":{"0":"post-10783","1":"product","2":"type-product","3":"status-publish","4":"has-post-thumbnail","6":"product_cat-animales-de-granja","7":"product_cat-celebraciones","8":"product_cat-nuestras-mascotas","10":"first","11":"instock","12":"taxable","13":"shipping-taxable","14":"purchasable","15":"product-type-simple"},"acf":[],"yoast_head":"<!-- This site is optimized with the Yoast SEO plugin v24.6 - https:\/\/yoast.com\/wordpress\/plugins\/seo\/ -->\n<title>Disfraz de mascota de cerdo casado y mascotas a medida - Plan\u00e8te Mascottes<\/title>\n<meta name=\"description\" content=\"Plan\u00e8te Mascottes ofrece disfraces de mascota profesionales de la m\u00e1xima calidad, fabricados en Francia y que cumplen las normas CE y REACH.\" \/>\n<meta name=\"robots\" content=\"index, follow, max-snippet:-1, max-image-preview:large, max-video-preview:-1\" \/>\n<link rel=\"canonical\" href=\"https:\/\/planetemascottes.mycoqpit.fr\/es\/produit\/disfraz-de-mascota-de-cerdo-casado\/\" \/>\n<meta property=\"og:locale\" content=\"es_ES\" \/>\n<meta property=\"og:type\" content=\"article\" \/>\n<meta property=\"og:title\" content=\"Disfraz de mascota de cerdo casado y mascotas a medida - Plan\u00e8te Mascottes\" \/>\n<meta property=\"og:description\" content=\"Plan\u00e8te Mascottes ofrece disfraces de mascota profesionales de la m\u00e1xima calidad, fabricados en Francia y que cumplen las normas CE y REACH.\" \/>\n<meta property=\"og:url\" content=\"https:\/\/planetemascottes.mycoqpit.fr\/es\/produit\/disfraz-de-mascota-de-cerdo-casado\/\" \/>\n<meta property=\"og:site_name\" content=\"Plan\u00e8te Mascottes\" \/>\n<meta property=\"og:image\" content=\"https:\/\/planetemascottes.mycoqpit.fr\/wp-content\/uploads\/2025\/01\/costume-mascotte-de-cochons-maries-401.webp\" \/>\n\t<meta property=\"og:image:width\" content=\"800\" \/>\n\t<meta property=\"og:image:height\" content=\"1040\" \/>\n\t<meta property=\"og:image:type\" content=\"image\/png\" \/>\n<meta name=\"twitter:card\" content=\"summary_large_image\" \/>\n<meta name=\"twitter:label1\" content=\"Tiempo de lectura\" \/>\n\t<meta name=\"twitter:data1\" content=\"1 minuto\" \/>\n<script type=\"application\/ld+json\" class=\"yoast-schema-graph\">{\"@context\":\"https:\/\/schema.org\",\"@graph\":[{\"@type\":\"WebPage\",\"@id\":\"https:\/\/planetemascottes.mycoqpit.fr\/es\/produit\/disfraz-de-mascota-de-cerdo-casado\/\",\"url\":\"https:\/\/planetemascottes.mycoqpit.fr\/es\/produit\/disfraz-de-mascota-de-cerdo-casado\/\",\"name\":\"Disfraz de mascota de cerdo casado y mascotas a medida - Plan\u00e8te Mascottes\",\"isPartOf\":{\"@id\":\"https:\/\/planetemascottes.mycoqpit.fr\/es\/#website\"},\"primaryImageOfPage\":{\"@id\":\"https:\/\/planetemascottes.mycoqpit.fr\/es\/produit\/disfraz-de-mascota-de-cerdo-casado\/#primaryimage\"},\"image\":{\"@id\":\"https:\/\/planetemascottes.mycoqpit.fr\/es\/produit\/disfraz-de-mascota-de-cerdo-casado\/#primaryimage\"},\"thumbnailUrl\":\"https:\/\/planetemascottes.mycoqpit.fr\/wp-content\/uploads\/2025\/01\/costume-mascotte-de-cochons-maries-401.webp\",\"datePublished\":\"2025-01-13T08:21:46+00:00\",\"description\":\"Plan\u00e8te Mascottes ofrece disfraces de mascota profesionales de la m\u00e1xima calidad, fabricados en Francia y que cumplen las normas CE y REACH.\",\"breadcrumb\":{\"@id\":\"https:\/\/planetemascottes.mycoqpit.fr\/es\/produit\/disfraz-de-mascota-de-cerdo-casado\/#breadcrumb\"},\"inLanguage\":\"es\",\"potentialAction\":[{\"@type\":\"ReadAction\",\"target\":[\"https:\/\/planetemascottes.mycoqpit.fr\/es\/produit\/disfraz-de-mascota-de-cerdo-casado\/\"]}]},{\"@type\":\"ImageObject\",\"inLanguage\":\"es\",\"@id\":\"https:\/\/planetemascottes.mycoqpit.fr\/es\/produit\/disfraz-de-mascota-de-cerdo-casado\/#primaryimage\",\"url\":\"https:\/\/planetemascottes.mycoqpit.fr\/wp-content\/uploads\/2025\/01\/costume-mascotte-de-cochons-maries-401.webp\",\"contentUrl\":\"https:\/\/planetemascottes.mycoqpit.fr\/wp-content\/uploads\/2025\/01\/costume-mascotte-de-cochons-maries-401.webp\",\"width\":800,\"height\":1040},{\"@type\":\"BreadcrumbList\",\"@id\":\"https:\/\/planetemascottes.mycoqpit.fr\/es\/produit\/disfraz-de-mascota-de-cerdo-casado\/#breadcrumb\",\"itemListElement\":[{\"@type\":\"ListItem\",\"position\":1,\"name\":\"Accueil\",\"item\":\"https:\/\/planetemascottes.mycoqpit.fr\/es\/\"},{\"@type\":\"ListItem\",\"position\":2,\"name\":\"Tienda\",\"item\":\"https:\/\/planetemascottes.mycoqpit.fr\/boutique\/\"},{\"@type\":\"ListItem\",\"position\":3,\"name\":\"Disfraz de mascota de cerdo casado\"}]},{\"@type\":\"WebSite\",\"@id\":\"https:\/\/planetemascottes.mycoqpit.fr\/es\/#website\",\"url\":\"https:\/\/planetemascottes.mycoqpit.fr\/es\/\",\"name\":\"Plan\u00e8te Mascottes\",\"description\":\"\",\"publisher\":{\"@id\":\"https:\/\/planetemascottes.mycoqpit.fr\/es\/#organization\"},\"potentialAction\":[{\"@type\":\"SearchAction\",\"target\":{\"@type\":\"EntryPoint\",\"urlTemplate\":\"https:\/\/planetemascottes.mycoqpit.fr\/es\/?s={search_term_string}\"},\"query-input\":{\"@type\":\"PropertyValueSpecification\",\"valueRequired\":true,\"valueName\":\"search_term_string\"}}],\"inLanguage\":\"es\"},{\"@type\":\"Organization\",\"@id\":\"https:\/\/planetemascottes.mycoqpit.fr\/es\/#organization\",\"name\":\"Plan\u00e8te Mascottes\",\"url\":\"https:\/\/planetemascottes.mycoqpit.fr\/es\/\",\"logo\":{\"@type\":\"ImageObject\",\"inLanguage\":\"es\",\"@id\":\"https:\/\/planetemascottes.mycoqpit.fr\/es\/#\/schema\/logo\/image\/\",\"url\":\"https:\/\/planetemascottes.mycoqpit.fr\/wp-content\/uploads\/2024\/12\/planete-mascottes-logo.svg\",\"contentUrl\":\"https:\/\/planetemascottes.mycoqpit.fr\/wp-content\/uploads\/2024\/12\/planete-mascottes-logo.svg\",\"caption\":\"Plan\u00e8te Mascottes\"},\"image\":{\"@id\":\"https:\/\/planetemascottes.mycoqpit.fr\/es\/#\/schema\/logo\/image\/\"}}]}<\/script>\n<!-- \/ Yoast SEO plugin. -->","yoast_head_json":{"title":"Disfraz de mascota de cerdo casado y mascotas a medida - Plan\u00e8te Mascottes","description":"Plan\u00e8te Mascottes ofrece disfraces de mascota profesionales de la m\u00e1xima calidad, fabricados en Francia y que cumplen las normas CE y REACH.","robots":{"index":"index","follow":"follow","max-snippet":"max-snippet:-1","max-image-preview":"max-image-preview:large","max-video-preview":"max-video-preview:-1"},"canonical":"https:\/\/planetemascottes.mycoqpit.fr\/es\/produit\/disfraz-de-mascota-de-cerdo-casado\/","og_locale":"es_ES","og_type":"article","og_title":"Disfraz de mascota de cerdo casado y mascotas a medida - Plan\u00e8te Mascottes","og_description":"Plan\u00e8te Mascottes ofrece disfraces de mascota profesionales de la m\u00e1xima calidad, fabricados en Francia y que cumplen las normas CE y REACH.","og_url":"https:\/\/planetemascottes.mycoqpit.fr\/es\/produit\/disfraz-de-mascota-de-cerdo-casado\/","og_site_name":"Plan\u00e8te Mascottes","og_image":[{"width":800,"height":1040,"url":"https:\/\/planetemascottes.mycoqpit.fr\/wp-content\/uploads\/2025\/01\/costume-mascotte-de-cochons-maries-401.webp","type":"image\/png"}],"twitter_card":"summary_large_image","twitter_misc":{"Tiempo de lectura":"1 minuto"},"schema":{"@context":"https:\/\/schema.org","@graph":[{"@type":"WebPage","@id":"https:\/\/planetemascottes.mycoqpit.fr\/es\/produit\/disfraz-de-mascota-de-cerdo-casado\/","url":"https:\/\/planetemascottes.mycoqpit.fr\/es\/produit\/disfraz-de-mascota-de-cerdo-casado\/","name":"Disfraz de mascota de cerdo casado y mascotas a medida - Plan\u00e8te Mascottes","isPartOf":{"@id":"https:\/\/planetemascottes.mycoqpit.fr\/es\/#website"},"primaryImageOfPage":{"@id":"https:\/\/planetemascottes.mycoqpit.fr\/es\/produit\/disfraz-de-mascota-de-cerdo-casado\/#primaryimage"},"image":{"@id":"https:\/\/planetemascottes.mycoqpit.fr\/es\/produit\/disfraz-de-mascota-de-cerdo-casado\/#primaryimage"},"thumbnailUrl":"https:\/\/planetemascottes.mycoqpit.fr\/wp-content\/uploads\/2025\/01\/costume-mascotte-de-cochons-maries-401.webp","datePublished":"2025-01-13T08:21:46+00:00","description":"Plan\u00e8te Mascottes ofrece disfraces de mascota profesionales de la m\u00e1xima calidad, fabricados en Francia y que cumplen las normas CE y REACH.","breadcrumb":{"@id":"https:\/\/planetemascottes.mycoqpit.fr\/es\/produit\/disfraz-de-mascota-de-cerdo-casado\/#breadcrumb"},"inLanguage":"es","potentialAction":[{"@type":"ReadAction","target":["https:\/\/planetemascottes.mycoqpit.fr\/es\/produit\/disfraz-de-mascota-de-cerdo-casado\/"]}]},{"@type":"ImageObject","inLanguage":"es","@id":"https:\/\/planetemascottes.mycoqpit.fr\/es\/produit\/disfraz-de-mascota-de-cerdo-casado\/#primaryimage","url":"https:\/\/planetemascottes.mycoqpit.fr\/wp-content\/uploads\/2025\/01\/costume-mascotte-de-cochons-maries-401.webp","contentUrl":"https:\/\/planetemascottes.mycoqpit.fr\/wp-content\/uploads\/2025\/01\/costume-mascotte-de-cochons-maries-401.webp","width":800,"height":1040},{"@type":"BreadcrumbList","@id":"https:\/\/planetemascottes.mycoqpit.fr\/es\/produit\/disfraz-de-mascota-de-cerdo-casado\/#breadcrumb","itemListElement":[{"@type":"ListItem","position":1,"name":"Accueil","item":"https:\/\/planetemascottes.mycoqpit.fr\/es\/"},{"@type":"ListItem","position":2,"name":"Tienda","item":"https:\/\/planetemascottes.mycoqpit.fr\/boutique\/"},{"@type":"ListItem","position":3,"name":"Disfraz de mascota de cerdo casado"}]},{"@type":"WebSite","@id":"https:\/\/planetemascottes.mycoqpit.fr\/es\/#website","url":"https:\/\/planetemascottes.mycoqpit.fr\/es\/","name":"Plan\u00e8te Mascottes","description":"","publisher":{"@id":"https:\/\/planetemascottes.mycoqpit.fr\/es\/#organization"},"potentialAction":[{"@type":"SearchAction","target":{"@type":"EntryPoint","urlTemplate":"https:\/\/planetemascottes.mycoqpit.fr\/es\/?s={search_term_string}"},"query-input":{"@type":"PropertyValueSpecification","valueRequired":true,"valueName":"search_term_string"}}],"inLanguage":"es"},{"@type":"Organization","@id":"https:\/\/planetemascottes.mycoqpit.fr\/es\/#organization","name":"Plan\u00e8te Mascottes","url":"https:\/\/planetemascottes.mycoqpit.fr\/es\/","logo":{"@type":"ImageObject","inLanguage":"es","@id":"https:\/\/planetemascottes.mycoqpit.fr\/es\/#\/schema\/logo\/image\/","url":"https:\/\/planetemascottes.mycoqpit.fr\/wp-content\/uploads\/2024\/12\/planete-mascottes-logo.svg","contentUrl":"https:\/\/planetemascottes.mycoqpit.fr\/wp-content\/uploads\/2024\/12\/planete-mascottes-logo.svg","caption":"Plan\u00e8te Mascottes"},"image":{"@id":"https:\/\/planetemascottes.mycoqpit.fr\/es\/#\/schema\/logo\/image\/"}}]}},"_links":{"self":[{"href":"https:\/\/planetemascottes.mycoqpit.fr\/es\/wp-json\/wp\/v2\/product\/10783","targetHints":{"allow":["GET"]}}],"collection":[{"href":"https:\/\/planetemascottes.mycoqpit.fr\/es\/wp-json\/wp\/v2\/product"}],"about":[{"href":"https:\/\/planetemascottes.mycoqpit.fr\/es\/wp-json\/wp\/v2\/types\/product"}],"replies":[{"embeddable":true,"href":"https:\/\/planetemascottes.mycoqpit.fr\/es\/wp-json\/wp\/v2\/comments?post=10783"}],"wp:featuredmedia":[{"embeddable":true,"href":"https:\/\/planetemascottes.mycoqpit.fr\/es\/wp-json\/wp\/v2\/media\/10784"}],"wp:attachment":[{"href":"https:\/\/planetemascottes.mycoqpit.fr\/es\/wp-json\/wp\/v2\/media?parent=10783"}],"wp:term":[{"taxonomy":"product_brand","embeddable":true,"href":"https:\/\/planetemascottes.mycoqpit.fr\/es\/wp-json\/wp\/v2\/product_brand?post=10783"},{"taxonomy":"product_cat","embeddable":true,"href":"https:\/\/planetemascottes.mycoqpit.fr\/es\/wp-json\/wp\/v2\/product_cat?post=10783"},{"taxonomy":"product_tag","embeddable":true,"href":"https:\/\/planetemascottes.mycoqpit.fr\/es\/wp-json\/wp\/v2\/product_tag?post=10783"}],"curies":[{"name":"wp","href":"https:\/\/api.w.org\/{rel}","templated":true}]}}