{"id":7140,"date":"2024-12-24T08:46:37","date_gmt":"2024-12-24T07:46:37","guid":{"rendered":"https:\/\/planetemascottes.mycoqpit.fr\/condiciones-de-venta\/"},"modified":"2025-03-04T09:48:13","modified_gmt":"2025-03-04T08:48:13","slug":"condiciones-de-venta","status":"publish","type":"page","link":"https:\/\/planetemascottes.mycoqpit.fr\/es\/condiciones-de-venta\/","title":{"rendered":"Condiciones de venta"},"content":{"rendered":"<h2><strong>Condiciones generales de venta Productos a medida<\/strong><\/h2>\n<p>&nbsp;<\/p>\n<p>Las Condiciones Generales de Venta de los productos a medida pueden consultarse haciendo clic en el siguiente enlace:<\/p>\n<p><a class=\"btn\" href=\"https:\/\/www.planete-mascottes.com\/conditions-generales-de-vente-de-produit-sur-mesure-planete-mascottes.htm\">VER LAS CONDICIONES GENERALES DE LOS PRODUCTOS A MEDIDA<\/a><\/p>\n<p>&nbsp;<\/p>\n<h2><strong>Condiciones generales de venta Peluches a medida<\/strong><\/h2>\n<p>&nbsp;<\/p>\n<p>Las Condiciones Generales de Venta de peluches a medida pueden consultarse haciendo clic en el siguiente enlace:<\/p>\n<p><a class=\"btn btn-default\" href=\"https:\/\/www.planete-mascottes.com\/conditions-generales-de-vente-de-peluche-sur-mesure.htm\">VER LAS CONDICIONES GENERALES DE LOS PELUCHES A MEDIDA<\/a><\/p>\n<p>&nbsp;<\/p>\n<h2><strong>Condiciones generales de venta Mascotas<\/strong><\/h2>\n<p>&nbsp;<\/p>\n<p><strong>ART\u00cdCULO 1: APLICACI\u00d3N DE LAS CONDICIONES GENERALES DE VENTA APLICABILIDAD DE LAS CONDICIONES GENERALES DE VENTA<\/strong><\/p>\n<p>Estas condiciones generales de venta est\u00e1n sistem\u00e1ticamente escritas en los documentos, enviados o entregados a cada comprador, que le permiten realizar un pedido. En consecuencia, la realizaci\u00f3n de un pedido implica la aceptaci\u00f3n plena y sin reservas por parte del comprador de las presentes condiciones generales de venta, con exclusi\u00f3n de cualquier otro documento, como prospectos y cat\u00e1logos emitidos por el vendedor, que s\u00f3lo tienen car\u00e1cter informativo. El hecho de que el vendedor no invoque alguna de estas condiciones generales de venta en un momento dado no puede interpretarse como una renuncia al derecho de invocar cualquiera de dichas condiciones en una fecha posterior.  <\/p>\n<p>&nbsp;<\/p>\n<p><strong>ART\u00cdCULO 2: OFERTAS Y PEDIDOS<\/strong><\/p>\n<p>Los pedidos no ser\u00e1n definitivos hasta que hayan sido confirmados por escrito. Esta confirmaci\u00f3n resultar\u00e1 de la firma de un formulario de pedido, de una confirmaci\u00f3n de pedido, del presupuesto y, de forma m\u00e1s general, de la orden de impresi\u00f3n. En caso de confirmaci\u00f3n mediante devoluci\u00f3n del pedido de impresi\u00f3n, se estipula expresamente que la aceptaci\u00f3n se realiza en las condiciones del presupuesto previamente presentado o, en su caso, del expediente de producci\u00f3n \u00fanicamente. En cualquier caso, 2G PUBLICITE s\u00f3lo est\u00e1 obligada por los pedidos tomados por sus representantes o empleados sujetos a esta confirmaci\u00f3n escrita y firmada.   <\/p>\n<p>La aceptaci\u00f3n tambi\u00e9n puede resultar de la entrega de bienes y la prestaci\u00f3n de servicios. En cualquier caso, a excepci\u00f3n de los pedidos repetidos, se enviar\u00e1 al cliente una orden de impresi\u00f3n en la que se resumir\u00e1n las caracter\u00edsticas, en particular las gr\u00e1ficas, de los servicios solicitados. 2G PUBLICITE s\u00f3lo quedar\u00e1 vinculada contractualmente con respecto a las caracter\u00edsticas definidas por esta orden de impresi\u00f3n y aceptadas por el cliente. 2G PUBLICITE se reserva asimismo el derecho de recurrir a la subcontrataci\u00f3n industrial o de mercado. Cualquier maqueta o estudio que no vaya seguido de una confirmaci\u00f3n de pedido en el plazo de dos meses desde su realizaci\u00f3n, se facturar\u00e1 seg\u00fan el tiempo empleado de acuerdo con los baremos de costes de 2G PUBLICITE, cuya copia se ha entregado previamente al cliente.    <\/p>\n<p>Sobre la actividad Planeta Mascotas&nbsp;:<\/p>\n<p>&#8211; En el caso de un nuevo pedido, se requerir\u00e1 un dep\u00f3sito del 50% del importe total. Una vez validada la elecci\u00f3n de los tejidos, este dep\u00f3sito no podr\u00e1 recuperarse en caso de anulaci\u00f3n del pedido. Adem\u00e1s, en caso de anulaci\u00f3n (antes de que se haya confeccionado la mascota), no se cobrar\u00e1 ning\u00fan suplemento. Se exigir\u00e1 el importe total del pedido una vez que la mascota est\u00e9 en fase de construcci\u00f3n (foto de la estructura compartida).   <\/p>\n<p>&#8211; En el caso de un pedido repetido, se incluir\u00e1n \u00edntegramente los elementos que compon\u00edan el archivo anterior. No se enviar\u00e1n pruebas a menos que el cliente lo solicite. Se exigir\u00e1 un dep\u00f3sito del 50%. La renovaci\u00f3n de un pedido sin que el cliente especifique ning\u00fan cambio se considera el inicio de la producci\u00f3n, el pedido de materiales, etc. En caso de anulaci\u00f3n de un pedido: se considerar\u00e1 que el dep\u00f3sito est\u00e1 vencido si la anulaci\u00f3n no se realiza en los 7 d\u00edas siguientes a la validaci\u00f3n del pedido. Si la anulaci\u00f3n se produce antes de que la mascota est\u00e9 lista, no se cobrar\u00e1 ning\u00fan recargo. El importe total del pedido se exigir\u00e1 una vez que la mascota est\u00e9 en fase de construcci\u00f3n (foto de la estructura compartida).      <\/p>\n<p>&nbsp;<\/p>\n<p><strong>ART\u00cdCULO 3: PRESTACI\u00d3N Y EJECUCI\u00d3N DE LOS SERVICIOS<\/strong><\/p>\n<p>La entrega de los bienes se realiza mediante la entrega directa de los mismos al comprador dentro de los locales de 2G PUBLICITE, salvo que se indique lo contrario. En este \u00faltimo caso, 2G PUBLICITE no ser\u00e1 responsable en ning\u00fan caso de la entrega de dichos bienes. Dicha entrega se realizar\u00e1 mediante un transportista privado por cuenta y riesgo del destinatario. Las prestaciones se llevar\u00e1n a cabo en los plazos definidos contractualmente si es el caso y, en su defecto, en plazos razonables teniendo en cuenta, si procede, en particular las inclemencias meteorol\u00f3gicas y las dificultades de suministro. En cualquier caso, el incumplimiento de los plazos de entrega o de finalizaci\u00f3n no podr\u00e1 dar lugar a ninguna reclamaci\u00f3n de da\u00f1os y perjuicios, ni siquiera a la anulaci\u00f3n de los pedidos en curso. En el marco de las presentes condiciones generales de venta, se consideran casos de fuerza mayor que eximen a 2G PUBLICITE de su obligaci\u00f3n los que se enumeran a continuaci\u00f3n, sin car\u00e1cter exhaustivo:     <\/p>\n<p>&#8211; guerra, disturbios, incendios, huelgas, accidentes, imposibilidad de obtener suministros&#8230;<\/p>\n<p>2G PUBLICITE mantendr\u00e1 informado a su cliente, en el momento oportuno, de los supuestos y eventos arriba indicados.<\/p>\n<p>En todo caso, la entrega de los bienes o productos y la prestaci\u00f3n de los servicios en los plazos previstos s\u00f3lo podr\u00e1n tener lugar si el comprador se encuentra al corriente de sus obligaciones con 2G PUBLICITE, cualquiera que sea la causa. Las tolerancias cuantitativas que afecten a la entrega ser\u00e1n planas de m\u00e1s o menos el 2% al 10% de las cantidades que figuren en el pedido en funci\u00f3n de la tirada. Las tolerancias cuantitativas que afectan a la entrega en continuo ser\u00e1n las practicadas por los profesionales de las industrias gr\u00e1ficas, que variar\u00e1n en funci\u00f3n de la complejidad de los documentos. Las tolerancias cuantitativas de los objetos publicitarios entregados podr\u00e1n variar en m\u00e1s o menos un 10% de la cantidad pedida. En cualquier caso, s\u00f3lo se facturar\u00e1n las cantidades efectivamente entregadas.   <\/p>\n<p>&nbsp;<\/p>\n<p><strong>ART\u00cdCULO 4: CONFIDENCIALIDAD<\/strong><\/p>\n<p>Los estudios, modelos, planos, dibujos y, en general, todos los documentos proporcionados o enviados por 2G PUBLICITE son de su exclusiva propiedad: por lo tanto, no pueden ser comunicados a terceros por ning\u00fan motivo.<\/p>\n<p>&nbsp;<\/p>\n<p><strong>ART\u00cdCULO 5: DERECHOS DE PROPIEDAD INTELECTUAL<\/strong><\/p>\n<p>Para cualquier pedido que implique la reproducci\u00f3n de un objeto, sigla, dibujo y, m\u00e1s en general, cualquier creaci\u00f3n que se beneficie de la protecci\u00f3n de las disposiciones del C\u00f3digo de la Propiedad Intelectual, en particular en materia de derechos de autor, implica por parte del cliente al menos la afirmaci\u00f3n de un derecho de reproducci\u00f3n en su beneficio o la titularidad, o la cesi\u00f3n en su beneficio, de estos derechos. En cualquier caso, si resulta que el cliente no es titular de ninguno de los derechos mencionados, no podr\u00e1 exigirse en ning\u00fan caso la responsabilidad de 2G PUBLICITE. En consecuencia, la Sociedad 2G PUBLICITE sigue siendo la \u00fanica titular de los derechos de autor generados por sus creaciones originales, y ello durante toda la duraci\u00f3n de la protecci\u00f3n a la que puedan estar sujetas dichas creaciones y para todos los pa\u00edses en los que dicha protecci\u00f3n pueda estar reconocida. Por lo tanto, no se concede ninguna cesi\u00f3n de dichos derechos al cliente, salvo estipulaci\u00f3n expresa en contrario.   <\/p>\n<p>&nbsp;<\/p>\n<p><strong>ART\u00cdCULO 6: PRECIOS &#8211; CONDICIONES DE PAGO &#8211; PENALIZACIONES<\/strong><\/p>\n<p>Los precios de 2G PUBLICITE se estipulan sin impuestos, y est\u00e1n denominados y son pagaderos en euros. El importe de estos precios se especifica en los pedidos o presupuestos. Toda suma no pagada en la fecha de vencimiento que figure en la factura emitida por la Sociedad 2G PUBLICITE dar\u00e1 lugar autom\u00e1ticamente, en concepto de cl\u00e1usulas penales y por aplicaci\u00f3n de la Ley 92-1442 de 31 de diciembre de 1992 modificada, a una penalizaci\u00f3n por demora calculada aplicando, a la totalidad de las sumas pendientes de pago, un tipo de inter\u00e9s igual a una vez y media el tipo de inter\u00e9s legal, todo ello por derogaci\u00f3n del art\u00edculo 1153 del C\u00f3digo Civil. Adem\u00e1s, en caso de impago de las penalizaciones facturadas, el cliente perder\u00e1 los descuentos y rebajas concedidos por el importe de las penalizaciones debidas.   <\/p>\n<p>&nbsp;<\/p>\n<p><strong>ART\u00cdCULO 7: TRANSFERENCIA DEL RIESGO<\/strong><\/p>\n<p>La transferencia de riesgos sobre los productos pedidos a 2G PUBLICITE, incluso en el caso de que las partes hayan acordado una entrega a portes pagados, tiene lugar en el momento de la expedici\u00f3n desde los locales de 2G PUBLICITE. De ello se desprende, en particular, en todos los casos, que las mercanc\u00edas viajan por cuenta y riesgo del comprador, quien es responsable, en caso de da\u00f1os, p\u00e9rdidas o faltas, de hacer cualquier reserva o ejercer cualquier recurso ante el transportista responsable, y ello en aplicaci\u00f3n de las disposiciones legales del C\u00f3digo de Comercio que regulan esta materia. <\/p>\n<p>&nbsp;<\/p>\n<p><strong>ART\u00cdCULO 8: CL\u00c1USULA DE RESERVA DE DOMINIO<\/strong><\/p>\n<p>Se establece expresamente que los productos solicitados se venden con una cl\u00e1usula que subordina la transmisi\u00f3n de su propiedad al pago \u00edntegro del precio en principal y accesorios. En este sentido, se entiende que la mera entrega de un documento que genere una obligaci\u00f3n de pago, letra de cambio u otro, no constituye pago en el sentido de la presente cl\u00e1usula, permaneciendo la deuda de la Sociedad 2G PUBLICITE sobre el cliente con todas las garant\u00edas inherentes a la misma, incluida la reserva de dominio, hasta que dicho efecto comercial haya sido efectivamente pagado. Las disposiciones anteriores no impiden la transferencia al cliente de los riesgos de p\u00e9rdida o deterioro de las mercanc\u00edas sujetas a reserva de dominio, as\u00ed como de los da\u00f1os que puedan causar, desde el momento de la entrega de las mercanc\u00edas. El comprador deber\u00e1 contratar un seguro que cubra los riesgos derivados de la entrega de la mercanc\u00eda. Mientras el precio no haya sido pagado en su totalidad, el comprador deber\u00e1 individualizar los bienes entregados. Si la mercanc\u00eda no est\u00e1 individualizada, el vendedor podr\u00e1 exigir el reembolso o recuperar las que a\u00fan tenga en stock. En caso de embargo, o de cualquier otra intervenci\u00f3n de un tercero sobre las mercanc\u00edas, el comprador deber\u00e1 informar al vendedor sin demora, para que \u00e9ste pueda oponerse al embargo y preservar sus derechos. El comprador tambi\u00e9n deber\u00e1 abstenerse de pignorar o transferir la propiedad de las mercanc\u00edas a modo de garant\u00eda.       <\/p>\n<p>&nbsp;<\/p>\n<p><strong>ART\u00cdCULO 9: GARANT\u00cdAS<\/strong><\/p>\n<p>2G PUBLICITE est\u00e1 vinculada por la garant\u00eda legal contra vicios ocultos, tal y como se establece en los Art\u00edculos 1642 y siguientes del C\u00f3digo Civil franc\u00e9s. Quedan expresamente excluidos de la garant\u00eda los defectos y deterioros causados, en particular, por un almacenamiento inadecuado, un uso anormal de los productos, por un agente externo, o por una modificaci\u00f3n del producto no especificada por el vendedor. La garant\u00eda tambi\u00e9n queda excluida si los defectos o deterioros observados resultan de materiales suministrados por el cliente. Adem\u00e1s, la garant\u00eda por defectos aparentes s\u00f3lo se aplicar\u00e1 si el cliente la invoca en las siguientes condiciones:  <\/p>\n<p>&#8211; Para ser v\u00e1lidas, todas las reclamaciones deber\u00e1n ir acompa\u00f1adas de la prueba de los defectos o falta de conformidad de los bienes entregados y enviadas a 2G PUBLICITE en el plazo de cinco d\u00edas desde la recepci\u00f3n de los bienes. En su defecto, 2G PUBLICITE no aceptar\u00e1 ninguna devoluci\u00f3n de mercanc\u00edas, pudiendo rechazar reclamaciones injustificadas. <\/p>\n<p>&#8211; Todas las devoluciones de productos deben ser objeto de un acuerdo formal entre el vendedor y el comprador. Cualquier producto devuelto sin este acuerdo no podr\u00e1 en ning\u00fan caso dar lugar al establecimiento de una nota de cr\u00e9dito. En cualquier caso, la defectuosidad de una parte de la mercanc\u00eda constatada por la Empresa 2G PUBLICITE, y a reserva de lo estipulado anteriormente, podr\u00e1 dar lugar al cambio de dicha mercanc\u00eda o al establecimiento de una nota de cr\u00e9dito, pero en ning\u00fan caso podr\u00e1 motivar o justificar el rechazo de la totalidad de la mercanc\u00eda entregada.  <\/p>\n<p>&nbsp;<\/p>\n<p><strong>ART\u00cdCULO 10: JURISDICCI\u00d3N &#8211; LITIGIOS<\/strong><\/p>\n<p>La interpretaci\u00f3n y la ejecuci\u00f3n de las presentes condiciones generales, as\u00ed como de todos los documentos que las completen o se deriven de ellas, se regir\u00e1n exclusivamente por el derecho franc\u00e9s. Cualquier litigio relativo a la ejecuci\u00f3n o a la interpretaci\u00f3n de las presentes condiciones generales ser\u00e1 competencia del Tribunal de Comercio de CLERMONT-FERRAND, si el cocontratante es \u00e9l mismo un comerciante, y del Tribunal Superior o del Tribunal de Primera Instancia del domicilio del demandado si el cocontratante no es un comerciante, incluso en caso de procedimiento sumario, de tercer\u00eda o de pluralidad de demandados.<\/p>\n","protected":false},"excerpt":{"rendered":"<p>Condiciones generales de venta Productos a medida &nbsp; Las Condiciones Generales de Venta de los productos a medida pueden consultarse haciendo clic en el siguiente enlace: VER LAS CONDICIONES GENERALES DE LOS PRODUCTOS A MEDIDA &nbsp; Condiciones generales de venta Peluches a medida &nbsp; Las Condiciones Generales de Venta de peluches a medida pueden consultarse [&hellip;]<\/p>\n","protected":false},"author":1,"featured_media":0,"parent":0,"menu_order":0,"comment_status":"closed","ping_status":"closed","template":"templates\/page-classic.php","meta":{"_acf_changed":false,"footnotes":""},"class_list":["post-7140","page","type-page","status-publish","hentry"],"acf":[],"yoast_head":"<!-- This site is optimized with the Yoast SEO plugin v24.6 - https:\/\/yoast.com\/wordpress\/plugins\/seo\/ -->\n<title>Condiciones de venta - Plan\u00e8te Mascottes<\/title>\n<meta name=\"description\" content=\"Consulta nuestras Condiciones Generales de Venta: toda la informaci\u00f3n que necesitas sobre tus pedidos, pagos, entregas y devoluciones.\" \/>\n<meta name=\"robots\" content=\"index, follow, max-snippet:-1, max-image-preview:large, max-video-preview:-1\" \/>\n<link rel=\"canonical\" href=\"https:\/\/planetemascottes.mycoqpit.fr\/es\/condiciones-de-venta\/\" \/>\n<meta property=\"og:locale\" content=\"es_ES\" \/>\n<meta property=\"og:type\" content=\"article\" \/>\n<meta property=\"og:title\" content=\"Condiciones de venta - Plan\u00e8te Mascottes\" \/>\n<meta property=\"og:description\" content=\"Consulta nuestras Condiciones Generales de Venta: toda la informaci\u00f3n que necesitas sobre tus pedidos, pagos, entregas y devoluciones.\" \/>\n<meta property=\"og:url\" content=\"https:\/\/planetemascottes.mycoqpit.fr\/es\/condiciones-de-venta\/\" \/>\n<meta property=\"og:site_name\" content=\"Plan\u00e8te Mascottes\" \/>\n<meta property=\"article:modified_time\" content=\"2025-03-04T08:48:13+00:00\" \/>\n<meta name=\"twitter:card\" content=\"summary_large_image\" \/>\n<meta name=\"twitter:label1\" content=\"Tiempo de lectura\" \/>\n\t<meta name=\"twitter:data1\" content=\"11 minutos\" \/>\n<script type=\"application\/ld+json\" class=\"yoast-schema-graph\">{\"@context\":\"https:\/\/schema.org\",\"@graph\":[{\"@type\":\"WebPage\",\"@id\":\"https:\/\/planetemascottes.mycoqpit.fr\/es\/condiciones-de-venta\/\",\"url\":\"https:\/\/planetemascottes.mycoqpit.fr\/es\/condiciones-de-venta\/\",\"name\":\"Condiciones de venta - Plan\u00e8te Mascottes\",\"isPartOf\":{\"@id\":\"https:\/\/planetemascottes.mycoqpit.fr\/es\/#website\"},\"datePublished\":\"2024-12-24T07:46:37+00:00\",\"dateModified\":\"2025-03-04T08:48:13+00:00\",\"description\":\"Consulta nuestras Condiciones Generales de Venta: toda la informaci\u00f3n que necesitas sobre tus pedidos, pagos, entregas y devoluciones.\",\"breadcrumb\":{\"@id\":\"https:\/\/planetemascottes.mycoqpit.fr\/es\/condiciones-de-venta\/#breadcrumb\"},\"inLanguage\":\"es\",\"potentialAction\":[{\"@type\":\"ReadAction\",\"target\":[\"https:\/\/planetemascottes.mycoqpit.fr\/es\/condiciones-de-venta\/\"]}]},{\"@type\":\"BreadcrumbList\",\"@id\":\"https:\/\/planetemascottes.mycoqpit.fr\/es\/condiciones-de-venta\/#breadcrumb\",\"itemListElement\":[{\"@type\":\"ListItem\",\"position\":1,\"name\":\"Accueil\",\"item\":\"https:\/\/planetemascottes.mycoqpit.fr\/es\/\"},{\"@type\":\"ListItem\",\"position\":2,\"name\":\"Condiciones de venta\"}]},{\"@type\":\"WebSite\",\"@id\":\"https:\/\/planetemascottes.mycoqpit.fr\/es\/#website\",\"url\":\"https:\/\/planetemascottes.mycoqpit.fr\/es\/\",\"name\":\"Plan\u00e8te Mascottes\",\"description\":\"\",\"publisher\":{\"@id\":\"https:\/\/planetemascottes.mycoqpit.fr\/es\/#organization\"},\"potentialAction\":[{\"@type\":\"SearchAction\",\"target\":{\"@type\":\"EntryPoint\",\"urlTemplate\":\"https:\/\/planetemascottes.mycoqpit.fr\/es\/?s={search_term_string}\"},\"query-input\":{\"@type\":\"PropertyValueSpecification\",\"valueRequired\":true,\"valueName\":\"search_term_string\"}}],\"inLanguage\":\"es\"},{\"@type\":\"Organization\",\"@id\":\"https:\/\/planetemascottes.mycoqpit.fr\/es\/#organization\",\"name\":\"Plan\u00e8te Mascottes\",\"url\":\"https:\/\/planetemascottes.mycoqpit.fr\/es\/\",\"logo\":{\"@type\":\"ImageObject\",\"inLanguage\":\"es\",\"@id\":\"https:\/\/planetemascottes.mycoqpit.fr\/es\/#\/schema\/logo\/image\/\",\"url\":\"https:\/\/planetemascottes.mycoqpit.fr\/wp-content\/uploads\/2024\/12\/planete-mascottes-logo.svg\",\"contentUrl\":\"https:\/\/planetemascottes.mycoqpit.fr\/wp-content\/uploads\/2024\/12\/planete-mascottes-logo.svg\",\"caption\":\"Plan\u00e8te Mascottes\"},\"image\":{\"@id\":\"https:\/\/planetemascottes.mycoqpit.fr\/es\/#\/schema\/logo\/image\/\"}}]}<\/script>\n<!-- \/ Yoast SEO plugin. -->","yoast_head_json":{"title":"Condiciones de venta - Plan\u00e8te Mascottes","description":"Consulta nuestras Condiciones Generales de Venta: toda la informaci\u00f3n que necesitas sobre tus pedidos, pagos, entregas y devoluciones.","robots":{"index":"index","follow":"follow","max-snippet":"max-snippet:-1","max-image-preview":"max-image-preview:large","max-video-preview":"max-video-preview:-1"},"canonical":"https:\/\/planetemascottes.mycoqpit.fr\/es\/condiciones-de-venta\/","og_locale":"es_ES","og_type":"article","og_title":"Condiciones de venta - Plan\u00e8te Mascottes","og_description":"Consulta nuestras Condiciones Generales de Venta: toda la informaci\u00f3n que necesitas sobre tus pedidos, pagos, entregas y devoluciones.","og_url":"https:\/\/planetemascottes.mycoqpit.fr\/es\/condiciones-de-venta\/","og_site_name":"Plan\u00e8te Mascottes","article_modified_time":"2025-03-04T08:48:13+00:00","twitter_card":"summary_large_image","twitter_misc":{"Tiempo de lectura":"11 minutos"},"schema":{"@context":"https:\/\/schema.org","@graph":[{"@type":"WebPage","@id":"https:\/\/planetemascottes.mycoqpit.fr\/es\/condiciones-de-venta\/","url":"https:\/\/planetemascottes.mycoqpit.fr\/es\/condiciones-de-venta\/","name":"Condiciones de venta - Plan\u00e8te Mascottes","isPartOf":{"@id":"https:\/\/planetemascottes.mycoqpit.fr\/es\/#website"},"datePublished":"2024-12-24T07:46:37+00:00","dateModified":"2025-03-04T08:48:13+00:00","description":"Consulta nuestras Condiciones Generales de Venta: toda la informaci\u00f3n que necesitas sobre tus pedidos, pagos, entregas y devoluciones.","breadcrumb":{"@id":"https:\/\/planetemascottes.mycoqpit.fr\/es\/condiciones-de-venta\/#breadcrumb"},"inLanguage":"es","potentialAction":[{"@type":"ReadAction","target":["https:\/\/planetemascottes.mycoqpit.fr\/es\/condiciones-de-venta\/"]}]},{"@type":"BreadcrumbList","@id":"https:\/\/planetemascottes.mycoqpit.fr\/es\/condiciones-de-venta\/#breadcrumb","itemListElement":[{"@type":"ListItem","position":1,"name":"Accueil","item":"https:\/\/planetemascottes.mycoqpit.fr\/es\/"},{"@type":"ListItem","position":2,"name":"Condiciones de venta"}]},{"@type":"WebSite","@id":"https:\/\/planetemascottes.mycoqpit.fr\/es\/#website","url":"https:\/\/planetemascottes.mycoqpit.fr\/es\/","name":"Plan\u00e8te Mascottes","description":"","publisher":{"@id":"https:\/\/planetemascottes.mycoqpit.fr\/es\/#organization"},"potentialAction":[{"@type":"SearchAction","target":{"@type":"EntryPoint","urlTemplate":"https:\/\/planetemascottes.mycoqpit.fr\/es\/?s={search_term_string}"},"query-input":{"@type":"PropertyValueSpecification","valueRequired":true,"valueName":"search_term_string"}}],"inLanguage":"es"},{"@type":"Organization","@id":"https:\/\/planetemascottes.mycoqpit.fr\/es\/#organization","name":"Plan\u00e8te Mascottes","url":"https:\/\/planetemascottes.mycoqpit.fr\/es\/","logo":{"@type":"ImageObject","inLanguage":"es","@id":"https:\/\/planetemascottes.mycoqpit.fr\/es\/#\/schema\/logo\/image\/","url":"https:\/\/planetemascottes.mycoqpit.fr\/wp-content\/uploads\/2024\/12\/planete-mascottes-logo.svg","contentUrl":"https:\/\/planetemascottes.mycoqpit.fr\/wp-content\/uploads\/2024\/12\/planete-mascottes-logo.svg","caption":"Plan\u00e8te Mascottes"},"image":{"@id":"https:\/\/planetemascottes.mycoqpit.fr\/es\/#\/schema\/logo\/image\/"}}]}},"_links":{"self":[{"href":"https:\/\/planetemascottes.mycoqpit.fr\/es\/wp-json\/wp\/v2\/pages\/7140","targetHints":{"allow":["GET"]}}],"collection":[{"href":"https:\/\/planetemascottes.mycoqpit.fr\/es\/wp-json\/wp\/v2\/pages"}],"about":[{"href":"https:\/\/planetemascottes.mycoqpit.fr\/es\/wp-json\/wp\/v2\/types\/page"}],"author":[{"embeddable":true,"href":"https:\/\/planetemascottes.mycoqpit.fr\/es\/wp-json\/wp\/v2\/users\/1"}],"replies":[{"embeddable":true,"href":"https:\/\/planetemascottes.mycoqpit.fr\/es\/wp-json\/wp\/v2\/comments?post=7140"}],"version-history":[{"count":1,"href":"https:\/\/planetemascottes.mycoqpit.fr\/es\/wp-json\/wp\/v2\/pages\/7140\/revisions"}],"predecessor-version":[{"id":7217,"href":"https:\/\/planetemascottes.mycoqpit.fr\/es\/wp-json\/wp\/v2\/pages\/7140\/revisions\/7217"}],"wp:attachment":[{"href":"https:\/\/planetemascottes.mycoqpit.fr\/es\/wp-json\/wp\/v2\/media?parent=7140"}],"curies":[{"name":"wp","href":"https:\/\/api.w.org\/{rel}","templated":true}]}}