{"id":7137,"date":"2024-12-24T08:38:35","date_gmt":"2024-12-24T07:38:35","guid":{"rendered":"https:\/\/planetemascottes.mycoqpit.fr\/informacion-legal\/"},"modified":"2025-03-04T09:48:12","modified_gmt":"2025-03-04T08:48:12","slug":"informacion-legal","status":"publish","type":"page","link":"https:\/\/planetemascottes.mycoqpit.fr\/es\/informacion-legal\/","title":{"rendered":"Informaci\u00f3n legal"},"content":{"rendered":"<h2>Identidad<\/h2>\n<p>Nombre de la empresa: SARL 2G PUBLICITE<br \/>\nForma jur\u00eddica: SARL<br \/>\nSIRENA&nbsp;: 42184087700045<br \/>\nCapital social: 100.000,00<\/p>\n<p>&nbsp;<\/p>\n<h2><strong>Datos de contacto<\/strong><\/h2>\n<p>Sede social: 117, rue des Gardelles &#8211; ZA Mozac &#8211; BP 90006 &#8211; 63200 MALAUZAT<br \/>\nCorreo electr\u00f3nico: <a href=\"mailto:contact@planete-mascottes.com\">contact@planete-mascottes.com<\/a><br \/>\nTel: (+ 33) 04 73 64 97 27 <\/p>\n<p>&nbsp;<\/p>\n<h2><strong>Editorial<\/strong><\/h2>\n<p>De conformidad con lo dispuesto en el art\u00edculo 6 III-1 de la Ley n\u00ba 2004-575 de 21 de junio de 2004 sobre la confianza en la econom\u00eda digital, te informamos de que&nbsp;:<\/p>\n<p><strong>Dise\u00f1o y alojamiento web<\/strong><\/p>\n<p>El sitio web ha sido dise\u00f1ado y producido por&nbsp;: Coqpit<br \/>\n5, rue Valentin Hauy, 63000 Clermont-Ferrand<br \/>\nTel: (+ 33) 04 73 38 67 25<br \/>\n<a href=\"http:\/\/www.coqpit.fr\/\">www.coqpit.fr<\/a><\/p>\n<p><strong>Alojamiento<\/strong><\/p>\n<p>SCALEWAY SAS BP 438 75366 PARIS CEDEX 08 FRANCIA<\/p>\n<h2><strong>Datos personales<\/strong><\/h2>\n<p>De conformidad con las disposiciones de la Ley francesa de Protecci\u00f3n de Datos modificada del 6 de enero de 1978, el tratamiento automatizado de datos personales realizado en este sitio web ha sido declarado a la Comisi\u00f3n Nacional de Inform\u00e1tica y Libertades (CNIL);<\/p>\n<p>Planete-mascottes.com proporciona al usuario servicios en este sitio web. Para beneficiarse de estos servicios, el usuario se compromete a respetar las siguientes \u00abcondiciones de uso\u00bb. Si no las acepta, Planete-mascottes.com le pide que abandone el sitio.  <\/p>\n<h2><strong>Contenido del sitio<\/strong><\/h2>\n<p>Este sitio web se proporciona como un servicio a los visitantes. Planete-mascottes.com se reserva el derecho a eliminar, modificar o complementar la informaci\u00f3n proporcionada en este sitio en cualquier momento y por cualquier motivo, sin previo aviso. <\/p>\n<p>El usuario reconoce haber sido informado de que este sitio es accesible 24 horas al d\u00eda, 7 d\u00edas a la semana, salvo en caso de fuerza mayor, dificultades inform\u00e1ticas, dificultades vinculadas a la estructura de las redes de comunicaci\u00f3n o dificultades t\u00e9cnicas.<\/p>\n<p>Por razones de mantenimiento, Planete-mascottes.com puede interrumpir el sitio y se esforzar\u00e1 por informar a los usuarios con antelaci\u00f3n.<\/p>\n<h2><strong>Propiedad intelectual<\/strong><\/h2>\n<p>La estructura general, as\u00ed como el software, textos, im\u00e1genes animadas o no, sonidos, know-how&#8230;., y todos los dem\u00e1s elementos que componen el sitio son propiedad de Planete-mascottes.com. El usuario est\u00e1 autorizado a consultar los datos que contiene \u00fanicamente para su uso personal no comercial, lo que excluye cualquier explotaci\u00f3n comercial a nivel local, nacional o internacional.<\/p>\n<p>Planete-mascottes.com recuerda, en particular, que ning\u00fan logotipo, texto, sonido, gr\u00e1fico o imagen contenidos en el sitio pueden ser total o parcialmente copiados, reproducidos, modificados, publicados, emitidos, enviados, transmitidos o distribuidos por cualquier medio sin su autorizaci\u00f3n previa por escrito. Cualquier representaci\u00f3n total o parcial de este sitio, sin la autorizaci\u00f3n expresa de Planete-mascottes.com est\u00e1 prohibida y constituir\u00eda una infracci\u00f3n sancionada por los art\u00edculos L.335-2 y siguientes del C\u00f3digo de la Propiedad Intelectual. Lo mismo se aplica a las bases de datos que aparecen en el sitio web, que est\u00e1n protegidas por las disposiciones de la Ley de 1 de julio de 1998 por la que se incorpora al C\u00f3digo de la Propiedad Intelectual la Directiva europea de 11 de marzo de 1996 sobre la protecci\u00f3n jur\u00eddica de las bases de datos. Cualquier reproducci\u00f3n total o parcial de estas marcas o logotipos realizada a partir de elementos del sitio sin la autorizaci\u00f3n expresa de Planete-mascottes.com est\u00e1 por tanto prohibida, en el sentido del art\u00edculo L.713-2 del C\u00f3digo de la Propiedad Intelectual.   <\/p>\n<h2><strong>Enlaces de hipertexto<\/strong><\/h2>\n<p>Las p\u00e1ginas de este sitio web pueden contener enlaces o referencias a otros sitios web. Planete-mascottes.com no garantiza el contenido de estos otros sitios y no se hace responsable de ning\u00fan da\u00f1o derivado del uso del contenido de estos sitios. Los enlaces a otros sitios se proporcionan \u00fanicamente para comodidad del usuario de este sitio web.  <\/p>\n<p>Planete-mascottes.com no es responsable de la existencia y contenido de los enlaces de otros sitios a su sitio. Los usuarios y visitantes del sitio web no pueden establecer un hiperv\u00ednculo a este sitio sin la autorizaci\u00f3n previa y expresa de Planete-mascottes.com. <\/p>\n<h2><strong>Responsabilidades<\/strong><\/h2>\n<p>Planete-mascottes.com no podr\u00e1 ser considerado responsable de ning\u00fan da\u00f1o directo o indirecto resultante de una interrupci\u00f3n, de una disfunci\u00f3n cualquiera que sea, y esto por alguna raz\u00f3n que sea, o de cualquier da\u00f1o directo e indirecto que resultara, de alguna manera, de una conexi\u00f3n al sitio. Toda persona que se conecte al sitio lo hace por su cuenta y riesgo. <\/p>\n<p>Planete-mascottes.com hace todo lo posible por proporcionar a los usuarios informaci\u00f3n y\/o herramientas disponibles y verificadas, pero no se hace responsable de los errores, la falta de disponibilidad de la informaci\u00f3n y\/o la presencia de virus en su sitio web. La informaci\u00f3n proporcionada por Planete-mascottes.com es orientativa. Planete-mascottes.com no puede garantizar la exactitud, exhaustividad o actualidad de la informaci\u00f3n publicada en su sitio web. En consecuencia, el usuario reconoce que utiliza esta informaci\u00f3n bajo su exclusiva responsabilidad.<\/p>\n","protected":false},"excerpt":{"rendered":"<p>Identidad Nombre de la empresa: SARL 2G PUBLICITE Forma jur\u00eddica: SARL SIRENA&nbsp;: 42184087700045 Capital social: 100.000,00 &nbsp; Datos de contacto Sede social: 117, rue des Gardelles &#8211; ZA Mozac &#8211; BP 90006 &#8211; 63200 MALAUZAT Correo electr\u00f3nico: contact@planete-mascottes.com Tel: (+ 33) 04 73 64 97 27 &nbsp; Editorial De conformidad con lo dispuesto en el [&hellip;]<\/p>\n","protected":false},"author":1,"featured_media":0,"parent":0,"menu_order":0,"comment_status":"closed","ping_status":"closed","template":"templates\/page-classic.php","meta":{"_acf_changed":false,"footnotes":""},"class_list":["post-7137","page","type-page","status-publish","hentry"],"acf":[],"yoast_head":"<!-- This site is optimized with the Yoast SEO plugin v24.6 - https:\/\/yoast.com\/wordpress\/plugins\/seo\/ -->\n<title>Informaci\u00f3n legal - Plan\u00e8te Mascottes<\/title>\n<meta name=\"description\" content=\"Consulta nuestro aviso legal: informaci\u00f3n legal sobre la empresa, nuestros servicios y la protecci\u00f3n de tus derechos como consumidor.\" \/>\n<meta name=\"robots\" content=\"noindex, follow\" \/>\n<meta property=\"og:locale\" content=\"es_ES\" \/>\n<meta property=\"og:type\" content=\"article\" \/>\n<meta property=\"og:title\" content=\"Informaci\u00f3n legal - Plan\u00e8te Mascottes\" \/>\n<meta property=\"og:description\" content=\"Consulta nuestro aviso legal: informaci\u00f3n legal sobre la empresa, nuestros servicios y la protecci\u00f3n de tus derechos como consumidor.\" \/>\n<meta property=\"og:url\" content=\"https:\/\/planetemascottes.mycoqpit.fr\/es\/informacion-legal\/\" \/>\n<meta property=\"og:site_name\" content=\"Plan\u00e8te Mascottes\" \/>\n<meta property=\"article:modified_time\" content=\"2025-03-04T08:48:12+00:00\" \/>\n<meta name=\"twitter:card\" content=\"summary_large_image\" \/>\n<meta name=\"twitter:label1\" content=\"Tiempo de lectura\" \/>\n\t<meta name=\"twitter:data1\" content=\"4 minutos\" \/>\n<script type=\"application\/ld+json\" class=\"yoast-schema-graph\">{\"@context\":\"https:\/\/schema.org\",\"@graph\":[{\"@type\":\"WebPage\",\"@id\":\"https:\/\/planetemascottes.mycoqpit.fr\/es\/informacion-legal\/\",\"url\":\"https:\/\/planetemascottes.mycoqpit.fr\/es\/informacion-legal\/\",\"name\":\"Informaci\u00f3n legal - Plan\u00e8te Mascottes\",\"isPartOf\":{\"@id\":\"https:\/\/planetemascottes.mycoqpit.fr\/es\/#website\"},\"datePublished\":\"2024-12-24T07:38:35+00:00\",\"dateModified\":\"2025-03-04T08:48:12+00:00\",\"description\":\"Consulta nuestro aviso legal: informaci\u00f3n legal sobre la empresa, nuestros servicios y la protecci\u00f3n de tus derechos como consumidor.\",\"breadcrumb\":{\"@id\":\"https:\/\/planetemascottes.mycoqpit.fr\/es\/informacion-legal\/#breadcrumb\"},\"inLanguage\":\"es\",\"potentialAction\":[{\"@type\":\"ReadAction\",\"target\":[\"https:\/\/planetemascottes.mycoqpit.fr\/es\/informacion-legal\/\"]}]},{\"@type\":\"BreadcrumbList\",\"@id\":\"https:\/\/planetemascottes.mycoqpit.fr\/es\/informacion-legal\/#breadcrumb\",\"itemListElement\":[{\"@type\":\"ListItem\",\"position\":1,\"name\":\"Accueil\",\"item\":\"https:\/\/planetemascottes.mycoqpit.fr\/es\/\"},{\"@type\":\"ListItem\",\"position\":2,\"name\":\"Informaci\u00f3n legal\"}]},{\"@type\":\"WebSite\",\"@id\":\"https:\/\/planetemascottes.mycoqpit.fr\/es\/#website\",\"url\":\"https:\/\/planetemascottes.mycoqpit.fr\/es\/\",\"name\":\"Plan\u00e8te Mascottes\",\"description\":\"\",\"publisher\":{\"@id\":\"https:\/\/planetemascottes.mycoqpit.fr\/es\/#organization\"},\"potentialAction\":[{\"@type\":\"SearchAction\",\"target\":{\"@type\":\"EntryPoint\",\"urlTemplate\":\"https:\/\/planetemascottes.mycoqpit.fr\/es\/?s={search_term_string}\"},\"query-input\":{\"@type\":\"PropertyValueSpecification\",\"valueRequired\":true,\"valueName\":\"search_term_string\"}}],\"inLanguage\":\"es\"},{\"@type\":\"Organization\",\"@id\":\"https:\/\/planetemascottes.mycoqpit.fr\/es\/#organization\",\"name\":\"Plan\u00e8te Mascottes\",\"url\":\"https:\/\/planetemascottes.mycoqpit.fr\/es\/\",\"logo\":{\"@type\":\"ImageObject\",\"inLanguage\":\"es\",\"@id\":\"https:\/\/planetemascottes.mycoqpit.fr\/es\/#\/schema\/logo\/image\/\",\"url\":\"https:\/\/planetemascottes.mycoqpit.fr\/wp-content\/uploads\/2024\/12\/planete-mascottes-logo.svg\",\"contentUrl\":\"https:\/\/planetemascottes.mycoqpit.fr\/wp-content\/uploads\/2024\/12\/planete-mascottes-logo.svg\",\"caption\":\"Plan\u00e8te Mascottes\"},\"image\":{\"@id\":\"https:\/\/planetemascottes.mycoqpit.fr\/es\/#\/schema\/logo\/image\/\"}}]}<\/script>\n<!-- \/ Yoast SEO plugin. -->","yoast_head_json":{"title":"Informaci\u00f3n legal - Plan\u00e8te Mascottes","description":"Consulta nuestro aviso legal: informaci\u00f3n legal sobre la empresa, nuestros servicios y la protecci\u00f3n de tus derechos como consumidor.","robots":{"index":"noindex","follow":"follow"},"og_locale":"es_ES","og_type":"article","og_title":"Informaci\u00f3n legal - Plan\u00e8te Mascottes","og_description":"Consulta nuestro aviso legal: informaci\u00f3n legal sobre la empresa, nuestros servicios y la protecci\u00f3n de tus derechos como consumidor.","og_url":"https:\/\/planetemascottes.mycoqpit.fr\/es\/informacion-legal\/","og_site_name":"Plan\u00e8te Mascottes","article_modified_time":"2025-03-04T08:48:12+00:00","twitter_card":"summary_large_image","twitter_misc":{"Tiempo de lectura":"4 minutos"},"schema":{"@context":"https:\/\/schema.org","@graph":[{"@type":"WebPage","@id":"https:\/\/planetemascottes.mycoqpit.fr\/es\/informacion-legal\/","url":"https:\/\/planetemascottes.mycoqpit.fr\/es\/informacion-legal\/","name":"Informaci\u00f3n legal - Plan\u00e8te Mascottes","isPartOf":{"@id":"https:\/\/planetemascottes.mycoqpit.fr\/es\/#website"},"datePublished":"2024-12-24T07:38:35+00:00","dateModified":"2025-03-04T08:48:12+00:00","description":"Consulta nuestro aviso legal: informaci\u00f3n legal sobre la empresa, nuestros servicios y la protecci\u00f3n de tus derechos como consumidor.","breadcrumb":{"@id":"https:\/\/planetemascottes.mycoqpit.fr\/es\/informacion-legal\/#breadcrumb"},"inLanguage":"es","potentialAction":[{"@type":"ReadAction","target":["https:\/\/planetemascottes.mycoqpit.fr\/es\/informacion-legal\/"]}]},{"@type":"BreadcrumbList","@id":"https:\/\/planetemascottes.mycoqpit.fr\/es\/informacion-legal\/#breadcrumb","itemListElement":[{"@type":"ListItem","position":1,"name":"Accueil","item":"https:\/\/planetemascottes.mycoqpit.fr\/es\/"},{"@type":"ListItem","position":2,"name":"Informaci\u00f3n legal"}]},{"@type":"WebSite","@id":"https:\/\/planetemascottes.mycoqpit.fr\/es\/#website","url":"https:\/\/planetemascottes.mycoqpit.fr\/es\/","name":"Plan\u00e8te Mascottes","description":"","publisher":{"@id":"https:\/\/planetemascottes.mycoqpit.fr\/es\/#organization"},"potentialAction":[{"@type":"SearchAction","target":{"@type":"EntryPoint","urlTemplate":"https:\/\/planetemascottes.mycoqpit.fr\/es\/?s={search_term_string}"},"query-input":{"@type":"PropertyValueSpecification","valueRequired":true,"valueName":"search_term_string"}}],"inLanguage":"es"},{"@type":"Organization","@id":"https:\/\/planetemascottes.mycoqpit.fr\/es\/#organization","name":"Plan\u00e8te Mascottes","url":"https:\/\/planetemascottes.mycoqpit.fr\/es\/","logo":{"@type":"ImageObject","inLanguage":"es","@id":"https:\/\/planetemascottes.mycoqpit.fr\/es\/#\/schema\/logo\/image\/","url":"https:\/\/planetemascottes.mycoqpit.fr\/wp-content\/uploads\/2024\/12\/planete-mascottes-logo.svg","contentUrl":"https:\/\/planetemascottes.mycoqpit.fr\/wp-content\/uploads\/2024\/12\/planete-mascottes-logo.svg","caption":"Plan\u00e8te Mascottes"},"image":{"@id":"https:\/\/planetemascottes.mycoqpit.fr\/es\/#\/schema\/logo\/image\/"}}]}},"_links":{"self":[{"href":"https:\/\/planetemascottes.mycoqpit.fr\/es\/wp-json\/wp\/v2\/pages\/7137","targetHints":{"allow":["GET"]}}],"collection":[{"href":"https:\/\/planetemascottes.mycoqpit.fr\/es\/wp-json\/wp\/v2\/pages"}],"about":[{"href":"https:\/\/planetemascottes.mycoqpit.fr\/es\/wp-json\/wp\/v2\/types\/page"}],"author":[{"embeddable":true,"href":"https:\/\/planetemascottes.mycoqpit.fr\/es\/wp-json\/wp\/v2\/users\/1"}],"replies":[{"embeddable":true,"href":"https:\/\/planetemascottes.mycoqpit.fr\/es\/wp-json\/wp\/v2\/comments?post=7137"}],"version-history":[{"count":1,"href":"https:\/\/planetemascottes.mycoqpit.fr\/es\/wp-json\/wp\/v2\/pages\/7137\/revisions"}],"predecessor-version":[{"id":7216,"href":"https:\/\/planetemascottes.mycoqpit.fr\/es\/wp-json\/wp\/v2\/pages\/7137\/revisions\/7216"}],"wp:attachment":[{"href":"https:\/\/planetemascottes.mycoqpit.fr\/es\/wp-json\/wp\/v2\/media?parent=7137"}],"curies":[{"name":"wp","href":"https:\/\/api.w.org\/{rel}","templated":true}]}}