{"id":6948,"date":"2024-12-24T08:55:45","date_gmt":"2024-12-24T07:55:45","guid":{"rendered":"https:\/\/planetemascottes.mycoqpit.fr\/politica-de-privacidad\/"},"modified":"2025-03-04T09:48:27","modified_gmt":"2025-03-04T08:48:27","slug":"politica-de-privacidad","status":"publish","type":"page","link":"https:\/\/planetemascottes.mycoqpit.fr\/es\/politica-de-privacidad\/","title":{"rendered":"Pol\u00edtica de privacidad"},"content":{"rendered":"<p>El respeto de tu vida privada y de tus Datos Personales es una prioridad para Plan\u00e8te Mascottes.<\/p>\n<p>La Carta para la protecci\u00f3n de tus datos personales (en lo sucesivo, \u00abla Carta\u00bb) establece los compromisos que adquirimos contigo en relaci\u00f3n con la recogida, uso y archivo de tus Datos Personales.<\/p>\n<p>Podemos modificar esta Carta para satisfacer a\u00fan mejor tus necesidades. En ese caso, se te notificar\u00e1n los cambios que se introduzcan. <\/p>\n<h2>1. Algunas definiciones<\/h2>\n<p>Siempre que los t\u00e9rminos que figuran a continuaci\u00f3n se utilicen en la Carta con may\u00fascula, se aplicar\u00e1 la definici\u00f3n que figura a continuaci\u00f3n.<\/p>\n<p>Por <strong>Sitio<\/strong> se entiende el sitio de Internet que puede consultarse desde un navegador Web y al que se puede acceder en la direcci\u00f3n <a href=\"http:\/\/www.planete-mascottes.com\/\">Plan\u00e8te Mascottes: Achat Mascotte \u00a4 D\u00e9guisement \u00a4 Costume (planete-mascottes.com).<\/a><\/p>\n<p>Por <strong>Datos Personales o Datos<\/strong> se entiende cualquier informaci\u00f3n que permita identificarte, de cualquier forma, directa o indirectamente (tu nombre, etc.) o indirectamente (tu seud\u00f3nimo, un identificador, tu direcci\u00f3n IP, etc.).<\/p>\n<p>El <strong>responsable del tratamiento de datos<\/strong> es la persona que define el tipo de informaci\u00f3n recopilada y el uso que se hace de dicha informaci\u00f3n. El responsable del tratamiento es Plan\u00e8te Mascottes, representada por Antoine VERNE. <\/p>\n<p>Puedes ponerte en contacto con nosotros en contact@panete-mascottes.com<\/p>\n<p><strong>Cookie(s)<\/strong> es un peque\u00f1o archivo inform\u00e1tico que se instala autom\u00e1ticamente en tu navegador. Estos archivos se almacenan temporalmente en tu smartphone\/tableta\/ordenador. Pueden ser necesarios para permitirte utilizar el Sitio o, en algunos casos, para facilitar su uso.  <\/p>\n<p><strong>Anfitri\u00f3n<\/strong> se refiere a la entidad que ofrece el servicio de alojar un sitio web.<\/p>\n<p><strong>Servicio<\/strong> se refiere a la tarea que nos has encomendado, que requiere que recopilemos una cierta cantidad de tus Datos.<\/p>\n<h2>2. \u00bfDe qu\u00e9 datos se trata?<\/h2>\n<p>En estricto cumplimiento del RGPD, s\u00f3lo recogemos tus Datos cuando es necesario para prestar el Servicio o cuando nos has dado tu consentimiento para que tus Datos sean utilizados.<\/p>\n<p>Estos datos pueden hab\u00e9rnoslos proporcionado directamente a trav\u00e9s de un formulario o por contacto directo (apellidos, nombre, tel\u00e9fono, correo electr\u00f3nico) o pueden ser recogidos indirectamente, mediante el uso de Cookies cuando navegas por nuestro Sitio, siempre que hayas dado tu consentimiento.<\/p>\n<p>Recogemos los siguientes Datos:<\/p>\n<ul>\n<li>datos de identificaci\u00f3n: apellidos, nombres, direcci\u00f3n de correo electr\u00f3nico, direcci\u00f3n f\u00edsica&nbsp;;<\/li>\n<li>datos relativos al seguimiento de nuestra relaci\u00f3n contigo: solicitudes de informaci\u00f3n, tus datos de conexi\u00f3n (en relaci\u00f3n con las Cookies que se definen en la pol\u00edtica de Cookies de nuestro Sitio).<\/li>\n<\/ul>\n<h2>3. \u00bfPor qu\u00e9 recogemos tus Datos?<\/h2>\n<p>Tus datos se recogen, utilizan y almacenan de forma transparente, confidencial y segura.<\/p>\n<p>Tus Datos se recogen para&nbsp;:<\/p>\n<ul>\n<li>permitirnos llevar a cabo el servicio que quieres que te prestemos<\/li>\n<li>para garantizar el buen funcionamiento y la mejora del Sitio, ayud\u00e1ndonos a mejorar nuestro Sitio mediante la elaboraci\u00f3n de estad\u00edsticas, especialmente en lo que respecta a la informaci\u00f3n consultada<\/li>\n<li>permitirte recibir nuestras noticias e invitaciones, una vez que hayas aceptado el principio<\/li>\n<li>para permitirnos tramitar las solicitudes de ejercicio de tus derechos<\/li>\n<li>permitirnos responder a solicitudes oficiales de autoridades p\u00fablicas o judiciales autorizadas para ello.<\/li>\n<\/ul>\n<p>Estamos legalmente autorizados a recoger tus datos de identificaci\u00f3n para prestar el Servicio.<\/p>\n<p>S\u00f3lo utilizaremos tus datos con fines de marketing si nos has dado tu consentimiento para ello. Si te has negado, no te enviaremos ninguna solicitud. Puedes cambiar de opini\u00f3n en cualquier momento.  <\/p>\n<p>Desde el momento en que aceptas nuestra pol\u00edtica de confidencialidad, nos autorizas a enviarte nuestro bolet\u00edn informativo y, en general, informaci\u00f3n relativa a Plan\u00e8te Mascottes.<\/p>\n<h2>4. \u00bfQui\u00e9n es responsable de proteger tus datos?<\/h2>\n<p>El Responsable del Tratamiento es la organizaci\u00f3n que recoge tus Datos y es responsable de su seguridad.<\/p>\n<p>Tomamos todas las medidas necesarias para proteger los Datos que aceptas confiarnos, en particular limitando el acceso a dichos Datos a las personas implicadas en la prestaci\u00f3n del Servicio y asegurando el acceso a dichos Datos.<\/p>\n<h2>5. \u00bfQui\u00e9n tiene acceso a mis Datos?<\/h2>\n<p>S\u00f3lo las personas implicadas en la prestaci\u00f3n del Servicio pueden tener acceso a tus Datos.<\/p>\n<p><strong>En ning\u00fan caso tus Datos ser\u00e1n objeto de un intercambio comercial<\/strong>. No compartimos, vendemos, transferimos ni distribuimos tus Datos a terceros, a menos que lo exija la ley. <\/p>\n<p>Sin embargo, podemos transferir datos a organizaciones con las que colaboramos para prestar el Servicio, como socios o proveedores, o proveedores de servicios que trabajan con nosotros para gestionar el negocio (contables, asistentes administrativos, etc.). Estos proveedores de servicios pueden alojar temporalmente tus Datos. Nos aseguramos de que garanticen los mismos derechos que nosotros para proteger estos Datos.  <\/p>\n<p>Estas organizaciones act\u00faan como subcontratistas en el marco del RGPD y se comprometen a cumplir todas las disposiciones aplicables: los datos recogidos ocasionalmente por estos proveedores de servicios s\u00f3lo se utilizar\u00e1n en el marco de los contratos que nos vinculan y en ning\u00fan caso en su beneficio.<\/p>\n<h2>6. \u00bfCu\u00e1nto tiempo conserv\u00e1is mis Datos?<\/h2>\n<p>Para cumplir los fines establecidos en el punto 2 (\u00abPor qu\u00e9 recogemos tus Datos\u00bb), almacenamos tus Datos en un formato legible durante los siguientes periodos:<\/p>\n<ul>\n<li>Datos recogidos a trav\u00e9s del formulario de contacto: duraci\u00f3n m\u00e1xima de un a\u00f1o.<\/li>\n<li>Datos recogidos a trav\u00e9s de cookies: duraci\u00f3n m\u00e1xima de un a\u00f1o<\/li>\n<li>Datos recogidos en el marco de nuestra relaci\u00f3n contractual: duraci\u00f3n del servicio m\u00e1s un periodo de 3 a\u00f1os, si has dado tu consentimiento para que nos pongamos en contacto contigo. Adem\u00e1s, los datos necesarios a efectos de facturaci\u00f3n se conservan durante un periodo de 10 a\u00f1os, de conformidad con las disposiciones legales vigentes. <\/li>\n<\/ul>\n<p>Tras estos periodos, tus Datos se eliminan en cuanto cumplimos nuestras obligaciones legales.<\/p>\n<h2>7. \u00bfCu\u00e1les son mis derechos?<\/h2>\n<p>Tienes derecho a:<\/p>\n<ul>\n<li><strong>acceso a tus Datos<\/strong> y derecho a rectificarlos, completarlos y actualizarlos.<\/li>\n<li><strong>bloquear o suprimir tus Datos<\/strong> si tuvieras conocimiento de errores, inexactitudes o de la presencia de datos cuya recogida, utilizaci\u00f3n, comunicaci\u00f3n o almacenamiento estuvieran prohibidos;<\/li>\n<li><strong>cambiar de opini\u00f3n en cualquier momento<\/strong> y retirar tu consentimiento para el uso de tus Datos.<\/li>\n<li><strong>solicitar que tus Datos se conserven sin ser utilizados durante un determinado periodo de tiempo<\/strong> (por ejemplo, cuando solicitas la rectificaci\u00f3n de tus Datos).<\/li>\n<li><strong>oponerte al uso de tus Datos para un fin espec\u00edfico<\/strong>. En este caso, deber\u00e1s explicar los motivos de tu solicitud bas\u00e1ndote en tu situaci\u00f3n particular. Sin embargo, puedes oponerte a la prospecci\u00f3n comercial sin dar ninguna raz\u00f3n.  <\/li>\n<li><strong>solicitar la portabilidad de tus Datos<\/strong>. Esto significa que puedes recuperar tus Datos en un formato legible y conservarlos o transmitirlos a un tercero. <\/li>\n<li><strong>definir el destino de tus Datos tras tu fallecimiento<\/strong>. Esto significa que puedes elegir permitir que tus Datos se transmitan a un tercero que hayas indicado o, por el contrario, prohibir cualquier comunicaci\u00f3n de tus Datos. <\/li>\n<\/ul>\n<p>Para saber m\u00e1s sobre tus derechos, visita la p\u00e1gina web de la CNIL<a href=\"https:\/\/www.cnil.fr\/\" target=\"_blank\" rel=\"noopener\">(https:\/\/cnil.fr).<\/a><\/p>\n<h2>8. \u00bfC\u00f3mo puedo ejercer mis derechos?<\/h2>\n<p>Para cualquier solicitud relativa al ejercicio de tus derechos, s\u00f3lo tienes que enviarnos un correo electr\u00f3nico a contact@planete-mascottes.com, adjuntando una copia de tu documento de identidad (no conservaremos ninguna copia de este documento, que ser\u00e1 destruido una vez comprobada tu identidad). Examinaremos tu solicitud lo antes posible. <\/p>\n<p>Si consideras que, a pesar del cuidado que hemos puesto en responderte, no hemos respetado tus derechos, puedes presentar una reclamaci\u00f3n ante la CNIL.<\/p>\n<p>Puedes ponerte en contacto con la CNIL utilizando el formulario de su sitio web<a href=\"https:\/\/www.cnil.fr\/fr\/plaintes\" target=\"_blank\" rel=\"noopener\">(https:\/\/www.cnil.fr\/fr\/plaintes)<\/a>. Tambi\u00e9n puedes enviarles una carta por correo a esta direcci\u00f3n: CNIL &#8211; 3 Place de Fontenoy &#8211; TSA 80715 &#8211; 75334 PARIS CEDEX 07. <\/p>\n<h2>9. \u00bfCon qui\u00e9n debo ponerme en contacto si tengo alguna pregunta?<\/h2>\n<p>Puedes ponerte en contacto con nosotros en cualquier momento en contact@planete-mascottes.com.<\/p>\n<p>Nos pondremos en contacto contigo lo antes posible.<\/p>\n","protected":false},"excerpt":{"rendered":"<p>El respeto de tu vida privada y de tus Datos Personales es una prioridad para Plan\u00e8te Mascottes. La Carta para la protecci\u00f3n de tus datos personales (en lo sucesivo, \u00abla Carta\u00bb) establece los compromisos que adquirimos contigo en relaci\u00f3n con la recogida, uso y archivo de tus Datos Personales. Podemos modificar esta Carta para satisfacer [&hellip;]<\/p>\n","protected":false},"author":1,"featured_media":0,"parent":0,"menu_order":0,"comment_status":"closed","ping_status":"closed","template":"templates\/page-classic.php","meta":{"_acf_changed":false,"footnotes":""},"class_list":["post-6948","page","type-page","status-publish","hentry"],"acf":[],"yoast_head":"<!-- This site is optimized with the Yoast SEO plugin v24.6 - https:\/\/yoast.com\/wordpress\/plugins\/seo\/ -->\n<title>Pol\u00edtica de privacidad - Plan\u00e8te Mascottes<\/title>\n<meta name=\"description\" content=\"Descubre nuestra pol\u00edtica de privacidad: c\u00f3mo protegemos tus datos personales y respetamos tu intimidad.\" \/>\n<meta name=\"robots\" content=\"noindex, follow\" \/>\n<meta property=\"og:locale\" content=\"es_ES\" \/>\n<meta property=\"og:type\" content=\"article\" \/>\n<meta property=\"og:title\" content=\"Pol\u00edtica de privacidad - Plan\u00e8te Mascottes\" \/>\n<meta property=\"og:description\" content=\"Descubre nuestra pol\u00edtica de privacidad: c\u00f3mo protegemos tus datos personales y respetamos tu intimidad.\" \/>\n<meta property=\"og:url\" content=\"https:\/\/planetemascottes.mycoqpit.fr\/es\/politica-de-privacidad\/\" \/>\n<meta property=\"og:site_name\" content=\"Plan\u00e8te Mascottes\" \/>\n<meta property=\"article:modified_time\" content=\"2025-03-04T08:48:27+00:00\" \/>\n<meta name=\"twitter:card\" content=\"summary_large_image\" \/>\n<meta name=\"twitter:label1\" content=\"Tiempo de lectura\" \/>\n\t<meta name=\"twitter:data1\" content=\"7 minutos\" \/>\n<script type=\"application\/ld+json\" class=\"yoast-schema-graph\">{\"@context\":\"https:\/\/schema.org\",\"@graph\":[{\"@type\":\"WebPage\",\"@id\":\"https:\/\/planetemascottes.mycoqpit.fr\/es\/politica-de-privacidad\/\",\"url\":\"https:\/\/planetemascottes.mycoqpit.fr\/es\/politica-de-privacidad\/\",\"name\":\"Pol\u00edtica de privacidad - Plan\u00e8te Mascottes\",\"isPartOf\":{\"@id\":\"https:\/\/planetemascottes.mycoqpit.fr\/es\/#website\"},\"datePublished\":\"2024-12-24T07:55:45+00:00\",\"dateModified\":\"2025-03-04T08:48:27+00:00\",\"description\":\"Descubre nuestra pol\u00edtica de privacidad: c\u00f3mo protegemos tus datos personales y respetamos tu intimidad.\",\"breadcrumb\":{\"@id\":\"https:\/\/planetemascottes.mycoqpit.fr\/es\/politica-de-privacidad\/#breadcrumb\"},\"inLanguage\":\"es\",\"potentialAction\":[{\"@type\":\"ReadAction\",\"target\":[\"https:\/\/planetemascottes.mycoqpit.fr\/es\/politica-de-privacidad\/\"]}]},{\"@type\":\"BreadcrumbList\",\"@id\":\"https:\/\/planetemascottes.mycoqpit.fr\/es\/politica-de-privacidad\/#breadcrumb\",\"itemListElement\":[{\"@type\":\"ListItem\",\"position\":1,\"name\":\"Accueil\",\"item\":\"https:\/\/planetemascottes.mycoqpit.fr\/es\/\"},{\"@type\":\"ListItem\",\"position\":2,\"name\":\"Pol\u00edtica de privacidad\"}]},{\"@type\":\"WebSite\",\"@id\":\"https:\/\/planetemascottes.mycoqpit.fr\/es\/#website\",\"url\":\"https:\/\/planetemascottes.mycoqpit.fr\/es\/\",\"name\":\"Plan\u00e8te Mascottes\",\"description\":\"\",\"publisher\":{\"@id\":\"https:\/\/planetemascottes.mycoqpit.fr\/es\/#organization\"},\"potentialAction\":[{\"@type\":\"SearchAction\",\"target\":{\"@type\":\"EntryPoint\",\"urlTemplate\":\"https:\/\/planetemascottes.mycoqpit.fr\/es\/?s={search_term_string}\"},\"query-input\":{\"@type\":\"PropertyValueSpecification\",\"valueRequired\":true,\"valueName\":\"search_term_string\"}}],\"inLanguage\":\"es\"},{\"@type\":\"Organization\",\"@id\":\"https:\/\/planetemascottes.mycoqpit.fr\/es\/#organization\",\"name\":\"Plan\u00e8te Mascottes\",\"url\":\"https:\/\/planetemascottes.mycoqpit.fr\/es\/\",\"logo\":{\"@type\":\"ImageObject\",\"inLanguage\":\"es\",\"@id\":\"https:\/\/planetemascottes.mycoqpit.fr\/es\/#\/schema\/logo\/image\/\",\"url\":\"https:\/\/planetemascottes.mycoqpit.fr\/wp-content\/uploads\/2024\/12\/planete-mascottes-logo.svg\",\"contentUrl\":\"https:\/\/planetemascottes.mycoqpit.fr\/wp-content\/uploads\/2024\/12\/planete-mascottes-logo.svg\",\"caption\":\"Plan\u00e8te Mascottes\"},\"image\":{\"@id\":\"https:\/\/planetemascottes.mycoqpit.fr\/es\/#\/schema\/logo\/image\/\"}}]}<\/script>\n<!-- \/ Yoast SEO plugin. -->","yoast_head_json":{"title":"Pol\u00edtica de privacidad - Plan\u00e8te Mascottes","description":"Descubre nuestra pol\u00edtica de privacidad: c\u00f3mo protegemos tus datos personales y respetamos tu intimidad.","robots":{"index":"noindex","follow":"follow"},"og_locale":"es_ES","og_type":"article","og_title":"Pol\u00edtica de privacidad - Plan\u00e8te Mascottes","og_description":"Descubre nuestra pol\u00edtica de privacidad: c\u00f3mo protegemos tus datos personales y respetamos tu intimidad.","og_url":"https:\/\/planetemascottes.mycoqpit.fr\/es\/politica-de-privacidad\/","og_site_name":"Plan\u00e8te Mascottes","article_modified_time":"2025-03-04T08:48:27+00:00","twitter_card":"summary_large_image","twitter_misc":{"Tiempo de lectura":"7 minutos"},"schema":{"@context":"https:\/\/schema.org","@graph":[{"@type":"WebPage","@id":"https:\/\/planetemascottes.mycoqpit.fr\/es\/politica-de-privacidad\/","url":"https:\/\/planetemascottes.mycoqpit.fr\/es\/politica-de-privacidad\/","name":"Pol\u00edtica de privacidad - Plan\u00e8te Mascottes","isPartOf":{"@id":"https:\/\/planetemascottes.mycoqpit.fr\/es\/#website"},"datePublished":"2024-12-24T07:55:45+00:00","dateModified":"2025-03-04T08:48:27+00:00","description":"Descubre nuestra pol\u00edtica de privacidad: c\u00f3mo protegemos tus datos personales y respetamos tu intimidad.","breadcrumb":{"@id":"https:\/\/planetemascottes.mycoqpit.fr\/es\/politica-de-privacidad\/#breadcrumb"},"inLanguage":"es","potentialAction":[{"@type":"ReadAction","target":["https:\/\/planetemascottes.mycoqpit.fr\/es\/politica-de-privacidad\/"]}]},{"@type":"BreadcrumbList","@id":"https:\/\/planetemascottes.mycoqpit.fr\/es\/politica-de-privacidad\/#breadcrumb","itemListElement":[{"@type":"ListItem","position":1,"name":"Accueil","item":"https:\/\/planetemascottes.mycoqpit.fr\/es\/"},{"@type":"ListItem","position":2,"name":"Pol\u00edtica de privacidad"}]},{"@type":"WebSite","@id":"https:\/\/planetemascottes.mycoqpit.fr\/es\/#website","url":"https:\/\/planetemascottes.mycoqpit.fr\/es\/","name":"Plan\u00e8te Mascottes","description":"","publisher":{"@id":"https:\/\/planetemascottes.mycoqpit.fr\/es\/#organization"},"potentialAction":[{"@type":"SearchAction","target":{"@type":"EntryPoint","urlTemplate":"https:\/\/planetemascottes.mycoqpit.fr\/es\/?s={search_term_string}"},"query-input":{"@type":"PropertyValueSpecification","valueRequired":true,"valueName":"search_term_string"}}],"inLanguage":"es"},{"@type":"Organization","@id":"https:\/\/planetemascottes.mycoqpit.fr\/es\/#organization","name":"Plan\u00e8te Mascottes","url":"https:\/\/planetemascottes.mycoqpit.fr\/es\/","logo":{"@type":"ImageObject","inLanguage":"es","@id":"https:\/\/planetemascottes.mycoqpit.fr\/es\/#\/schema\/logo\/image\/","url":"https:\/\/planetemascottes.mycoqpit.fr\/wp-content\/uploads\/2024\/12\/planete-mascottes-logo.svg","contentUrl":"https:\/\/planetemascottes.mycoqpit.fr\/wp-content\/uploads\/2024\/12\/planete-mascottes-logo.svg","caption":"Plan\u00e8te Mascottes"},"image":{"@id":"https:\/\/planetemascottes.mycoqpit.fr\/es\/#\/schema\/logo\/image\/"}}]}},"_links":{"self":[{"href":"https:\/\/planetemascottes.mycoqpit.fr\/es\/wp-json\/wp\/v2\/pages\/6948","targetHints":{"allow":["GET"]}}],"collection":[{"href":"https:\/\/planetemascottes.mycoqpit.fr\/es\/wp-json\/wp\/v2\/pages"}],"about":[{"href":"https:\/\/planetemascottes.mycoqpit.fr\/es\/wp-json\/wp\/v2\/types\/page"}],"author":[{"embeddable":true,"href":"https:\/\/planetemascottes.mycoqpit.fr\/es\/wp-json\/wp\/v2\/users\/1"}],"replies":[{"embeddable":true,"href":"https:\/\/planetemascottes.mycoqpit.fr\/es\/wp-json\/wp\/v2\/comments?post=6948"}],"version-history":[{"count":1,"href":"https:\/\/planetemascottes.mycoqpit.fr\/es\/wp-json\/wp\/v2\/pages\/6948\/revisions"}],"predecessor-version":[{"id":7223,"href":"https:\/\/planetemascottes.mycoqpit.fr\/es\/wp-json\/wp\/v2\/pages\/6948\/revisions\/7223"}],"wp:attachment":[{"href":"https:\/\/planetemascottes.mycoqpit.fr\/es\/wp-json\/wp\/v2\/media?parent=6948"}],"curies":[{"name":"wp","href":"https:\/\/api.w.org\/{rel}","templated":true}]}}