{"id":9767,"date":"2025-01-13T09:25:40","date_gmt":"2025-01-13T08:25:40","guid":{"rendered":"https:\/\/planetemascottes.mycoqpit.fr\/produit\/weihnachtsbaum-maskottchen\/"},"modified":"2025-01-13T09:25:40","modified_gmt":"2025-01-13T08:25:40","slug":"weihnachtsbaum-maskottchen","status":"publish","type":"product","link":"https:\/\/planetemascottes.mycoqpit.fr\/de\/produit\/weihnachtsbaum-maskottchen\/","title":{"rendered":"Weihnachtsbaum-Maskottchen"},"content":{"rendered":"<p><strong>Das Weihnachtsbaum-Maskottchen<\/strong>, mit diesem Maskottchen werden Sie zweifelsohne f\u00fcr die Weihnachtszeit ger\u00fcstet sein. In diesem Kost\u00fcm sehen Sie von oben (unter dem Stern), so dass Sie einen Baum von ca. 1,80-2,00 m haben, wenn Sie es tragen. <\/p>\n<p>Mit seinen freundlichen Augen und seinem breiten L\u00e4cheln ist der Weihnachtsbaum am Ende des Jahres oder auch im Sommer der Renner, aber es stimmt, dass man ihn eher um Weihnachten herum antrifft. Alles besteht aus <strong>abnehmbaren Teilen<\/strong>, so dass Sie dieses sch\u00f6ne Maskottchen jedes Jahr in Ihrer Aufbewahrungstasche aufbewahren k\u00f6nnen. <\/p>\n<p>Waschbar bei <strong>30\u00b0C<\/strong> in der Maschine und geeignet f\u00fcr Personen mit einer K\u00f6rpergr\u00f6\u00dfe <strong>von 1,60 bis 1,90 m.<\/strong> Sie k\u00f6nnen dieses Produkt <strong>individuell gestalten<\/strong>, indem Sie es <strong>besticken<\/strong> oder die Farbe \u00e4ndern. <\/p>\n<p>Dieses Maskottchen-Kost\u00fcm kann in Ihren Farben <strong>gestaltet<\/strong> werden: Stickereien, Farben, Stoffe etc. Alle unsere <a href=\"https:\/\/planetemascottes.mycoqpit.fr\/categorie-produit\/nos-mascottes\/fetes\">Weihnachtsmaskottchen<\/a> finden Sie auf unserer Website.<\/p>\n<p>Die auf der Website plan\u00e8te-mascottes.com angebotenen Maskottchen sind f\u00fcr eine <strong>intensive<\/strong> \u00f6ffentliche Nutzung geeignet.<\/p>\n<p>Maskottchen in<strong> Einheitsgr\u00f6\u00dfe<\/strong> erh\u00e4ltlich. Das Weihnachtsbaumkost\u00fcm besteht aus einzelnen Teilen, die Sie in der <strong>Waschmaschine<\/strong> waschen k\u00f6nnen.<\/p>\n","protected":false},"excerpt":{"rendered":"<p><strong>Maskottchenkost\u00fcm eines Weihnachtsbaums<\/strong> f\u00fcr Ihre Veranstaltungen und Animationen.<\/p>\n<p>Professionelles Maskottchen made in France, das die<strong> CE- <\/strong>und<strong> REACH-Normen<\/strong> erf\u00fcllt.<\/p>\n<p>Enthaltene Elemente: Anzug, Kopf, Handschuhe und Schuhe.<\/p>\n<p>Um die <strong>Qualit\u00e4t<\/strong> und <strong>Haltbarkeit<\/strong> Ihres Weihnachtsbaum-Maskottchens zu gew\u00e4hrleisten, ist die Pflege von <strong>entscheidender<\/strong> Bedeutung. Unsere <strong>Ratschl\u00e4ge<\/strong> finden Sie in der <a href=\"https:\/\/planetemascottes.mycoqpit.fr\/mascottes-sur-mesure\">FAQ<\/a>. <\/p>\n","protected":false},"featured_media":9768,"comment_status":"closed","ping_status":"closed","template":"","meta":{"_acf_changed":false},"product_brand":[],"product_cat":[120,123,94],"product_tag":[],"class_list":{"0":"post-9767","1":"product","2":"type-product","3":"status-publish","4":"has-post-thumbnail","6":"product_cat-feste","7":"product_cat-pflanzen","8":"product_cat-unsere-maskottchen","10":"first","11":"instock","12":"taxable","13":"shipping-taxable","14":"purchasable","15":"product-type-simple"},"acf":[],"yoast_head":"<!-- This site is optimized with the Yoast SEO plugin v24.6 - https:\/\/yoast.com\/wordpress\/plugins\/seo\/ -->\n<title>Weihnachtsbaum-Maskottchen und ma\u00dfgeschneiderte Maskottchen- Plan\u00e8te Mascottes<\/title>\n<meta name=\"description\" content=\"Plan\u00e8te Mascottes bietet professionelle Maskottchenkost\u00fcme von h\u00f6chster Qualit\u00e4t, made in France unter Einhaltung der CE- und REACH-Normen.\" \/>\n<meta name=\"robots\" content=\"index, follow, max-snippet:-1, max-image-preview:large, max-video-preview:-1\" \/>\n<link rel=\"canonical\" href=\"https:\/\/planetemascottes.mycoqpit.fr\/de\/produit\/weihnachtsbaum-maskottchen\/\" \/>\n<meta property=\"og:locale\" content=\"de_DE\" \/>\n<meta property=\"og:type\" content=\"article\" \/>\n<meta property=\"og:title\" content=\"Weihnachtsbaum-Maskottchen und ma\u00dfgeschneiderte Maskottchen- Plan\u00e8te Mascottes\" \/>\n<meta property=\"og:description\" content=\"Plan\u00e8te Mascottes bietet professionelle Maskottchenkost\u00fcme von h\u00f6chster Qualit\u00e4t, made in France unter Einhaltung der CE- und REACH-Normen.\" \/>\n<meta property=\"og:url\" content=\"https:\/\/planetemascottes.mycoqpit.fr\/de\/produit\/weihnachtsbaum-maskottchen\/\" \/>\n<meta property=\"og:site_name\" content=\"Plan\u00e8te Mascottes\" \/>\n<meta property=\"og:image\" content=\"https:\/\/planetemascottes.mycoqpit.fr\/wp-content\/uploads\/2025\/01\/mascotte-de-sapin-de-noel-1159.webp\" \/>\n\t<meta property=\"og:image:width\" content=\"800\" \/>\n\t<meta property=\"og:image:height\" content=\"1040\" \/>\n\t<meta property=\"og:image:type\" content=\"image\/png\" \/>\n<meta name=\"twitter:card\" content=\"summary_large_image\" \/>\n<meta name=\"twitter:label1\" content=\"Gesch\u00e4tzte Lesezeit\" \/>\n\t<meta name=\"twitter:data1\" content=\"1\u00a0Minute\" \/>\n<script type=\"application\/ld+json\" class=\"yoast-schema-graph\">{\"@context\":\"https:\/\/schema.org\",\"@graph\":[{\"@type\":\"WebPage\",\"@id\":\"https:\/\/planetemascottes.mycoqpit.fr\/de\/produit\/weihnachtsbaum-maskottchen\/\",\"url\":\"https:\/\/planetemascottes.mycoqpit.fr\/de\/produit\/weihnachtsbaum-maskottchen\/\",\"name\":\"Weihnachtsbaum-Maskottchen und ma\u00dfgeschneiderte Maskottchen- Plan\u00e8te Mascottes\",\"isPartOf\":{\"@id\":\"https:\/\/planetemascottes.mycoqpit.fr\/de\/#website\"},\"primaryImageOfPage\":{\"@id\":\"https:\/\/planetemascottes.mycoqpit.fr\/de\/produit\/weihnachtsbaum-maskottchen\/#primaryimage\"},\"image\":{\"@id\":\"https:\/\/planetemascottes.mycoqpit.fr\/de\/produit\/weihnachtsbaum-maskottchen\/#primaryimage\"},\"thumbnailUrl\":\"https:\/\/planetemascottes.mycoqpit.fr\/wp-content\/uploads\/2025\/01\/mascotte-de-sapin-de-noel-1159.webp\",\"datePublished\":\"2025-01-13T08:25:40+00:00\",\"description\":\"Plan\u00e8te Mascottes bietet professionelle Maskottchenkost\u00fcme von h\u00f6chster Qualit\u00e4t, made in France unter Einhaltung der CE- und REACH-Normen.\",\"breadcrumb\":{\"@id\":\"https:\/\/planetemascottes.mycoqpit.fr\/de\/produit\/weihnachtsbaum-maskottchen\/#breadcrumb\"},\"inLanguage\":\"de\",\"potentialAction\":[{\"@type\":\"ReadAction\",\"target\":[\"https:\/\/planetemascottes.mycoqpit.fr\/de\/produit\/weihnachtsbaum-maskottchen\/\"]}]},{\"@type\":\"ImageObject\",\"inLanguage\":\"de\",\"@id\":\"https:\/\/planetemascottes.mycoqpit.fr\/de\/produit\/weihnachtsbaum-maskottchen\/#primaryimage\",\"url\":\"https:\/\/planetemascottes.mycoqpit.fr\/wp-content\/uploads\/2025\/01\/mascotte-de-sapin-de-noel-1159.webp\",\"contentUrl\":\"https:\/\/planetemascottes.mycoqpit.fr\/wp-content\/uploads\/2025\/01\/mascotte-de-sapin-de-noel-1159.webp\",\"width\":800,\"height\":1040},{\"@type\":\"BreadcrumbList\",\"@id\":\"https:\/\/planetemascottes.mycoqpit.fr\/de\/produit\/weihnachtsbaum-maskottchen\/#breadcrumb\",\"itemListElement\":[{\"@type\":\"ListItem\",\"position\":1,\"name\":\"Accueil\",\"item\":\"https:\/\/planetemascottes.mycoqpit.fr\/de\/\"},{\"@type\":\"ListItem\",\"position\":2,\"name\":\"Shop\",\"item\":\"https:\/\/planetemascottes.mycoqpit.fr\/boutique\/\"},{\"@type\":\"ListItem\",\"position\":3,\"name\":\"Weihnachtsbaum-Maskottchen\"}]},{\"@type\":\"WebSite\",\"@id\":\"https:\/\/planetemascottes.mycoqpit.fr\/de\/#website\",\"url\":\"https:\/\/planetemascottes.mycoqpit.fr\/de\/\",\"name\":\"Plan\u00e8te Mascottes\",\"description\":\"\",\"publisher\":{\"@id\":\"https:\/\/planetemascottes.mycoqpit.fr\/de\/#organization\"},\"potentialAction\":[{\"@type\":\"SearchAction\",\"target\":{\"@type\":\"EntryPoint\",\"urlTemplate\":\"https:\/\/planetemascottes.mycoqpit.fr\/de\/?s={search_term_string}\"},\"query-input\":{\"@type\":\"PropertyValueSpecification\",\"valueRequired\":true,\"valueName\":\"search_term_string\"}}],\"inLanguage\":\"de\"},{\"@type\":\"Organization\",\"@id\":\"https:\/\/planetemascottes.mycoqpit.fr\/de\/#organization\",\"name\":\"Plan\u00e8te Mascottes\",\"url\":\"https:\/\/planetemascottes.mycoqpit.fr\/de\/\",\"logo\":{\"@type\":\"ImageObject\",\"inLanguage\":\"de\",\"@id\":\"https:\/\/planetemascottes.mycoqpit.fr\/de\/#\/schema\/logo\/image\/\",\"url\":\"https:\/\/planetemascottes.mycoqpit.fr\/wp-content\/uploads\/2024\/12\/planete-mascottes-logo.svg\",\"contentUrl\":\"https:\/\/planetemascottes.mycoqpit.fr\/wp-content\/uploads\/2024\/12\/planete-mascottes-logo.svg\",\"caption\":\"Plan\u00e8te Mascottes\"},\"image\":{\"@id\":\"https:\/\/planetemascottes.mycoqpit.fr\/de\/#\/schema\/logo\/image\/\"}}]}<\/script>\n<!-- \/ Yoast SEO plugin. -->","yoast_head_json":{"title":"Weihnachtsbaum-Maskottchen und ma\u00dfgeschneiderte Maskottchen- Plan\u00e8te Mascottes","description":"Plan\u00e8te Mascottes bietet professionelle Maskottchenkost\u00fcme von h\u00f6chster Qualit\u00e4t, made in France unter Einhaltung der CE- und REACH-Normen.","robots":{"index":"index","follow":"follow","max-snippet":"max-snippet:-1","max-image-preview":"max-image-preview:large","max-video-preview":"max-video-preview:-1"},"canonical":"https:\/\/planetemascottes.mycoqpit.fr\/de\/produit\/weihnachtsbaum-maskottchen\/","og_locale":"de_DE","og_type":"article","og_title":"Weihnachtsbaum-Maskottchen und ma\u00dfgeschneiderte Maskottchen- Plan\u00e8te Mascottes","og_description":"Plan\u00e8te Mascottes bietet professionelle Maskottchenkost\u00fcme von h\u00f6chster Qualit\u00e4t, made in France unter Einhaltung der CE- und REACH-Normen.","og_url":"https:\/\/planetemascottes.mycoqpit.fr\/de\/produit\/weihnachtsbaum-maskottchen\/","og_site_name":"Plan\u00e8te Mascottes","og_image":[{"width":800,"height":1040,"url":"https:\/\/planetemascottes.mycoqpit.fr\/wp-content\/uploads\/2025\/01\/mascotte-de-sapin-de-noel-1159.webp","type":"image\/png"}],"twitter_card":"summary_large_image","twitter_misc":{"Gesch\u00e4tzte Lesezeit":"1\u00a0Minute"},"schema":{"@context":"https:\/\/schema.org","@graph":[{"@type":"WebPage","@id":"https:\/\/planetemascottes.mycoqpit.fr\/de\/produit\/weihnachtsbaum-maskottchen\/","url":"https:\/\/planetemascottes.mycoqpit.fr\/de\/produit\/weihnachtsbaum-maskottchen\/","name":"Weihnachtsbaum-Maskottchen und ma\u00dfgeschneiderte Maskottchen- Plan\u00e8te Mascottes","isPartOf":{"@id":"https:\/\/planetemascottes.mycoqpit.fr\/de\/#website"},"primaryImageOfPage":{"@id":"https:\/\/planetemascottes.mycoqpit.fr\/de\/produit\/weihnachtsbaum-maskottchen\/#primaryimage"},"image":{"@id":"https:\/\/planetemascottes.mycoqpit.fr\/de\/produit\/weihnachtsbaum-maskottchen\/#primaryimage"},"thumbnailUrl":"https:\/\/planetemascottes.mycoqpit.fr\/wp-content\/uploads\/2025\/01\/mascotte-de-sapin-de-noel-1159.webp","datePublished":"2025-01-13T08:25:40+00:00","description":"Plan\u00e8te Mascottes bietet professionelle Maskottchenkost\u00fcme von h\u00f6chster Qualit\u00e4t, made in France unter Einhaltung der CE- und REACH-Normen.","breadcrumb":{"@id":"https:\/\/planetemascottes.mycoqpit.fr\/de\/produit\/weihnachtsbaum-maskottchen\/#breadcrumb"},"inLanguage":"de","potentialAction":[{"@type":"ReadAction","target":["https:\/\/planetemascottes.mycoqpit.fr\/de\/produit\/weihnachtsbaum-maskottchen\/"]}]},{"@type":"ImageObject","inLanguage":"de","@id":"https:\/\/planetemascottes.mycoqpit.fr\/de\/produit\/weihnachtsbaum-maskottchen\/#primaryimage","url":"https:\/\/planetemascottes.mycoqpit.fr\/wp-content\/uploads\/2025\/01\/mascotte-de-sapin-de-noel-1159.webp","contentUrl":"https:\/\/planetemascottes.mycoqpit.fr\/wp-content\/uploads\/2025\/01\/mascotte-de-sapin-de-noel-1159.webp","width":800,"height":1040},{"@type":"BreadcrumbList","@id":"https:\/\/planetemascottes.mycoqpit.fr\/de\/produit\/weihnachtsbaum-maskottchen\/#breadcrumb","itemListElement":[{"@type":"ListItem","position":1,"name":"Accueil","item":"https:\/\/planetemascottes.mycoqpit.fr\/de\/"},{"@type":"ListItem","position":2,"name":"Shop","item":"https:\/\/planetemascottes.mycoqpit.fr\/boutique\/"},{"@type":"ListItem","position":3,"name":"Weihnachtsbaum-Maskottchen"}]},{"@type":"WebSite","@id":"https:\/\/planetemascottes.mycoqpit.fr\/de\/#website","url":"https:\/\/planetemascottes.mycoqpit.fr\/de\/","name":"Plan\u00e8te Mascottes","description":"","publisher":{"@id":"https:\/\/planetemascottes.mycoqpit.fr\/de\/#organization"},"potentialAction":[{"@type":"SearchAction","target":{"@type":"EntryPoint","urlTemplate":"https:\/\/planetemascottes.mycoqpit.fr\/de\/?s={search_term_string}"},"query-input":{"@type":"PropertyValueSpecification","valueRequired":true,"valueName":"search_term_string"}}],"inLanguage":"de"},{"@type":"Organization","@id":"https:\/\/planetemascottes.mycoqpit.fr\/de\/#organization","name":"Plan\u00e8te Mascottes","url":"https:\/\/planetemascottes.mycoqpit.fr\/de\/","logo":{"@type":"ImageObject","inLanguage":"de","@id":"https:\/\/planetemascottes.mycoqpit.fr\/de\/#\/schema\/logo\/image\/","url":"https:\/\/planetemascottes.mycoqpit.fr\/wp-content\/uploads\/2024\/12\/planete-mascottes-logo.svg","contentUrl":"https:\/\/planetemascottes.mycoqpit.fr\/wp-content\/uploads\/2024\/12\/planete-mascottes-logo.svg","caption":"Plan\u00e8te Mascottes"},"image":{"@id":"https:\/\/planetemascottes.mycoqpit.fr\/de\/#\/schema\/logo\/image\/"}}]}},"_links":{"self":[{"href":"https:\/\/planetemascottes.mycoqpit.fr\/de\/wp-json\/wp\/v2\/product\/9767","targetHints":{"allow":["GET"]}}],"collection":[{"href":"https:\/\/planetemascottes.mycoqpit.fr\/de\/wp-json\/wp\/v2\/product"}],"about":[{"href":"https:\/\/planetemascottes.mycoqpit.fr\/de\/wp-json\/wp\/v2\/types\/product"}],"replies":[{"embeddable":true,"href":"https:\/\/planetemascottes.mycoqpit.fr\/de\/wp-json\/wp\/v2\/comments?post=9767"}],"wp:featuredmedia":[{"embeddable":true,"href":"https:\/\/planetemascottes.mycoqpit.fr\/de\/wp-json\/wp\/v2\/media\/9768"}],"wp:attachment":[{"href":"https:\/\/planetemascottes.mycoqpit.fr\/de\/wp-json\/wp\/v2\/media?parent=9767"}],"wp:term":[{"taxonomy":"product_brand","embeddable":true,"href":"https:\/\/planetemascottes.mycoqpit.fr\/de\/wp-json\/wp\/v2\/product_brand?post=9767"},{"taxonomy":"product_cat","embeddable":true,"href":"https:\/\/planetemascottes.mycoqpit.fr\/de\/wp-json\/wp\/v2\/product_cat?post=9767"},{"taxonomy":"product_tag","embeddable":true,"href":"https:\/\/planetemascottes.mycoqpit.fr\/de\/wp-json\/wp\/v2\/product_tag?post=9767"}],"curies":[{"name":"wp","href":"https:\/\/api.w.org\/{rel}","templated":true}]}}