{"id":8556,"date":"2025-01-13T10:04:42","date_gmt":"2025-01-13T09:04:42","guid":{"rendered":"https:\/\/planetemascottes.mycoqpit.fr\/produit\/maskottchen-kostuem-piratenmaus\/"},"modified":"2025-01-13T10:04:42","modified_gmt":"2025-01-13T09:04:42","slug":"maskottchen-kostuem-piratenmaus","status":"publish","type":"product","link":"https:\/\/planetemascottes.mycoqpit.fr\/de\/produit\/maskottchen-kostuem-piratenmaus\/","title":{"rendered":"Maskottchen-Kost\u00fcm Piratenmaus"},"content":{"rendered":"<p>Wir gehen an Bord! Hier ist ein Boot mit Seglern, lassen Sie uns sie unterhalten! Ich bin das <strong>Maskottchen der Piratenmaus<\/strong> und bin in der S\u00fcdsee als der verr\u00fcckteste Freibeuter bekannt! Ich stehle den feinen Damen ihr sch\u00f6nstes L\u00e4cheln und bringe die Kinder zum Lachen.   <\/p>\n<p>Meine beiden Leidenschaften im Leben sind die Unterhaltung und das Meer und ich verbinde sie mit dem Beruf des<strong> Piratenmausmaskottchens<\/strong>. Ich halte in jedem Hafen an, um meine gro\u00dfe Familie von M\u00e4usemaskottchen zu besuchen, die \u00fcber die ganze Welt verstreut sind. <\/p>\n<p>Zum Beispiel gibt es das Maskottchen der Zirkusmaus, die mich oft einl\u00e4dt, sie bei ihren Auftritten zu begleiten. Ich habe ein gutes Leben! Daher habe ich viele verr\u00fcckte Geschichten zu erz\u00e4hlen und meine Abenteuer bringen die Leute zum Tr\u00e4umen. Wenn ich nicht damit besch\u00e4ftigt bin, die Weltmeere zu \u00fcberqueren, lege ich einen Zwischenstopp ein, um auf der B\u00fchne aufzutreten. Ich nehme auch an <strong>Kindergeburtstagen<\/strong> teil: Mein Leben bringt sie zum Tr\u00e4umen, alle wollen sp\u00e4ter einmal Lachpiraten werden.    <\/p>\n<p>Bestellen Sie auf der Website von Plan\u00e8te Mascottes und profitieren Sie von einem professionellen Service: schnelle Lieferung, sichere Bezahlung, Geld-zur\u00fcck-Garantie.<\/p>\n<p>Diese Maskottchen-Verkleidung kann an Ihre Farben angepasst werden: Stickereien, Farben, Stoffe.<\/p>\n<p>Alle unsere Nagetiermaskottchen finden Sie auf unserer Website. Maskottchen in <strong>Einheitsgr\u00f6\u00dfe<\/strong> erh\u00e4ltlich.<\/p>\n","protected":false},"excerpt":{"rendered":"<p>Maskottchen der Piratenmaus.<\/p>\n<p><strong> Maskottchenkost\u00fcm einer Piratenmaus<\/strong> f\u00fcr alle Ihre professionellen Animationen und Shows.<\/p>\n<p>Maskottchenkost\u00fcm, hergestellt in Frankreich unter Einhaltung der <strong>CE-<\/strong> und <strong>REACH-Normen<\/strong>.<\/p>\n<p>Enthaltene Elemente<span style=\"text-align: justify;\"> <\/span>:<span style=\"text-align: justify;\"> Anzug, Kopf, Schuhe, Handschuhe <\/span>.<\/p>\n<p>Erfahren Sie mehr \u00fcber die Pflege Ihres Maskottchens auf unserer Seite mit <a href=\"https:\/\/planetemascottes.mycoqpit.fr\/mascottes-sur-mesure\">h\u00e4ufig gestellten Fragen<\/a>.<\/p>\n","protected":false},"featured_media":8557,"comment_status":"closed","ping_status":"closed","template":"","meta":{"_acf_changed":false},"product_brand":[],"product_cat":[121,94],"product_tag":[],"class_list":{"0":"post-8556","1":"product","2":"type-product","3":"status-publish","4":"has-post-thumbnail","6":"product_cat-tiere-des-waldes","7":"product_cat-unsere-maskottchen","9":"first","10":"instock","11":"taxable","12":"shipping-taxable","13":"purchasable","14":"product-type-simple"},"acf":[],"yoast_head":"<!-- This site is optimized with the Yoast SEO plugin v24.6 - https:\/\/yoast.com\/wordpress\/plugins\/seo\/ -->\n<title>Maskottchen-Kost\u00fcm Piratenmaus - Plan\u00e8te Mascottes<\/title>\n<meta name=\"description\" content=\"Plan\u00e8te Mascottes bietet professionelle Maskottchenkost\u00fcme von h\u00f6chster Qualit\u00e4t, made in France unter Einhaltung der CE- und REACH-Normen.\" \/>\n<meta name=\"robots\" content=\"index, follow, max-snippet:-1, max-image-preview:large, max-video-preview:-1\" \/>\n<link rel=\"canonical\" href=\"https:\/\/planetemascottes.mycoqpit.fr\/de\/produit\/maskottchen-kostuem-piratenmaus\/\" \/>\n<meta property=\"og:locale\" content=\"de_DE\" \/>\n<meta property=\"og:type\" content=\"article\" \/>\n<meta property=\"og:title\" content=\"Maskottchen-Kost\u00fcm Piratenmaus - Plan\u00e8te Mascottes\" \/>\n<meta property=\"og:description\" content=\"Plan\u00e8te Mascottes bietet professionelle Maskottchenkost\u00fcme von h\u00f6chster Qualit\u00e4t, made in France unter Einhaltung der CE- und REACH-Normen.\" \/>\n<meta property=\"og:url\" content=\"https:\/\/planetemascottes.mycoqpit.fr\/de\/produit\/maskottchen-kostuem-piratenmaus\/\" \/>\n<meta property=\"og:site_name\" content=\"Plan\u00e8te Mascottes\" \/>\n<meta property=\"og:image\" content=\"https:\/\/planetemascottes.mycoqpit.fr\/wp-content\/uploads\/2025\/01\/deguisement-mascotte-de-souris-pirate-405.webp\" \/>\n\t<meta property=\"og:image:width\" content=\"800\" \/>\n\t<meta property=\"og:image:height\" content=\"1040\" \/>\n\t<meta property=\"og:image:type\" content=\"image\/png\" \/>\n<meta name=\"twitter:card\" content=\"summary_large_image\" \/>\n<meta name=\"twitter:label1\" content=\"Gesch\u00e4tzte Lesezeit\" \/>\n\t<meta name=\"twitter:data1\" content=\"1\u00a0Minute\" \/>\n<script type=\"application\/ld+json\" class=\"yoast-schema-graph\">{\"@context\":\"https:\/\/schema.org\",\"@graph\":[{\"@type\":\"WebPage\",\"@id\":\"https:\/\/planetemascottes.mycoqpit.fr\/de\/produit\/maskottchen-kostuem-piratenmaus\/\",\"url\":\"https:\/\/planetemascottes.mycoqpit.fr\/de\/produit\/maskottchen-kostuem-piratenmaus\/\",\"name\":\"Maskottchen-Kost\u00fcm Piratenmaus - Plan\u00e8te Mascottes\",\"isPartOf\":{\"@id\":\"https:\/\/planetemascottes.mycoqpit.fr\/de\/#website\"},\"primaryImageOfPage\":{\"@id\":\"https:\/\/planetemascottes.mycoqpit.fr\/de\/produit\/maskottchen-kostuem-piratenmaus\/#primaryimage\"},\"image\":{\"@id\":\"https:\/\/planetemascottes.mycoqpit.fr\/de\/produit\/maskottchen-kostuem-piratenmaus\/#primaryimage\"},\"thumbnailUrl\":\"https:\/\/planetemascottes.mycoqpit.fr\/wp-content\/uploads\/2025\/01\/deguisement-mascotte-de-souris-pirate-405.webp\",\"datePublished\":\"2025-01-13T09:04:42+00:00\",\"description\":\"Plan\u00e8te Mascottes bietet professionelle Maskottchenkost\u00fcme von h\u00f6chster Qualit\u00e4t, made in France unter Einhaltung der CE- und REACH-Normen.\",\"breadcrumb\":{\"@id\":\"https:\/\/planetemascottes.mycoqpit.fr\/de\/produit\/maskottchen-kostuem-piratenmaus\/#breadcrumb\"},\"inLanguage\":\"de\",\"potentialAction\":[{\"@type\":\"ReadAction\",\"target\":[\"https:\/\/planetemascottes.mycoqpit.fr\/de\/produit\/maskottchen-kostuem-piratenmaus\/\"]}]},{\"@type\":\"ImageObject\",\"inLanguage\":\"de\",\"@id\":\"https:\/\/planetemascottes.mycoqpit.fr\/de\/produit\/maskottchen-kostuem-piratenmaus\/#primaryimage\",\"url\":\"https:\/\/planetemascottes.mycoqpit.fr\/wp-content\/uploads\/2025\/01\/deguisement-mascotte-de-souris-pirate-405.webp\",\"contentUrl\":\"https:\/\/planetemascottes.mycoqpit.fr\/wp-content\/uploads\/2025\/01\/deguisement-mascotte-de-souris-pirate-405.webp\",\"width\":800,\"height\":1040},{\"@type\":\"BreadcrumbList\",\"@id\":\"https:\/\/planetemascottes.mycoqpit.fr\/de\/produit\/maskottchen-kostuem-piratenmaus\/#breadcrumb\",\"itemListElement\":[{\"@type\":\"ListItem\",\"position\":1,\"name\":\"Accueil\",\"item\":\"https:\/\/planetemascottes.mycoqpit.fr\/de\/\"},{\"@type\":\"ListItem\",\"position\":2,\"name\":\"Shop\",\"item\":\"https:\/\/planetemascottes.mycoqpit.fr\/boutique\/\"},{\"@type\":\"ListItem\",\"position\":3,\"name\":\"Maskottchen-Kost\u00fcm Piratenmaus\"}]},{\"@type\":\"WebSite\",\"@id\":\"https:\/\/planetemascottes.mycoqpit.fr\/de\/#website\",\"url\":\"https:\/\/planetemascottes.mycoqpit.fr\/de\/\",\"name\":\"Plan\u00e8te Mascottes\",\"description\":\"\",\"publisher\":{\"@id\":\"https:\/\/planetemascottes.mycoqpit.fr\/de\/#organization\"},\"potentialAction\":[{\"@type\":\"SearchAction\",\"target\":{\"@type\":\"EntryPoint\",\"urlTemplate\":\"https:\/\/planetemascottes.mycoqpit.fr\/de\/?s={search_term_string}\"},\"query-input\":{\"@type\":\"PropertyValueSpecification\",\"valueRequired\":true,\"valueName\":\"search_term_string\"}}],\"inLanguage\":\"de\"},{\"@type\":\"Organization\",\"@id\":\"https:\/\/planetemascottes.mycoqpit.fr\/de\/#organization\",\"name\":\"Plan\u00e8te Mascottes\",\"url\":\"https:\/\/planetemascottes.mycoqpit.fr\/de\/\",\"logo\":{\"@type\":\"ImageObject\",\"inLanguage\":\"de\",\"@id\":\"https:\/\/planetemascottes.mycoqpit.fr\/de\/#\/schema\/logo\/image\/\",\"url\":\"https:\/\/planetemascottes.mycoqpit.fr\/wp-content\/uploads\/2024\/12\/planete-mascottes-logo.svg\",\"contentUrl\":\"https:\/\/planetemascottes.mycoqpit.fr\/wp-content\/uploads\/2024\/12\/planete-mascottes-logo.svg\",\"caption\":\"Plan\u00e8te Mascottes\"},\"image\":{\"@id\":\"https:\/\/planetemascottes.mycoqpit.fr\/de\/#\/schema\/logo\/image\/\"}}]}<\/script>\n<!-- \/ Yoast SEO plugin. -->","yoast_head_json":{"title":"Maskottchen-Kost\u00fcm Piratenmaus - Plan\u00e8te Mascottes","description":"Plan\u00e8te Mascottes bietet professionelle Maskottchenkost\u00fcme von h\u00f6chster Qualit\u00e4t, made in France unter Einhaltung der CE- und REACH-Normen.","robots":{"index":"index","follow":"follow","max-snippet":"max-snippet:-1","max-image-preview":"max-image-preview:large","max-video-preview":"max-video-preview:-1"},"canonical":"https:\/\/planetemascottes.mycoqpit.fr\/de\/produit\/maskottchen-kostuem-piratenmaus\/","og_locale":"de_DE","og_type":"article","og_title":"Maskottchen-Kost\u00fcm Piratenmaus - Plan\u00e8te Mascottes","og_description":"Plan\u00e8te Mascottes bietet professionelle Maskottchenkost\u00fcme von h\u00f6chster Qualit\u00e4t, made in France unter Einhaltung der CE- und REACH-Normen.","og_url":"https:\/\/planetemascottes.mycoqpit.fr\/de\/produit\/maskottchen-kostuem-piratenmaus\/","og_site_name":"Plan\u00e8te Mascottes","og_image":[{"width":800,"height":1040,"url":"https:\/\/planetemascottes.mycoqpit.fr\/wp-content\/uploads\/2025\/01\/deguisement-mascotte-de-souris-pirate-405.webp","type":"image\/png"}],"twitter_card":"summary_large_image","twitter_misc":{"Gesch\u00e4tzte Lesezeit":"1\u00a0Minute"},"schema":{"@context":"https:\/\/schema.org","@graph":[{"@type":"WebPage","@id":"https:\/\/planetemascottes.mycoqpit.fr\/de\/produit\/maskottchen-kostuem-piratenmaus\/","url":"https:\/\/planetemascottes.mycoqpit.fr\/de\/produit\/maskottchen-kostuem-piratenmaus\/","name":"Maskottchen-Kost\u00fcm Piratenmaus - Plan\u00e8te Mascottes","isPartOf":{"@id":"https:\/\/planetemascottes.mycoqpit.fr\/de\/#website"},"primaryImageOfPage":{"@id":"https:\/\/planetemascottes.mycoqpit.fr\/de\/produit\/maskottchen-kostuem-piratenmaus\/#primaryimage"},"image":{"@id":"https:\/\/planetemascottes.mycoqpit.fr\/de\/produit\/maskottchen-kostuem-piratenmaus\/#primaryimage"},"thumbnailUrl":"https:\/\/planetemascottes.mycoqpit.fr\/wp-content\/uploads\/2025\/01\/deguisement-mascotte-de-souris-pirate-405.webp","datePublished":"2025-01-13T09:04:42+00:00","description":"Plan\u00e8te Mascottes bietet professionelle Maskottchenkost\u00fcme von h\u00f6chster Qualit\u00e4t, made in France unter Einhaltung der CE- und REACH-Normen.","breadcrumb":{"@id":"https:\/\/planetemascottes.mycoqpit.fr\/de\/produit\/maskottchen-kostuem-piratenmaus\/#breadcrumb"},"inLanguage":"de","potentialAction":[{"@type":"ReadAction","target":["https:\/\/planetemascottes.mycoqpit.fr\/de\/produit\/maskottchen-kostuem-piratenmaus\/"]}]},{"@type":"ImageObject","inLanguage":"de","@id":"https:\/\/planetemascottes.mycoqpit.fr\/de\/produit\/maskottchen-kostuem-piratenmaus\/#primaryimage","url":"https:\/\/planetemascottes.mycoqpit.fr\/wp-content\/uploads\/2025\/01\/deguisement-mascotte-de-souris-pirate-405.webp","contentUrl":"https:\/\/planetemascottes.mycoqpit.fr\/wp-content\/uploads\/2025\/01\/deguisement-mascotte-de-souris-pirate-405.webp","width":800,"height":1040},{"@type":"BreadcrumbList","@id":"https:\/\/planetemascottes.mycoqpit.fr\/de\/produit\/maskottchen-kostuem-piratenmaus\/#breadcrumb","itemListElement":[{"@type":"ListItem","position":1,"name":"Accueil","item":"https:\/\/planetemascottes.mycoqpit.fr\/de\/"},{"@type":"ListItem","position":2,"name":"Shop","item":"https:\/\/planetemascottes.mycoqpit.fr\/boutique\/"},{"@type":"ListItem","position":3,"name":"Maskottchen-Kost\u00fcm Piratenmaus"}]},{"@type":"WebSite","@id":"https:\/\/planetemascottes.mycoqpit.fr\/de\/#website","url":"https:\/\/planetemascottes.mycoqpit.fr\/de\/","name":"Plan\u00e8te Mascottes","description":"","publisher":{"@id":"https:\/\/planetemascottes.mycoqpit.fr\/de\/#organization"},"potentialAction":[{"@type":"SearchAction","target":{"@type":"EntryPoint","urlTemplate":"https:\/\/planetemascottes.mycoqpit.fr\/de\/?s={search_term_string}"},"query-input":{"@type":"PropertyValueSpecification","valueRequired":true,"valueName":"search_term_string"}}],"inLanguage":"de"},{"@type":"Organization","@id":"https:\/\/planetemascottes.mycoqpit.fr\/de\/#organization","name":"Plan\u00e8te Mascottes","url":"https:\/\/planetemascottes.mycoqpit.fr\/de\/","logo":{"@type":"ImageObject","inLanguage":"de","@id":"https:\/\/planetemascottes.mycoqpit.fr\/de\/#\/schema\/logo\/image\/","url":"https:\/\/planetemascottes.mycoqpit.fr\/wp-content\/uploads\/2024\/12\/planete-mascottes-logo.svg","contentUrl":"https:\/\/planetemascottes.mycoqpit.fr\/wp-content\/uploads\/2024\/12\/planete-mascottes-logo.svg","caption":"Plan\u00e8te Mascottes"},"image":{"@id":"https:\/\/planetemascottes.mycoqpit.fr\/de\/#\/schema\/logo\/image\/"}}]}},"_links":{"self":[{"href":"https:\/\/planetemascottes.mycoqpit.fr\/de\/wp-json\/wp\/v2\/product\/8556","targetHints":{"allow":["GET"]}}],"collection":[{"href":"https:\/\/planetemascottes.mycoqpit.fr\/de\/wp-json\/wp\/v2\/product"}],"about":[{"href":"https:\/\/planetemascottes.mycoqpit.fr\/de\/wp-json\/wp\/v2\/types\/product"}],"replies":[{"embeddable":true,"href":"https:\/\/planetemascottes.mycoqpit.fr\/de\/wp-json\/wp\/v2\/comments?post=8556"}],"wp:featuredmedia":[{"embeddable":true,"href":"https:\/\/planetemascottes.mycoqpit.fr\/de\/wp-json\/wp\/v2\/media\/8557"}],"wp:attachment":[{"href":"https:\/\/planetemascottes.mycoqpit.fr\/de\/wp-json\/wp\/v2\/media?parent=8556"}],"wp:term":[{"taxonomy":"product_brand","embeddable":true,"href":"https:\/\/planetemascottes.mycoqpit.fr\/de\/wp-json\/wp\/v2\/product_brand?post=8556"},{"taxonomy":"product_cat","embeddable":true,"href":"https:\/\/planetemascottes.mycoqpit.fr\/de\/wp-json\/wp\/v2\/product_cat?post=8556"},{"taxonomy":"product_tag","embeddable":true,"href":"https:\/\/planetemascottes.mycoqpit.fr\/de\/wp-json\/wp\/v2\/product_tag?post=8556"}],"curies":[{"name":"wp","href":"https:\/\/api.w.org\/{rel}","templated":true}]}}