{"id":8510,"date":"2025-01-13T10:04:30","date_gmt":"2025-01-13T09:04:30","guid":{"rendered":"https:\/\/planetemascottes.mycoqpit.fr\/produit\/maskottchen-kostuem-fuchs-angezogen\/"},"modified":"2025-01-13T10:04:30","modified_gmt":"2025-01-13T09:04:30","slug":"maskottchen-kostuem-fuchs-angezogen","status":"publish","type":"product","link":"https:\/\/planetemascottes.mycoqpit.fr\/de\/produit\/maskottchen-kostuem-fuchs-angezogen\/","title":{"rendered":"Maskottchen Kost\u00fcm Fuchs angezogen"},"content":{"rendered":"<p>Diese Verkleidung kann in Ihren <strong>Farben<\/strong> <strong>personalisiert<\/strong> werden: Stickereien, Stofffarben.<\/p>\n<p>Finden Sie alle unsere Maskottchen von<a href=\"https:\/\/planetemascottes.mycoqpit.fr\/categorie-produit\/nos-mascottes\/animaux-de-la-foret\">Waldtieren<\/a> auf der Website. Maskottchen in<strong> Einheitsgr\u00f6\u00dfe<\/strong> erh\u00e4ltlich.<\/p>\n<p>Ein<strong> Maskottchen mit einem angezogenen Fuchs<\/strong> k\u00f6nnte an die Illustrationen der Fabeln von La Fontaine erinnern, erinnern Sie sich&#8230;<\/p>\n<p><em>&#8222;Meister Maskottchen Rabe auf einem Baum, h\u00e4lt in seinem Schnabel ein K\u00e4se-Maskottchen, Meister Maskottchen Fuchs durch den Geruch verlockt&#8230;&#8220;.<\/em><\/p>\n<p>Nicht schlecht, unsere Version von Poesie bei Plan\u00e8te Mascottes, oder? Wenn Sie Poesie m\u00f6gen, wenn Sie Kleidung m\u00f6gen, wenn Sie einfach nur F\u00fcchse m\u00f6gen, dann ist dieses professionelle Fuchsmaskottchen genau das Richtige f\u00fcr Sie! <\/p>\n<p>F\u00fcr Personen mit einer K\u00f6rpergr\u00f6\u00dfe <strong>von 1,60 m bis 1,90 m<\/strong> und <strong>bei 30\u00b0C in der Waschmaschine<\/strong> waschbar. Sie k\u00f6nnen dieses Produkt personalisieren, indem Sie die Farbe \u00e4ndern oder eine Stickerei hinzuf\u00fcgen. Bitte kontaktieren Sie uns telefonisch oder per E-Mail.<\/p>\n<p>Bestellen Sie auf der Website von Plan\u00e8te Mascottes und profitieren Sie von einem professionellen Service: schnelle Lieferung, sichere Bezahlung, Geld-zur\u00fcck-Garantie.<\/p>\n","protected":false},"excerpt":{"rendered":"<p><strong>Maskottchen eines angezogenen Fuchses<\/strong>.<\/p>\n<p><strong> Maskottchenkost\u00fcm mit Fuchs<\/strong> f\u00fcr alle Ihre Veranstaltungen.<\/p>\n<p>Professionelles Maskottchenkost\u00fcm, hergestellt in Frankreich unter Einhaltung der <strong>CE-<\/strong> und <strong>REACH-Normen<\/strong>.<\/p>\n<p>Enthaltene Elemente<span style=\"text-align: justify;\"> <\/span>:<span style=\"text-align: justify;\"> Anzug, Kopf, Schuhe, Handschuhe <\/span>.<\/p>\n<p>Erfahren Sie mehr \u00fcber die Pflege Ihres Maskottchens auf unserer Seite mit <a href=\"https:\/\/planetemascottes.mycoqpit.fr\/mascottes-sur-mesure\">h\u00e4ufig gestellten Fragen<\/a>.<\/p>\n","protected":false},"featured_media":8511,"comment_status":"closed","ping_status":"closed","template":"","meta":{"_acf_changed":false},"product_brand":[],"product_cat":[121,94],"product_tag":[],"class_list":{"0":"post-8510","1":"product","2":"type-product","3":"status-publish","4":"has-post-thumbnail","6":"product_cat-tiere-des-waldes","7":"product_cat-unsere-maskottchen","9":"first","10":"instock","11":"taxable","12":"shipping-taxable","13":"purchasable","14":"product-type-simple"},"acf":[],"yoast_head":"<!-- This site is optimized with the Yoast SEO plugin v24.6 - https:\/\/yoast.com\/wordpress\/plugins\/seo\/ -->\n<title>Maskottchen Kost\u00fcm Fuchs angezogen und ma\u00dfgeschneiderte Maskottchen - Plan\u00e8te Mascottes<\/title>\n<meta name=\"description\" content=\"Plan\u00e8te Mascottes bietet professionelle Maskottchenkost\u00fcme von h\u00f6chster Qualit\u00e4t, made in France unter Einhaltung der CE- und REACH-Normen.\" \/>\n<meta name=\"robots\" content=\"index, follow, max-snippet:-1, max-image-preview:large, max-video-preview:-1\" \/>\n<link rel=\"canonical\" href=\"https:\/\/planetemascottes.mycoqpit.fr\/de\/produit\/maskottchen-kostuem-fuchs-angezogen\/\" \/>\n<meta property=\"og:locale\" content=\"de_DE\" \/>\n<meta property=\"og:type\" content=\"article\" \/>\n<meta property=\"og:title\" content=\"Maskottchen Kost\u00fcm Fuchs angezogen und ma\u00dfgeschneiderte Maskottchen - Plan\u00e8te Mascottes\" \/>\n<meta property=\"og:description\" content=\"Plan\u00e8te Mascottes bietet professionelle Maskottchenkost\u00fcme von h\u00f6chster Qualit\u00e4t, made in France unter Einhaltung der CE- und REACH-Normen.\" \/>\n<meta property=\"og:url\" content=\"https:\/\/planetemascottes.mycoqpit.fr\/de\/produit\/maskottchen-kostuem-fuchs-angezogen\/\" \/>\n<meta property=\"og:site_name\" content=\"Plan\u00e8te Mascottes\" \/>\n<meta property=\"og:image\" content=\"https:\/\/planetemascottes.mycoqpit.fr\/wp-content\/uploads\/2025\/01\/costume-mascotte-renard-habille-751.webp\" \/>\n\t<meta property=\"og:image:width\" content=\"800\" \/>\n\t<meta property=\"og:image:height\" content=\"1040\" \/>\n\t<meta property=\"og:image:type\" content=\"image\/png\" \/>\n<meta name=\"twitter:card\" content=\"summary_large_image\" \/>\n<meta name=\"twitter:label1\" content=\"Gesch\u00e4tzte Lesezeit\" \/>\n\t<meta name=\"twitter:data1\" content=\"1\u00a0Minute\" \/>\n<script type=\"application\/ld+json\" class=\"yoast-schema-graph\">{\"@context\":\"https:\/\/schema.org\",\"@graph\":[{\"@type\":\"WebPage\",\"@id\":\"https:\/\/planetemascottes.mycoqpit.fr\/de\/produit\/maskottchen-kostuem-fuchs-angezogen\/\",\"url\":\"https:\/\/planetemascottes.mycoqpit.fr\/de\/produit\/maskottchen-kostuem-fuchs-angezogen\/\",\"name\":\"Maskottchen Kost\u00fcm Fuchs angezogen und ma\u00dfgeschneiderte Maskottchen - Plan\u00e8te Mascottes\",\"isPartOf\":{\"@id\":\"https:\/\/planetemascottes.mycoqpit.fr\/de\/#website\"},\"primaryImageOfPage\":{\"@id\":\"https:\/\/planetemascottes.mycoqpit.fr\/de\/produit\/maskottchen-kostuem-fuchs-angezogen\/#primaryimage\"},\"image\":{\"@id\":\"https:\/\/planetemascottes.mycoqpit.fr\/de\/produit\/maskottchen-kostuem-fuchs-angezogen\/#primaryimage\"},\"thumbnailUrl\":\"https:\/\/planetemascottes.mycoqpit.fr\/wp-content\/uploads\/2025\/01\/costume-mascotte-renard-habille-751.webp\",\"datePublished\":\"2025-01-13T09:04:30+00:00\",\"description\":\"Plan\u00e8te Mascottes bietet professionelle Maskottchenkost\u00fcme von h\u00f6chster Qualit\u00e4t, made in France unter Einhaltung der CE- und REACH-Normen.\",\"breadcrumb\":{\"@id\":\"https:\/\/planetemascottes.mycoqpit.fr\/de\/produit\/maskottchen-kostuem-fuchs-angezogen\/#breadcrumb\"},\"inLanguage\":\"de\",\"potentialAction\":[{\"@type\":\"ReadAction\",\"target\":[\"https:\/\/planetemascottes.mycoqpit.fr\/de\/produit\/maskottchen-kostuem-fuchs-angezogen\/\"]}]},{\"@type\":\"ImageObject\",\"inLanguage\":\"de\",\"@id\":\"https:\/\/planetemascottes.mycoqpit.fr\/de\/produit\/maskottchen-kostuem-fuchs-angezogen\/#primaryimage\",\"url\":\"https:\/\/planetemascottes.mycoqpit.fr\/wp-content\/uploads\/2025\/01\/costume-mascotte-renard-habille-751.webp\",\"contentUrl\":\"https:\/\/planetemascottes.mycoqpit.fr\/wp-content\/uploads\/2025\/01\/costume-mascotte-renard-habille-751.webp\",\"width\":800,\"height\":1040},{\"@type\":\"BreadcrumbList\",\"@id\":\"https:\/\/planetemascottes.mycoqpit.fr\/de\/produit\/maskottchen-kostuem-fuchs-angezogen\/#breadcrumb\",\"itemListElement\":[{\"@type\":\"ListItem\",\"position\":1,\"name\":\"Accueil\",\"item\":\"https:\/\/planetemascottes.mycoqpit.fr\/de\/\"},{\"@type\":\"ListItem\",\"position\":2,\"name\":\"Shop\",\"item\":\"https:\/\/planetemascottes.mycoqpit.fr\/boutique\/\"},{\"@type\":\"ListItem\",\"position\":3,\"name\":\"Maskottchen Kost\u00fcm Fuchs angezogen\"}]},{\"@type\":\"WebSite\",\"@id\":\"https:\/\/planetemascottes.mycoqpit.fr\/de\/#website\",\"url\":\"https:\/\/planetemascottes.mycoqpit.fr\/de\/\",\"name\":\"Plan\u00e8te Mascottes\",\"description\":\"\",\"publisher\":{\"@id\":\"https:\/\/planetemascottes.mycoqpit.fr\/de\/#organization\"},\"potentialAction\":[{\"@type\":\"SearchAction\",\"target\":{\"@type\":\"EntryPoint\",\"urlTemplate\":\"https:\/\/planetemascottes.mycoqpit.fr\/de\/?s={search_term_string}\"},\"query-input\":{\"@type\":\"PropertyValueSpecification\",\"valueRequired\":true,\"valueName\":\"search_term_string\"}}],\"inLanguage\":\"de\"},{\"@type\":\"Organization\",\"@id\":\"https:\/\/planetemascottes.mycoqpit.fr\/de\/#organization\",\"name\":\"Plan\u00e8te Mascottes\",\"url\":\"https:\/\/planetemascottes.mycoqpit.fr\/de\/\",\"logo\":{\"@type\":\"ImageObject\",\"inLanguage\":\"de\",\"@id\":\"https:\/\/planetemascottes.mycoqpit.fr\/de\/#\/schema\/logo\/image\/\",\"url\":\"https:\/\/planetemascottes.mycoqpit.fr\/wp-content\/uploads\/2024\/12\/planete-mascottes-logo.svg\",\"contentUrl\":\"https:\/\/planetemascottes.mycoqpit.fr\/wp-content\/uploads\/2024\/12\/planete-mascottes-logo.svg\",\"caption\":\"Plan\u00e8te Mascottes\"},\"image\":{\"@id\":\"https:\/\/planetemascottes.mycoqpit.fr\/de\/#\/schema\/logo\/image\/\"}}]}<\/script>\n<!-- \/ Yoast SEO plugin. -->","yoast_head_json":{"title":"Maskottchen Kost\u00fcm Fuchs angezogen und ma\u00dfgeschneiderte Maskottchen - Plan\u00e8te Mascottes","description":"Plan\u00e8te Mascottes bietet professionelle Maskottchenkost\u00fcme von h\u00f6chster Qualit\u00e4t, made in France unter Einhaltung der CE- und REACH-Normen.","robots":{"index":"index","follow":"follow","max-snippet":"max-snippet:-1","max-image-preview":"max-image-preview:large","max-video-preview":"max-video-preview:-1"},"canonical":"https:\/\/planetemascottes.mycoqpit.fr\/de\/produit\/maskottchen-kostuem-fuchs-angezogen\/","og_locale":"de_DE","og_type":"article","og_title":"Maskottchen Kost\u00fcm Fuchs angezogen und ma\u00dfgeschneiderte Maskottchen - Plan\u00e8te Mascottes","og_description":"Plan\u00e8te Mascottes bietet professionelle Maskottchenkost\u00fcme von h\u00f6chster Qualit\u00e4t, made in France unter Einhaltung der CE- und REACH-Normen.","og_url":"https:\/\/planetemascottes.mycoqpit.fr\/de\/produit\/maskottchen-kostuem-fuchs-angezogen\/","og_site_name":"Plan\u00e8te Mascottes","og_image":[{"width":800,"height":1040,"url":"https:\/\/planetemascottes.mycoqpit.fr\/wp-content\/uploads\/2025\/01\/costume-mascotte-renard-habille-751.webp","type":"image\/png"}],"twitter_card":"summary_large_image","twitter_misc":{"Gesch\u00e4tzte Lesezeit":"1\u00a0Minute"},"schema":{"@context":"https:\/\/schema.org","@graph":[{"@type":"WebPage","@id":"https:\/\/planetemascottes.mycoqpit.fr\/de\/produit\/maskottchen-kostuem-fuchs-angezogen\/","url":"https:\/\/planetemascottes.mycoqpit.fr\/de\/produit\/maskottchen-kostuem-fuchs-angezogen\/","name":"Maskottchen Kost\u00fcm Fuchs angezogen und ma\u00dfgeschneiderte Maskottchen - Plan\u00e8te Mascottes","isPartOf":{"@id":"https:\/\/planetemascottes.mycoqpit.fr\/de\/#website"},"primaryImageOfPage":{"@id":"https:\/\/planetemascottes.mycoqpit.fr\/de\/produit\/maskottchen-kostuem-fuchs-angezogen\/#primaryimage"},"image":{"@id":"https:\/\/planetemascottes.mycoqpit.fr\/de\/produit\/maskottchen-kostuem-fuchs-angezogen\/#primaryimage"},"thumbnailUrl":"https:\/\/planetemascottes.mycoqpit.fr\/wp-content\/uploads\/2025\/01\/costume-mascotte-renard-habille-751.webp","datePublished":"2025-01-13T09:04:30+00:00","description":"Plan\u00e8te Mascottes bietet professionelle Maskottchenkost\u00fcme von h\u00f6chster Qualit\u00e4t, made in France unter Einhaltung der CE- und REACH-Normen.","breadcrumb":{"@id":"https:\/\/planetemascottes.mycoqpit.fr\/de\/produit\/maskottchen-kostuem-fuchs-angezogen\/#breadcrumb"},"inLanguage":"de","potentialAction":[{"@type":"ReadAction","target":["https:\/\/planetemascottes.mycoqpit.fr\/de\/produit\/maskottchen-kostuem-fuchs-angezogen\/"]}]},{"@type":"ImageObject","inLanguage":"de","@id":"https:\/\/planetemascottes.mycoqpit.fr\/de\/produit\/maskottchen-kostuem-fuchs-angezogen\/#primaryimage","url":"https:\/\/planetemascottes.mycoqpit.fr\/wp-content\/uploads\/2025\/01\/costume-mascotte-renard-habille-751.webp","contentUrl":"https:\/\/planetemascottes.mycoqpit.fr\/wp-content\/uploads\/2025\/01\/costume-mascotte-renard-habille-751.webp","width":800,"height":1040},{"@type":"BreadcrumbList","@id":"https:\/\/planetemascottes.mycoqpit.fr\/de\/produit\/maskottchen-kostuem-fuchs-angezogen\/#breadcrumb","itemListElement":[{"@type":"ListItem","position":1,"name":"Accueil","item":"https:\/\/planetemascottes.mycoqpit.fr\/de\/"},{"@type":"ListItem","position":2,"name":"Shop","item":"https:\/\/planetemascottes.mycoqpit.fr\/boutique\/"},{"@type":"ListItem","position":3,"name":"Maskottchen Kost\u00fcm Fuchs angezogen"}]},{"@type":"WebSite","@id":"https:\/\/planetemascottes.mycoqpit.fr\/de\/#website","url":"https:\/\/planetemascottes.mycoqpit.fr\/de\/","name":"Plan\u00e8te Mascottes","description":"","publisher":{"@id":"https:\/\/planetemascottes.mycoqpit.fr\/de\/#organization"},"potentialAction":[{"@type":"SearchAction","target":{"@type":"EntryPoint","urlTemplate":"https:\/\/planetemascottes.mycoqpit.fr\/de\/?s={search_term_string}"},"query-input":{"@type":"PropertyValueSpecification","valueRequired":true,"valueName":"search_term_string"}}],"inLanguage":"de"},{"@type":"Organization","@id":"https:\/\/planetemascottes.mycoqpit.fr\/de\/#organization","name":"Plan\u00e8te Mascottes","url":"https:\/\/planetemascottes.mycoqpit.fr\/de\/","logo":{"@type":"ImageObject","inLanguage":"de","@id":"https:\/\/planetemascottes.mycoqpit.fr\/de\/#\/schema\/logo\/image\/","url":"https:\/\/planetemascottes.mycoqpit.fr\/wp-content\/uploads\/2024\/12\/planete-mascottes-logo.svg","contentUrl":"https:\/\/planetemascottes.mycoqpit.fr\/wp-content\/uploads\/2024\/12\/planete-mascottes-logo.svg","caption":"Plan\u00e8te Mascottes"},"image":{"@id":"https:\/\/planetemascottes.mycoqpit.fr\/de\/#\/schema\/logo\/image\/"}}]}},"_links":{"self":[{"href":"https:\/\/planetemascottes.mycoqpit.fr\/de\/wp-json\/wp\/v2\/product\/8510","targetHints":{"allow":["GET"]}}],"collection":[{"href":"https:\/\/planetemascottes.mycoqpit.fr\/de\/wp-json\/wp\/v2\/product"}],"about":[{"href":"https:\/\/planetemascottes.mycoqpit.fr\/de\/wp-json\/wp\/v2\/types\/product"}],"replies":[{"embeddable":true,"href":"https:\/\/planetemascottes.mycoqpit.fr\/de\/wp-json\/wp\/v2\/comments?post=8510"}],"wp:featuredmedia":[{"embeddable":true,"href":"https:\/\/planetemascottes.mycoqpit.fr\/de\/wp-json\/wp\/v2\/media\/8511"}],"wp:attachment":[{"href":"https:\/\/planetemascottes.mycoqpit.fr\/de\/wp-json\/wp\/v2\/media?parent=8510"}],"wp:term":[{"taxonomy":"product_brand","embeddable":true,"href":"https:\/\/planetemascottes.mycoqpit.fr\/de\/wp-json\/wp\/v2\/product_brand?post=8510"},{"taxonomy":"product_cat","embeddable":true,"href":"https:\/\/planetemascottes.mycoqpit.fr\/de\/wp-json\/wp\/v2\/product_cat?post=8510"},{"taxonomy":"product_tag","embeddable":true,"href":"https:\/\/planetemascottes.mycoqpit.fr\/de\/wp-json\/wp\/v2\/product_tag?post=8510"}],"curies":[{"name":"wp","href":"https:\/\/api.w.org\/{rel}","templated":true}]}}