{"id":8314,"date":"2025-01-13T10:03:06","date_gmt":"2025-01-13T09:03:06","guid":{"rendered":"https:\/\/planetemascottes.mycoqpit.fr\/produit\/gelbe-blume-als-maskottchen\/"},"modified":"2025-01-13T10:03:06","modified_gmt":"2025-01-13T09:03:06","slug":"gelbe-blume-als-maskottchen","status":"publish","type":"product","link":"https:\/\/planetemascottes.mycoqpit.fr\/de\/produit\/gelbe-blume-als-maskottchen\/","title":{"rendered":"Gelbe Blume als Maskottchen"},"content":{"rendered":"<p>Man sagt, dass Gelb die Farbe der Hoffnung ist! Plan\u00e8te Mascottes hat an alles gedacht, egal ob Sie eine blaue Blume sind oder Gelb lieben! <\/p>\n<p>Los geht&#8217;s mit Blumen aller Art. Unsere <strong>Blumenmaskottchen<\/strong> Kost\u00fcme sind ideal f\u00fcr alle Arten von Veranstaltungen im Sommer und im Winter. <\/p>\n<p>Erw\u00e4rmen Sie die Herzen mit diesem sch\u00f6nen, professionellen Blumenmaskottchen. Das Maskottchen ist bei 30\u00b0C in der Maschine waschbar und kann von 1,60 bis 1,90 m (f\u00fcr kleine und gro\u00dfe Kinder) in <strong>Einheitsgr\u00f6\u00dfe<\/strong> verwendet werden. <\/p>\n<p>Wenn Ihnen dieses Blumenmaskottchen nicht gef\u00e4llt, k\u00f6nnen Sie die Farbe \u00e4ndern, indem Sie uns kontaktieren (das ist richtig&#8230;) oder eine Stickerei hinzuf\u00fcgen.<\/p>\n<p>Diese Verkleidung kann in Ihren Farben <strong>personalisiert<\/strong> werden: Stickereien, Stofffarben, etc. Alle unsere <a href=\"https:\/\/planetemascottes.mycoqpit.fr\/categorie-produit\/nos-mascottes\/vegetaux\">Blumenmaskottchen<\/a> finden Sie auf unserer Website. <\/p>\n<p>Dieses Maskottchen ist in einer <strong>Einheitsgr\u00f6\u00dfe<\/strong> (1,6 &#8211; 1,9 m) erh\u00e4ltlich. Das Wiesenblumenkost\u00fcm besteht aus weichen Teilen, die Sie <strong>in der Waschmaschine waschen<\/strong> k\u00f6nnen.<\/p>\n","protected":false},"excerpt":{"rendered":"<p><strong>Gelbe Blume Maskottchen.<\/strong><\/p>\n<p>Gelbe Blume Maskottchen Kost\u00fcm.<\/p>\n<p>Professionelles Maskottchen Kost\u00fcm, hergestellt in Frankreich unter Einhaltung der <strong>CE- <\/strong>und<strong> REACH-Normen<\/strong>.<\/p>\n<p>Enthaltene Elemente: Anzug, Kopf, Handschuhe und Schuhe.<\/p>\n<p>Erfahren Sie in unseren <a href=\"https:\/\/planetemascottes.mycoqpit.fr\/mascottes-sur-mesure\">h\u00e4ufig gestellten Fragen<\/a>, wie Sie Ihr Maskottchen pflegen k\u00f6nnen.<\/p>\n","protected":false},"featured_media":8315,"comment_status":"closed","ping_status":"closed","template":"","meta":{"_acf_changed":false},"product_brand":[],"product_cat":[123,94],"product_tag":[],"class_list":{"0":"post-8314","1":"product","2":"type-product","3":"status-publish","4":"has-post-thumbnail","6":"product_cat-pflanzen","7":"product_cat-unsere-maskottchen","9":"first","10":"instock","11":"taxable","12":"shipping-taxable","13":"purchasable","14":"product-type-simple"},"acf":[],"yoast_head":"<!-- This site is optimized with the Yoast SEO plugin v24.6 - https:\/\/yoast.com\/wordpress\/plugins\/seo\/ -->\n<title>Gelbe Blume als Maskottchen und ma\u00dfgeschneiderte Maskottchen - Plan\u00e8te Mascottes<\/title>\n<meta name=\"description\" content=\"Plan\u00e8te Mascottes bietet professionelle Maskottchenkost\u00fcme von h\u00f6chster Qualit\u00e4t, made in France unter Einhaltung der CE- und REACH-Normen.\" \/>\n<meta name=\"robots\" content=\"index, follow, max-snippet:-1, max-image-preview:large, max-video-preview:-1\" \/>\n<link rel=\"canonical\" href=\"https:\/\/planetemascottes.mycoqpit.fr\/de\/produit\/gelbe-blume-als-maskottchen\/\" \/>\n<meta property=\"og:locale\" content=\"de_DE\" \/>\n<meta property=\"og:type\" content=\"article\" \/>\n<meta property=\"og:title\" content=\"Gelbe Blume als Maskottchen und ma\u00dfgeschneiderte Maskottchen - Plan\u00e8te Mascottes\" \/>\n<meta property=\"og:description\" content=\"Plan\u00e8te Mascottes bietet professionelle Maskottchenkost\u00fcme von h\u00f6chster Qualit\u00e4t, made in France unter Einhaltung der CE- und REACH-Normen.\" \/>\n<meta property=\"og:url\" content=\"https:\/\/planetemascottes.mycoqpit.fr\/de\/produit\/gelbe-blume-als-maskottchen\/\" \/>\n<meta property=\"og:site_name\" content=\"Plan\u00e8te Mascottes\" \/>\n<meta property=\"og:image\" content=\"https:\/\/planetemascottes.mycoqpit.fr\/wp-content\/uploads\/2025\/01\/mascotte-de-fleur-jaune-503.webp\" \/>\n\t<meta property=\"og:image:width\" content=\"800\" \/>\n\t<meta property=\"og:image:height\" content=\"1040\" \/>\n\t<meta property=\"og:image:type\" content=\"image\/png\" \/>\n<meta name=\"twitter:card\" content=\"summary_large_image\" \/>\n<meta name=\"twitter:label1\" content=\"Gesch\u00e4tzte Lesezeit\" \/>\n\t<meta name=\"twitter:data1\" content=\"1\u00a0Minute\" \/>\n<script type=\"application\/ld+json\" class=\"yoast-schema-graph\">{\"@context\":\"https:\/\/schema.org\",\"@graph\":[{\"@type\":\"WebPage\",\"@id\":\"https:\/\/planetemascottes.mycoqpit.fr\/de\/produit\/gelbe-blume-als-maskottchen\/\",\"url\":\"https:\/\/planetemascottes.mycoqpit.fr\/de\/produit\/gelbe-blume-als-maskottchen\/\",\"name\":\"Gelbe Blume als Maskottchen und ma\u00dfgeschneiderte Maskottchen - Plan\u00e8te Mascottes\",\"isPartOf\":{\"@id\":\"https:\/\/planetemascottes.mycoqpit.fr\/de\/#website\"},\"primaryImageOfPage\":{\"@id\":\"https:\/\/planetemascottes.mycoqpit.fr\/de\/produit\/gelbe-blume-als-maskottchen\/#primaryimage\"},\"image\":{\"@id\":\"https:\/\/planetemascottes.mycoqpit.fr\/de\/produit\/gelbe-blume-als-maskottchen\/#primaryimage\"},\"thumbnailUrl\":\"https:\/\/planetemascottes.mycoqpit.fr\/wp-content\/uploads\/2025\/01\/mascotte-de-fleur-jaune-503.webp\",\"datePublished\":\"2025-01-13T09:03:06+00:00\",\"description\":\"Plan\u00e8te Mascottes bietet professionelle Maskottchenkost\u00fcme von h\u00f6chster Qualit\u00e4t, made in France unter Einhaltung der CE- und REACH-Normen.\",\"breadcrumb\":{\"@id\":\"https:\/\/planetemascottes.mycoqpit.fr\/de\/produit\/gelbe-blume-als-maskottchen\/#breadcrumb\"},\"inLanguage\":\"de\",\"potentialAction\":[{\"@type\":\"ReadAction\",\"target\":[\"https:\/\/planetemascottes.mycoqpit.fr\/de\/produit\/gelbe-blume-als-maskottchen\/\"]}]},{\"@type\":\"ImageObject\",\"inLanguage\":\"de\",\"@id\":\"https:\/\/planetemascottes.mycoqpit.fr\/de\/produit\/gelbe-blume-als-maskottchen\/#primaryimage\",\"url\":\"https:\/\/planetemascottes.mycoqpit.fr\/wp-content\/uploads\/2025\/01\/mascotte-de-fleur-jaune-503.webp\",\"contentUrl\":\"https:\/\/planetemascottes.mycoqpit.fr\/wp-content\/uploads\/2025\/01\/mascotte-de-fleur-jaune-503.webp\",\"width\":800,\"height\":1040},{\"@type\":\"BreadcrumbList\",\"@id\":\"https:\/\/planetemascottes.mycoqpit.fr\/de\/produit\/gelbe-blume-als-maskottchen\/#breadcrumb\",\"itemListElement\":[{\"@type\":\"ListItem\",\"position\":1,\"name\":\"Accueil\",\"item\":\"https:\/\/planetemascottes.mycoqpit.fr\/de\/\"},{\"@type\":\"ListItem\",\"position\":2,\"name\":\"Shop\",\"item\":\"https:\/\/planetemascottes.mycoqpit.fr\/boutique\/\"},{\"@type\":\"ListItem\",\"position\":3,\"name\":\"Gelbe Blume als Maskottchen\"}]},{\"@type\":\"WebSite\",\"@id\":\"https:\/\/planetemascottes.mycoqpit.fr\/de\/#website\",\"url\":\"https:\/\/planetemascottes.mycoqpit.fr\/de\/\",\"name\":\"Plan\u00e8te Mascottes\",\"description\":\"\",\"publisher\":{\"@id\":\"https:\/\/planetemascottes.mycoqpit.fr\/de\/#organization\"},\"potentialAction\":[{\"@type\":\"SearchAction\",\"target\":{\"@type\":\"EntryPoint\",\"urlTemplate\":\"https:\/\/planetemascottes.mycoqpit.fr\/de\/?s={search_term_string}\"},\"query-input\":{\"@type\":\"PropertyValueSpecification\",\"valueRequired\":true,\"valueName\":\"search_term_string\"}}],\"inLanguage\":\"de\"},{\"@type\":\"Organization\",\"@id\":\"https:\/\/planetemascottes.mycoqpit.fr\/de\/#organization\",\"name\":\"Plan\u00e8te Mascottes\",\"url\":\"https:\/\/planetemascottes.mycoqpit.fr\/de\/\",\"logo\":{\"@type\":\"ImageObject\",\"inLanguage\":\"de\",\"@id\":\"https:\/\/planetemascottes.mycoqpit.fr\/de\/#\/schema\/logo\/image\/\",\"url\":\"https:\/\/planetemascottes.mycoqpit.fr\/wp-content\/uploads\/2024\/12\/planete-mascottes-logo.svg\",\"contentUrl\":\"https:\/\/planetemascottes.mycoqpit.fr\/wp-content\/uploads\/2024\/12\/planete-mascottes-logo.svg\",\"caption\":\"Plan\u00e8te Mascottes\"},\"image\":{\"@id\":\"https:\/\/planetemascottes.mycoqpit.fr\/de\/#\/schema\/logo\/image\/\"}}]}<\/script>\n<!-- \/ Yoast SEO plugin. -->","yoast_head_json":{"title":"Gelbe Blume als Maskottchen und ma\u00dfgeschneiderte Maskottchen - Plan\u00e8te Mascottes","description":"Plan\u00e8te Mascottes bietet professionelle Maskottchenkost\u00fcme von h\u00f6chster Qualit\u00e4t, made in France unter Einhaltung der CE- und REACH-Normen.","robots":{"index":"index","follow":"follow","max-snippet":"max-snippet:-1","max-image-preview":"max-image-preview:large","max-video-preview":"max-video-preview:-1"},"canonical":"https:\/\/planetemascottes.mycoqpit.fr\/de\/produit\/gelbe-blume-als-maskottchen\/","og_locale":"de_DE","og_type":"article","og_title":"Gelbe Blume als Maskottchen und ma\u00dfgeschneiderte Maskottchen - Plan\u00e8te Mascottes","og_description":"Plan\u00e8te Mascottes bietet professionelle Maskottchenkost\u00fcme von h\u00f6chster Qualit\u00e4t, made in France unter Einhaltung der CE- und REACH-Normen.","og_url":"https:\/\/planetemascottes.mycoqpit.fr\/de\/produit\/gelbe-blume-als-maskottchen\/","og_site_name":"Plan\u00e8te Mascottes","og_image":[{"width":800,"height":1040,"url":"https:\/\/planetemascottes.mycoqpit.fr\/wp-content\/uploads\/2025\/01\/mascotte-de-fleur-jaune-503.webp","type":"image\/png"}],"twitter_card":"summary_large_image","twitter_misc":{"Gesch\u00e4tzte Lesezeit":"1\u00a0Minute"},"schema":{"@context":"https:\/\/schema.org","@graph":[{"@type":"WebPage","@id":"https:\/\/planetemascottes.mycoqpit.fr\/de\/produit\/gelbe-blume-als-maskottchen\/","url":"https:\/\/planetemascottes.mycoqpit.fr\/de\/produit\/gelbe-blume-als-maskottchen\/","name":"Gelbe Blume als Maskottchen und ma\u00dfgeschneiderte Maskottchen - Plan\u00e8te Mascottes","isPartOf":{"@id":"https:\/\/planetemascottes.mycoqpit.fr\/de\/#website"},"primaryImageOfPage":{"@id":"https:\/\/planetemascottes.mycoqpit.fr\/de\/produit\/gelbe-blume-als-maskottchen\/#primaryimage"},"image":{"@id":"https:\/\/planetemascottes.mycoqpit.fr\/de\/produit\/gelbe-blume-als-maskottchen\/#primaryimage"},"thumbnailUrl":"https:\/\/planetemascottes.mycoqpit.fr\/wp-content\/uploads\/2025\/01\/mascotte-de-fleur-jaune-503.webp","datePublished":"2025-01-13T09:03:06+00:00","description":"Plan\u00e8te Mascottes bietet professionelle Maskottchenkost\u00fcme von h\u00f6chster Qualit\u00e4t, made in France unter Einhaltung der CE- und REACH-Normen.","breadcrumb":{"@id":"https:\/\/planetemascottes.mycoqpit.fr\/de\/produit\/gelbe-blume-als-maskottchen\/#breadcrumb"},"inLanguage":"de","potentialAction":[{"@type":"ReadAction","target":["https:\/\/planetemascottes.mycoqpit.fr\/de\/produit\/gelbe-blume-als-maskottchen\/"]}]},{"@type":"ImageObject","inLanguage":"de","@id":"https:\/\/planetemascottes.mycoqpit.fr\/de\/produit\/gelbe-blume-als-maskottchen\/#primaryimage","url":"https:\/\/planetemascottes.mycoqpit.fr\/wp-content\/uploads\/2025\/01\/mascotte-de-fleur-jaune-503.webp","contentUrl":"https:\/\/planetemascottes.mycoqpit.fr\/wp-content\/uploads\/2025\/01\/mascotte-de-fleur-jaune-503.webp","width":800,"height":1040},{"@type":"BreadcrumbList","@id":"https:\/\/planetemascottes.mycoqpit.fr\/de\/produit\/gelbe-blume-als-maskottchen\/#breadcrumb","itemListElement":[{"@type":"ListItem","position":1,"name":"Accueil","item":"https:\/\/planetemascottes.mycoqpit.fr\/de\/"},{"@type":"ListItem","position":2,"name":"Shop","item":"https:\/\/planetemascottes.mycoqpit.fr\/boutique\/"},{"@type":"ListItem","position":3,"name":"Gelbe Blume als Maskottchen"}]},{"@type":"WebSite","@id":"https:\/\/planetemascottes.mycoqpit.fr\/de\/#website","url":"https:\/\/planetemascottes.mycoqpit.fr\/de\/","name":"Plan\u00e8te Mascottes","description":"","publisher":{"@id":"https:\/\/planetemascottes.mycoqpit.fr\/de\/#organization"},"potentialAction":[{"@type":"SearchAction","target":{"@type":"EntryPoint","urlTemplate":"https:\/\/planetemascottes.mycoqpit.fr\/de\/?s={search_term_string}"},"query-input":{"@type":"PropertyValueSpecification","valueRequired":true,"valueName":"search_term_string"}}],"inLanguage":"de"},{"@type":"Organization","@id":"https:\/\/planetemascottes.mycoqpit.fr\/de\/#organization","name":"Plan\u00e8te Mascottes","url":"https:\/\/planetemascottes.mycoqpit.fr\/de\/","logo":{"@type":"ImageObject","inLanguage":"de","@id":"https:\/\/planetemascottes.mycoqpit.fr\/de\/#\/schema\/logo\/image\/","url":"https:\/\/planetemascottes.mycoqpit.fr\/wp-content\/uploads\/2024\/12\/planete-mascottes-logo.svg","contentUrl":"https:\/\/planetemascottes.mycoqpit.fr\/wp-content\/uploads\/2024\/12\/planete-mascottes-logo.svg","caption":"Plan\u00e8te Mascottes"},"image":{"@id":"https:\/\/planetemascottes.mycoqpit.fr\/de\/#\/schema\/logo\/image\/"}}]}},"_links":{"self":[{"href":"https:\/\/planetemascottes.mycoqpit.fr\/de\/wp-json\/wp\/v2\/product\/8314","targetHints":{"allow":["GET"]}}],"collection":[{"href":"https:\/\/planetemascottes.mycoqpit.fr\/de\/wp-json\/wp\/v2\/product"}],"about":[{"href":"https:\/\/planetemascottes.mycoqpit.fr\/de\/wp-json\/wp\/v2\/types\/product"}],"replies":[{"embeddable":true,"href":"https:\/\/planetemascottes.mycoqpit.fr\/de\/wp-json\/wp\/v2\/comments?post=8314"}],"wp:featuredmedia":[{"embeddable":true,"href":"https:\/\/planetemascottes.mycoqpit.fr\/de\/wp-json\/wp\/v2\/media\/8315"}],"wp:attachment":[{"href":"https:\/\/planetemascottes.mycoqpit.fr\/de\/wp-json\/wp\/v2\/media?parent=8314"}],"wp:term":[{"taxonomy":"product_brand","embeddable":true,"href":"https:\/\/planetemascottes.mycoqpit.fr\/de\/wp-json\/wp\/v2\/product_brand?post=8314"},{"taxonomy":"product_cat","embeddable":true,"href":"https:\/\/planetemascottes.mycoqpit.fr\/de\/wp-json\/wp\/v2\/product_cat?post=8314"},{"taxonomy":"product_tag","embeddable":true,"href":"https:\/\/planetemascottes.mycoqpit.fr\/de\/wp-json\/wp\/v2\/product_tag?post=8314"}],"curies":[{"name":"wp","href":"https:\/\/api.w.org\/{rel}","templated":true}]}}