{"id":8295,"date":"2025-01-13T09:57:10","date_gmt":"2025-01-13T08:57:10","guid":{"rendered":"https:\/\/planetemascottes.mycoqpit.fr\/produit\/maskottchen-kostuem-hund-dackel\/"},"modified":"2025-01-13T09:57:10","modified_gmt":"2025-01-13T08:57:10","slug":"maskottchen-kostuem-hund-dackel","status":"publish","type":"product","link":"https:\/\/planetemascottes.mycoqpit.fr\/de\/produit\/maskottchen-kostuem-hund-dackel\/","title":{"rendered":"Maskottchen-Kost\u00fcm Hund Dackel"},"content":{"rendered":"<p>Mit diesem au\u00dfergew\u00f6hnlichen <strong>Hundemaskottchen-Kost\u00fcm<\/strong> ist es endlich m\u00f6glich, beliebt zu werden: Viele Hunderassen sind in den Regalen zu finden, wie z.B. Bernhardiner oder Dackel.<\/p>\n<p>Dieses unwiderstehliche und lustige Hundemaskottchen-Kost\u00fcm ist so verbl\u00fcffend, dass Ihre Bekannten und Freunde lauthals lachen werden. Bei besonderen Anl\u00e4ssen gibt es nichts Besseres, als in diese <strong>Verkleidung<\/strong> zu schl\u00fcpfen, die f\u00fcr viele Begegnungen und \u00dcberraschungen sorgt. <\/p>\n<p>Probieren Sie es aus und nehmen Sie es an: Die Seele eines Kindes zur\u00fcckzugewinnen ist jederzeit m\u00f6glich, also m\u00fcssen Sie nicht l\u00e4nger darauf verzichten. Mit diesem <strong>hochwertigen<\/strong> Hundemaskottchen k\u00f6nnen Sie sich selbst und anderen eine Freude machen. <\/p>\n<p>Das <strong>Hundemaskottchen<\/strong> ist leicht zu verstauen und zu pflegen und bietet seinen treuen Anh\u00e4ngern viel Freude.<\/p>\n<p>Diese Verkleidung kann in Ihren eigenen <strong>Farben<\/strong> <strong>gestaltet<\/strong> werden: Stickereien, Farben, Stoffe.<\/p>\n<p>Finden Sie alle unsere Hundemaskottchen auf der Website. Maskottchen in <strong>Einheitsgr\u00f6\u00dfe<\/strong> erh\u00e4ltlich.<\/p>\n<p>Das Dackelkost\u00fcm besteht aus<strong>weichen Stoffen<\/strong>, die Sie in der <strong>Waschmaschine<\/strong> waschen k\u00f6nnen.<\/p>\n<p>Bestellen Sie auf der Website von Plan\u00e8te Mascottes und profitieren Sie von einem professionellen Service: schnelle Lieferung, sichere Bezahlung, Geld-zur\u00fcck-Garantie.<\/p>\n","protected":false},"excerpt":{"rendered":"<p><strong>Dackel-Maskottchen<\/strong>.<\/p>\n<p><strong>Dackel-Hundekost\u00fcm<\/strong>.<\/p>\n<p>Maskottchen-Kost\u00fcm, hergestellt in Frankreich unter Einhaltung der <strong>CE-<\/strong> und <strong>REACH-Normen<\/strong>.<\/p>\n<p>Enthaltene Elemente: Anzug, Kopf, Handschuhe und Schuhe.<\/p>\n<p>Alle unsere Pflegetipps f\u00fcr Ihr Maskottchen finden Sie unter den <a href=\"https:\/\/planetemascottes.mycoqpit.fr\/mascottes-sur-mesure\">h\u00e4ufig gestellten Fragen<\/a>.<\/p>\n","protected":false},"featured_media":8296,"comment_status":"closed","ping_status":"closed","template":"","meta":{"_acf_changed":false},"product_brand":[],"product_cat":[129,94],"product_tag":[],"class_list":{"0":"post-8295","1":"product","2":"type-product","3":"status-publish","4":"has-post-thumbnail","6":"product_cat-haustiere","7":"product_cat-unsere-maskottchen","9":"first","10":"instock","11":"taxable","12":"shipping-taxable","13":"purchasable","14":"product-type-simple"},"acf":[],"yoast_head":"<!-- This site is optimized with the Yoast SEO plugin v24.6 - https:\/\/yoast.com\/wordpress\/plugins\/seo\/ -->\n<title>Maskottchen-Kost\u00fcm Hund Dackel und ma\u00dfgeschneiderte Maskottchen - Plan\u00e8te Mascottes<\/title>\n<meta name=\"description\" content=\"Plan\u00e8te Mascottes bietet professionelle Maskottchenkost\u00fcme von h\u00f6chster Qualit\u00e4t, made in France unter Einhaltung der CE- und REACH-Normen.\" \/>\n<meta name=\"robots\" content=\"index, follow, max-snippet:-1, max-image-preview:large, max-video-preview:-1\" \/>\n<link rel=\"canonical\" href=\"https:\/\/planetemascottes.mycoqpit.fr\/de\/produit\/maskottchen-kostuem-hund-dackel\/\" \/>\n<meta property=\"og:locale\" content=\"de_DE\" \/>\n<meta property=\"og:type\" content=\"article\" \/>\n<meta property=\"og:title\" content=\"Maskottchen-Kost\u00fcm Hund Dackel und ma\u00dfgeschneiderte Maskottchen - Plan\u00e8te Mascottes\" \/>\n<meta property=\"og:description\" content=\"Plan\u00e8te Mascottes bietet professionelle Maskottchenkost\u00fcme von h\u00f6chster Qualit\u00e4t, made in France unter Einhaltung der CE- und REACH-Normen.\" \/>\n<meta property=\"og:url\" content=\"https:\/\/planetemascottes.mycoqpit.fr\/de\/produit\/maskottchen-kostuem-hund-dackel\/\" \/>\n<meta property=\"og:site_name\" content=\"Plan\u00e8te Mascottes\" \/>\n<meta property=\"og:image\" content=\"https:\/\/planetemascottes.mycoqpit.fr\/wp-content\/uploads\/2025\/01\/deguisement-mascotte-chien-teckel-359.webp\" \/>\n\t<meta property=\"og:image:width\" content=\"800\" \/>\n\t<meta property=\"og:image:height\" content=\"1040\" \/>\n\t<meta property=\"og:image:type\" content=\"image\/png\" \/>\n<meta name=\"twitter:card\" content=\"summary_large_image\" \/>\n<meta name=\"twitter:label1\" content=\"Gesch\u00e4tzte Lesezeit\" \/>\n\t<meta name=\"twitter:data1\" content=\"1\u00a0Minute\" \/>\n<script type=\"application\/ld+json\" class=\"yoast-schema-graph\">{\"@context\":\"https:\/\/schema.org\",\"@graph\":[{\"@type\":\"WebPage\",\"@id\":\"https:\/\/planetemascottes.mycoqpit.fr\/de\/produit\/maskottchen-kostuem-hund-dackel\/\",\"url\":\"https:\/\/planetemascottes.mycoqpit.fr\/de\/produit\/maskottchen-kostuem-hund-dackel\/\",\"name\":\"Maskottchen-Kost\u00fcm Hund Dackel und ma\u00dfgeschneiderte Maskottchen - Plan\u00e8te Mascottes\",\"isPartOf\":{\"@id\":\"https:\/\/planetemascottes.mycoqpit.fr\/de\/#website\"},\"primaryImageOfPage\":{\"@id\":\"https:\/\/planetemascottes.mycoqpit.fr\/de\/produit\/maskottchen-kostuem-hund-dackel\/#primaryimage\"},\"image\":{\"@id\":\"https:\/\/planetemascottes.mycoqpit.fr\/de\/produit\/maskottchen-kostuem-hund-dackel\/#primaryimage\"},\"thumbnailUrl\":\"https:\/\/planetemascottes.mycoqpit.fr\/wp-content\/uploads\/2025\/01\/deguisement-mascotte-chien-teckel-359.webp\",\"datePublished\":\"2025-01-13T08:57:10+00:00\",\"description\":\"Plan\u00e8te Mascottes bietet professionelle Maskottchenkost\u00fcme von h\u00f6chster Qualit\u00e4t, made in France unter Einhaltung der CE- und REACH-Normen.\",\"breadcrumb\":{\"@id\":\"https:\/\/planetemascottes.mycoqpit.fr\/de\/produit\/maskottchen-kostuem-hund-dackel\/#breadcrumb\"},\"inLanguage\":\"de\",\"potentialAction\":[{\"@type\":\"ReadAction\",\"target\":[\"https:\/\/planetemascottes.mycoqpit.fr\/de\/produit\/maskottchen-kostuem-hund-dackel\/\"]}]},{\"@type\":\"ImageObject\",\"inLanguage\":\"de\",\"@id\":\"https:\/\/planetemascottes.mycoqpit.fr\/de\/produit\/maskottchen-kostuem-hund-dackel\/#primaryimage\",\"url\":\"https:\/\/planetemascottes.mycoqpit.fr\/wp-content\/uploads\/2025\/01\/deguisement-mascotte-chien-teckel-359.webp\",\"contentUrl\":\"https:\/\/planetemascottes.mycoqpit.fr\/wp-content\/uploads\/2025\/01\/deguisement-mascotte-chien-teckel-359.webp\",\"width\":800,\"height\":1040},{\"@type\":\"BreadcrumbList\",\"@id\":\"https:\/\/planetemascottes.mycoqpit.fr\/de\/produit\/maskottchen-kostuem-hund-dackel\/#breadcrumb\",\"itemListElement\":[{\"@type\":\"ListItem\",\"position\":1,\"name\":\"Accueil\",\"item\":\"https:\/\/planetemascottes.mycoqpit.fr\/de\/\"},{\"@type\":\"ListItem\",\"position\":2,\"name\":\"Shop\",\"item\":\"https:\/\/planetemascottes.mycoqpit.fr\/boutique\/\"},{\"@type\":\"ListItem\",\"position\":3,\"name\":\"Maskottchen-Kost\u00fcm Hund Dackel\"}]},{\"@type\":\"WebSite\",\"@id\":\"https:\/\/planetemascottes.mycoqpit.fr\/de\/#website\",\"url\":\"https:\/\/planetemascottes.mycoqpit.fr\/de\/\",\"name\":\"Plan\u00e8te Mascottes\",\"description\":\"\",\"publisher\":{\"@id\":\"https:\/\/planetemascottes.mycoqpit.fr\/de\/#organization\"},\"potentialAction\":[{\"@type\":\"SearchAction\",\"target\":{\"@type\":\"EntryPoint\",\"urlTemplate\":\"https:\/\/planetemascottes.mycoqpit.fr\/de\/?s={search_term_string}\"},\"query-input\":{\"@type\":\"PropertyValueSpecification\",\"valueRequired\":true,\"valueName\":\"search_term_string\"}}],\"inLanguage\":\"de\"},{\"@type\":\"Organization\",\"@id\":\"https:\/\/planetemascottes.mycoqpit.fr\/de\/#organization\",\"name\":\"Plan\u00e8te Mascottes\",\"url\":\"https:\/\/planetemascottes.mycoqpit.fr\/de\/\",\"logo\":{\"@type\":\"ImageObject\",\"inLanguage\":\"de\",\"@id\":\"https:\/\/planetemascottes.mycoqpit.fr\/de\/#\/schema\/logo\/image\/\",\"url\":\"https:\/\/planetemascottes.mycoqpit.fr\/wp-content\/uploads\/2024\/12\/planete-mascottes-logo.svg\",\"contentUrl\":\"https:\/\/planetemascottes.mycoqpit.fr\/wp-content\/uploads\/2024\/12\/planete-mascottes-logo.svg\",\"caption\":\"Plan\u00e8te Mascottes\"},\"image\":{\"@id\":\"https:\/\/planetemascottes.mycoqpit.fr\/de\/#\/schema\/logo\/image\/\"}}]}<\/script>\n<!-- \/ Yoast SEO plugin. -->","yoast_head_json":{"title":"Maskottchen-Kost\u00fcm Hund Dackel und ma\u00dfgeschneiderte Maskottchen - Plan\u00e8te Mascottes","description":"Plan\u00e8te Mascottes bietet professionelle Maskottchenkost\u00fcme von h\u00f6chster Qualit\u00e4t, made in France unter Einhaltung der CE- und REACH-Normen.","robots":{"index":"index","follow":"follow","max-snippet":"max-snippet:-1","max-image-preview":"max-image-preview:large","max-video-preview":"max-video-preview:-1"},"canonical":"https:\/\/planetemascottes.mycoqpit.fr\/de\/produit\/maskottchen-kostuem-hund-dackel\/","og_locale":"de_DE","og_type":"article","og_title":"Maskottchen-Kost\u00fcm Hund Dackel und ma\u00dfgeschneiderte Maskottchen - Plan\u00e8te Mascottes","og_description":"Plan\u00e8te Mascottes bietet professionelle Maskottchenkost\u00fcme von h\u00f6chster Qualit\u00e4t, made in France unter Einhaltung der CE- und REACH-Normen.","og_url":"https:\/\/planetemascottes.mycoqpit.fr\/de\/produit\/maskottchen-kostuem-hund-dackel\/","og_site_name":"Plan\u00e8te Mascottes","og_image":[{"width":800,"height":1040,"url":"https:\/\/planetemascottes.mycoqpit.fr\/wp-content\/uploads\/2025\/01\/deguisement-mascotte-chien-teckel-359.webp","type":"image\/png"}],"twitter_card":"summary_large_image","twitter_misc":{"Gesch\u00e4tzte Lesezeit":"1\u00a0Minute"},"schema":{"@context":"https:\/\/schema.org","@graph":[{"@type":"WebPage","@id":"https:\/\/planetemascottes.mycoqpit.fr\/de\/produit\/maskottchen-kostuem-hund-dackel\/","url":"https:\/\/planetemascottes.mycoqpit.fr\/de\/produit\/maskottchen-kostuem-hund-dackel\/","name":"Maskottchen-Kost\u00fcm Hund Dackel und ma\u00dfgeschneiderte Maskottchen - Plan\u00e8te Mascottes","isPartOf":{"@id":"https:\/\/planetemascottes.mycoqpit.fr\/de\/#website"},"primaryImageOfPage":{"@id":"https:\/\/planetemascottes.mycoqpit.fr\/de\/produit\/maskottchen-kostuem-hund-dackel\/#primaryimage"},"image":{"@id":"https:\/\/planetemascottes.mycoqpit.fr\/de\/produit\/maskottchen-kostuem-hund-dackel\/#primaryimage"},"thumbnailUrl":"https:\/\/planetemascottes.mycoqpit.fr\/wp-content\/uploads\/2025\/01\/deguisement-mascotte-chien-teckel-359.webp","datePublished":"2025-01-13T08:57:10+00:00","description":"Plan\u00e8te Mascottes bietet professionelle Maskottchenkost\u00fcme von h\u00f6chster Qualit\u00e4t, made in France unter Einhaltung der CE- und REACH-Normen.","breadcrumb":{"@id":"https:\/\/planetemascottes.mycoqpit.fr\/de\/produit\/maskottchen-kostuem-hund-dackel\/#breadcrumb"},"inLanguage":"de","potentialAction":[{"@type":"ReadAction","target":["https:\/\/planetemascottes.mycoqpit.fr\/de\/produit\/maskottchen-kostuem-hund-dackel\/"]}]},{"@type":"ImageObject","inLanguage":"de","@id":"https:\/\/planetemascottes.mycoqpit.fr\/de\/produit\/maskottchen-kostuem-hund-dackel\/#primaryimage","url":"https:\/\/planetemascottes.mycoqpit.fr\/wp-content\/uploads\/2025\/01\/deguisement-mascotte-chien-teckel-359.webp","contentUrl":"https:\/\/planetemascottes.mycoqpit.fr\/wp-content\/uploads\/2025\/01\/deguisement-mascotte-chien-teckel-359.webp","width":800,"height":1040},{"@type":"BreadcrumbList","@id":"https:\/\/planetemascottes.mycoqpit.fr\/de\/produit\/maskottchen-kostuem-hund-dackel\/#breadcrumb","itemListElement":[{"@type":"ListItem","position":1,"name":"Accueil","item":"https:\/\/planetemascottes.mycoqpit.fr\/de\/"},{"@type":"ListItem","position":2,"name":"Shop","item":"https:\/\/planetemascottes.mycoqpit.fr\/boutique\/"},{"@type":"ListItem","position":3,"name":"Maskottchen-Kost\u00fcm Hund Dackel"}]},{"@type":"WebSite","@id":"https:\/\/planetemascottes.mycoqpit.fr\/de\/#website","url":"https:\/\/planetemascottes.mycoqpit.fr\/de\/","name":"Plan\u00e8te Mascottes","description":"","publisher":{"@id":"https:\/\/planetemascottes.mycoqpit.fr\/de\/#organization"},"potentialAction":[{"@type":"SearchAction","target":{"@type":"EntryPoint","urlTemplate":"https:\/\/planetemascottes.mycoqpit.fr\/de\/?s={search_term_string}"},"query-input":{"@type":"PropertyValueSpecification","valueRequired":true,"valueName":"search_term_string"}}],"inLanguage":"de"},{"@type":"Organization","@id":"https:\/\/planetemascottes.mycoqpit.fr\/de\/#organization","name":"Plan\u00e8te Mascottes","url":"https:\/\/planetemascottes.mycoqpit.fr\/de\/","logo":{"@type":"ImageObject","inLanguage":"de","@id":"https:\/\/planetemascottes.mycoqpit.fr\/de\/#\/schema\/logo\/image\/","url":"https:\/\/planetemascottes.mycoqpit.fr\/wp-content\/uploads\/2024\/12\/planete-mascottes-logo.svg","contentUrl":"https:\/\/planetemascottes.mycoqpit.fr\/wp-content\/uploads\/2024\/12\/planete-mascottes-logo.svg","caption":"Plan\u00e8te Mascottes"},"image":{"@id":"https:\/\/planetemascottes.mycoqpit.fr\/de\/#\/schema\/logo\/image\/"}}]}},"_links":{"self":[{"href":"https:\/\/planetemascottes.mycoqpit.fr\/de\/wp-json\/wp\/v2\/product\/8295","targetHints":{"allow":["GET"]}}],"collection":[{"href":"https:\/\/planetemascottes.mycoqpit.fr\/de\/wp-json\/wp\/v2\/product"}],"about":[{"href":"https:\/\/planetemascottes.mycoqpit.fr\/de\/wp-json\/wp\/v2\/types\/product"}],"replies":[{"embeddable":true,"href":"https:\/\/planetemascottes.mycoqpit.fr\/de\/wp-json\/wp\/v2\/comments?post=8295"}],"wp:featuredmedia":[{"embeddable":true,"href":"https:\/\/planetemascottes.mycoqpit.fr\/de\/wp-json\/wp\/v2\/media\/8296"}],"wp:attachment":[{"href":"https:\/\/planetemascottes.mycoqpit.fr\/de\/wp-json\/wp\/v2\/media?parent=8295"}],"wp:term":[{"taxonomy":"product_brand","embeddable":true,"href":"https:\/\/planetemascottes.mycoqpit.fr\/de\/wp-json\/wp\/v2\/product_brand?post=8295"},{"taxonomy":"product_cat","embeddable":true,"href":"https:\/\/planetemascottes.mycoqpit.fr\/de\/wp-json\/wp\/v2\/product_cat?post=8295"},{"taxonomy":"product_tag","embeddable":true,"href":"https:\/\/planetemascottes.mycoqpit.fr\/de\/wp-json\/wp\/v2\/product_tag?post=8295"}],"curies":[{"name":"wp","href":"https:\/\/api.w.org\/{rel}","templated":true}]}}