{"id":7804,"date":"2025-01-13T10:13:42","date_gmt":"2025-01-13T09:13:42","guid":{"rendered":"https:\/\/planetemascottes.mycoqpit.fr\/produit\/maskottchen-einkaufstasche\/"},"modified":"2025-01-13T10:13:42","modified_gmt":"2025-01-13T09:13:42","slug":"maskottchen-einkaufstasche","status":"publish","type":"product","link":"https:\/\/planetemascottes.mycoqpit.fr\/de\/produit\/maskottchen-einkaufstasche\/","title":{"rendered":"Maskottchen Einkaufstasche"},"content":{"rendered":"<p>Hier ist ein <strong>Maskottchen<\/strong> f\u00fcr alle Shopping-Liebhaber. Mit seiner sch\u00f6nen goldenen Schleife und seinem freundlichen Gesicht wird es in Einkaufszentren und bei Feierlichkeiten wie Vatertag, Muttertag, Ostern oder Weihnachten f\u00fcr Furore sorgen.<\/p>\n<p>Bitte fragen Sie uns, wenn Sie mehr \u00fcber dieses <strong>Maskottchen<\/strong> einer riesigen Einkaufstasche wissen m\u00f6chten. Dieses <strong>Maskottchen<\/strong> ist pflegeleicht und leicht zu transportieren. <\/p>\n<p>Maskottchen f\u00fcr Gewerbetreibende, Handelsverb\u00e4nde, GIE&#8230;<\/p>\n","protected":false},"excerpt":{"rendered":"<p><strong>Maskottchen einer Einkaufstasche.<\/strong><\/p>\n<p><strong>Pl\u00fcschkost\u00fcm<\/strong> einer Einkaufstasche f\u00fcr Erwachsene. Das <strong>Maskottchenkost\u00fcm<\/strong> wurde in Frankreich unter Einhaltung der <strong>CE-<\/strong> und <strong>REACH-Normen<\/strong> hergestellt.<\/p>\n<p>Diese <strong>Verkleidung<\/strong> kann in Ihren eigenen Farben gestaltet werden: Stickereien, Stofffarben, etc. Alle unsere <a href=\"https:\/\/planetemascottes.mycoqpit.fr\/categorie-produit\/nos-mascottes\">Maskottchen<\/a> finden Sie auf der Website.<\/p>\n<p>Das <strong>Maskottchen<\/strong> ist in einer Einheitsgr\u00f6\u00dfe erh\u00e4ltlich. Das Einkaufstasche Maskottchen Kost\u00fcm besteht aus weichen Teilen, die Sie in der Waschmaschine waschen k\u00f6nnen. <\/p>\n<p>Enthaltene Elemente<span style=\"text-align: justify;\"> <\/span><span style=\"text-align: justify;\">: Anzug, Kopf, Schuhe, Handschuhe.  <\/span><\/p>\n<p>Lesen Sie unsere Pflegetipps in den <a href=\"https:\/\/planetemascottes.mycoqpit.fr\/mascottes-sur-mesure\">h\u00e4ufig gestellten Fragen<\/a>.<\/p>\n","protected":false},"featured_media":7805,"comment_status":"closed","ping_status":"closed","template":"","meta":{"_acf_changed":false},"product_brand":[],"product_cat":[120,106,94],"product_tag":[],"class_list":{"0":"post-7804","1":"product","2":"type-product","3":"status-publish","4":"has-post-thumbnail","6":"product_cat-feste","7":"product_cat-personen","8":"product_cat-unsere-maskottchen","10":"first","11":"instock","12":"taxable","13":"shipping-taxable","14":"purchasable","15":"product-type-simple"},"acf":[],"yoast_head":"<!-- This site is optimized with the Yoast SEO plugin v24.6 - https:\/\/yoast.com\/wordpress\/plugins\/seo\/ -->\n<title>Maskottchen Einkaufstasche und ma\u00dfgeschneiderte Maskottchen - Plan\u00e8te Mascottes<\/title>\n<meta name=\"description\" content=\"Maskottchenkost\u00fcm, das in Frankreich unter Einhaltung der CE- und REACH-Normen hergestellt wurde.\" \/>\n<meta name=\"robots\" content=\"index, follow, max-snippet:-1, max-image-preview:large, max-video-preview:-1\" \/>\n<link rel=\"canonical\" href=\"https:\/\/planetemascottes.mycoqpit.fr\/de\/produit\/maskottchen-einkaufstasche\/\" \/>\n<meta property=\"og:locale\" content=\"de_DE\" \/>\n<meta property=\"og:type\" content=\"article\" \/>\n<meta property=\"og:title\" content=\"Maskottchen Einkaufstasche und ma\u00dfgeschneiderte Maskottchen - Plan\u00e8te Mascottes\" \/>\n<meta property=\"og:description\" content=\"Maskottchenkost\u00fcm, das in Frankreich unter Einhaltung der CE- und REACH-Normen hergestellt wurde.\" \/>\n<meta property=\"og:url\" content=\"https:\/\/planetemascottes.mycoqpit.fr\/de\/produit\/maskottchen-einkaufstasche\/\" \/>\n<meta property=\"og:site_name\" content=\"Plan\u00e8te Mascottes\" \/>\n<meta property=\"og:image\" content=\"https:\/\/planetemascottes.mycoqpit.fr\/wp-content\/uploads\/2025\/01\/mascotte-sac-de-shopping-1364.webp\" \/>\n\t<meta property=\"og:image:width\" content=\"800\" \/>\n\t<meta property=\"og:image:height\" content=\"800\" \/>\n\t<meta property=\"og:image:type\" content=\"image\/png\" \/>\n<meta name=\"twitter:card\" content=\"summary_large_image\" \/>\n<script type=\"application\/ld+json\" class=\"yoast-schema-graph\">{\"@context\":\"https:\/\/schema.org\",\"@graph\":[{\"@type\":\"WebPage\",\"@id\":\"https:\/\/planetemascottes.mycoqpit.fr\/de\/produit\/maskottchen-einkaufstasche\/\",\"url\":\"https:\/\/planetemascottes.mycoqpit.fr\/de\/produit\/maskottchen-einkaufstasche\/\",\"name\":\"Maskottchen Einkaufstasche und ma\u00dfgeschneiderte Maskottchen - Plan\u00e8te Mascottes\",\"isPartOf\":{\"@id\":\"https:\/\/planetemascottes.mycoqpit.fr\/de\/#website\"},\"primaryImageOfPage\":{\"@id\":\"https:\/\/planetemascottes.mycoqpit.fr\/de\/produit\/maskottchen-einkaufstasche\/#primaryimage\"},\"image\":{\"@id\":\"https:\/\/planetemascottes.mycoqpit.fr\/de\/produit\/maskottchen-einkaufstasche\/#primaryimage\"},\"thumbnailUrl\":\"https:\/\/planetemascottes.mycoqpit.fr\/wp-content\/uploads\/2025\/01\/mascotte-sac-de-shopping-1364.webp\",\"datePublished\":\"2025-01-13T09:13:42+00:00\",\"description\":\"Maskottchenkost\u00fcm, das in Frankreich unter Einhaltung der CE- und REACH-Normen hergestellt wurde.\",\"breadcrumb\":{\"@id\":\"https:\/\/planetemascottes.mycoqpit.fr\/de\/produit\/maskottchen-einkaufstasche\/#breadcrumb\"},\"inLanguage\":\"de\",\"potentialAction\":[{\"@type\":\"ReadAction\",\"target\":[\"https:\/\/planetemascottes.mycoqpit.fr\/de\/produit\/maskottchen-einkaufstasche\/\"]}]},{\"@type\":\"ImageObject\",\"inLanguage\":\"de\",\"@id\":\"https:\/\/planetemascottes.mycoqpit.fr\/de\/produit\/maskottchen-einkaufstasche\/#primaryimage\",\"url\":\"https:\/\/planetemascottes.mycoqpit.fr\/wp-content\/uploads\/2025\/01\/mascotte-sac-de-shopping-1364.webp\",\"contentUrl\":\"https:\/\/planetemascottes.mycoqpit.fr\/wp-content\/uploads\/2025\/01\/mascotte-sac-de-shopping-1364.webp\",\"width\":800,\"height\":800},{\"@type\":\"BreadcrumbList\",\"@id\":\"https:\/\/planetemascottes.mycoqpit.fr\/de\/produit\/maskottchen-einkaufstasche\/#breadcrumb\",\"itemListElement\":[{\"@type\":\"ListItem\",\"position\":1,\"name\":\"Accueil\",\"item\":\"https:\/\/planetemascottes.mycoqpit.fr\/de\/\"},{\"@type\":\"ListItem\",\"position\":2,\"name\":\"Shop\",\"item\":\"https:\/\/planetemascottes.mycoqpit.fr\/boutique\/\"},{\"@type\":\"ListItem\",\"position\":3,\"name\":\"Maskottchen Einkaufstasche\"}]},{\"@type\":\"WebSite\",\"@id\":\"https:\/\/planetemascottes.mycoqpit.fr\/de\/#website\",\"url\":\"https:\/\/planetemascottes.mycoqpit.fr\/de\/\",\"name\":\"Plan\u00e8te Mascottes\",\"description\":\"\",\"publisher\":{\"@id\":\"https:\/\/planetemascottes.mycoqpit.fr\/de\/#organization\"},\"potentialAction\":[{\"@type\":\"SearchAction\",\"target\":{\"@type\":\"EntryPoint\",\"urlTemplate\":\"https:\/\/planetemascottes.mycoqpit.fr\/de\/?s={search_term_string}\"},\"query-input\":{\"@type\":\"PropertyValueSpecification\",\"valueRequired\":true,\"valueName\":\"search_term_string\"}}],\"inLanguage\":\"de\"},{\"@type\":\"Organization\",\"@id\":\"https:\/\/planetemascottes.mycoqpit.fr\/de\/#organization\",\"name\":\"Plan\u00e8te Mascottes\",\"url\":\"https:\/\/planetemascottes.mycoqpit.fr\/de\/\",\"logo\":{\"@type\":\"ImageObject\",\"inLanguage\":\"de\",\"@id\":\"https:\/\/planetemascottes.mycoqpit.fr\/de\/#\/schema\/logo\/image\/\",\"url\":\"https:\/\/planetemascottes.mycoqpit.fr\/wp-content\/uploads\/2024\/12\/planete-mascottes-logo.svg\",\"contentUrl\":\"https:\/\/planetemascottes.mycoqpit.fr\/wp-content\/uploads\/2024\/12\/planete-mascottes-logo.svg\",\"caption\":\"Plan\u00e8te Mascottes\"},\"image\":{\"@id\":\"https:\/\/planetemascottes.mycoqpit.fr\/de\/#\/schema\/logo\/image\/\"}}]}<\/script>\n<!-- \/ Yoast SEO plugin. -->","yoast_head_json":{"title":"Maskottchen Einkaufstasche und ma\u00dfgeschneiderte Maskottchen - Plan\u00e8te Mascottes","description":"Maskottchenkost\u00fcm, das in Frankreich unter Einhaltung der CE- und REACH-Normen hergestellt wurde.","robots":{"index":"index","follow":"follow","max-snippet":"max-snippet:-1","max-image-preview":"max-image-preview:large","max-video-preview":"max-video-preview:-1"},"canonical":"https:\/\/planetemascottes.mycoqpit.fr\/de\/produit\/maskottchen-einkaufstasche\/","og_locale":"de_DE","og_type":"article","og_title":"Maskottchen Einkaufstasche und ma\u00dfgeschneiderte Maskottchen - Plan\u00e8te Mascottes","og_description":"Maskottchenkost\u00fcm, das in Frankreich unter Einhaltung der CE- und REACH-Normen hergestellt wurde.","og_url":"https:\/\/planetemascottes.mycoqpit.fr\/de\/produit\/maskottchen-einkaufstasche\/","og_site_name":"Plan\u00e8te Mascottes","og_image":[{"width":800,"height":800,"url":"https:\/\/planetemascottes.mycoqpit.fr\/wp-content\/uploads\/2025\/01\/mascotte-sac-de-shopping-1364.webp","type":"image\/png"}],"twitter_card":"summary_large_image","schema":{"@context":"https:\/\/schema.org","@graph":[{"@type":"WebPage","@id":"https:\/\/planetemascottes.mycoqpit.fr\/de\/produit\/maskottchen-einkaufstasche\/","url":"https:\/\/planetemascottes.mycoqpit.fr\/de\/produit\/maskottchen-einkaufstasche\/","name":"Maskottchen Einkaufstasche und ma\u00dfgeschneiderte Maskottchen - Plan\u00e8te Mascottes","isPartOf":{"@id":"https:\/\/planetemascottes.mycoqpit.fr\/de\/#website"},"primaryImageOfPage":{"@id":"https:\/\/planetemascottes.mycoqpit.fr\/de\/produit\/maskottchen-einkaufstasche\/#primaryimage"},"image":{"@id":"https:\/\/planetemascottes.mycoqpit.fr\/de\/produit\/maskottchen-einkaufstasche\/#primaryimage"},"thumbnailUrl":"https:\/\/planetemascottes.mycoqpit.fr\/wp-content\/uploads\/2025\/01\/mascotte-sac-de-shopping-1364.webp","datePublished":"2025-01-13T09:13:42+00:00","description":"Maskottchenkost\u00fcm, das in Frankreich unter Einhaltung der CE- und REACH-Normen hergestellt wurde.","breadcrumb":{"@id":"https:\/\/planetemascottes.mycoqpit.fr\/de\/produit\/maskottchen-einkaufstasche\/#breadcrumb"},"inLanguage":"de","potentialAction":[{"@type":"ReadAction","target":["https:\/\/planetemascottes.mycoqpit.fr\/de\/produit\/maskottchen-einkaufstasche\/"]}]},{"@type":"ImageObject","inLanguage":"de","@id":"https:\/\/planetemascottes.mycoqpit.fr\/de\/produit\/maskottchen-einkaufstasche\/#primaryimage","url":"https:\/\/planetemascottes.mycoqpit.fr\/wp-content\/uploads\/2025\/01\/mascotte-sac-de-shopping-1364.webp","contentUrl":"https:\/\/planetemascottes.mycoqpit.fr\/wp-content\/uploads\/2025\/01\/mascotte-sac-de-shopping-1364.webp","width":800,"height":800},{"@type":"BreadcrumbList","@id":"https:\/\/planetemascottes.mycoqpit.fr\/de\/produit\/maskottchen-einkaufstasche\/#breadcrumb","itemListElement":[{"@type":"ListItem","position":1,"name":"Accueil","item":"https:\/\/planetemascottes.mycoqpit.fr\/de\/"},{"@type":"ListItem","position":2,"name":"Shop","item":"https:\/\/planetemascottes.mycoqpit.fr\/boutique\/"},{"@type":"ListItem","position":3,"name":"Maskottchen Einkaufstasche"}]},{"@type":"WebSite","@id":"https:\/\/planetemascottes.mycoqpit.fr\/de\/#website","url":"https:\/\/planetemascottes.mycoqpit.fr\/de\/","name":"Plan\u00e8te Mascottes","description":"","publisher":{"@id":"https:\/\/planetemascottes.mycoqpit.fr\/de\/#organization"},"potentialAction":[{"@type":"SearchAction","target":{"@type":"EntryPoint","urlTemplate":"https:\/\/planetemascottes.mycoqpit.fr\/de\/?s={search_term_string}"},"query-input":{"@type":"PropertyValueSpecification","valueRequired":true,"valueName":"search_term_string"}}],"inLanguage":"de"},{"@type":"Organization","@id":"https:\/\/planetemascottes.mycoqpit.fr\/de\/#organization","name":"Plan\u00e8te Mascottes","url":"https:\/\/planetemascottes.mycoqpit.fr\/de\/","logo":{"@type":"ImageObject","inLanguage":"de","@id":"https:\/\/planetemascottes.mycoqpit.fr\/de\/#\/schema\/logo\/image\/","url":"https:\/\/planetemascottes.mycoqpit.fr\/wp-content\/uploads\/2024\/12\/planete-mascottes-logo.svg","contentUrl":"https:\/\/planetemascottes.mycoqpit.fr\/wp-content\/uploads\/2024\/12\/planete-mascottes-logo.svg","caption":"Plan\u00e8te Mascottes"},"image":{"@id":"https:\/\/planetemascottes.mycoqpit.fr\/de\/#\/schema\/logo\/image\/"}}]}},"_links":{"self":[{"href":"https:\/\/planetemascottes.mycoqpit.fr\/de\/wp-json\/wp\/v2\/product\/7804","targetHints":{"allow":["GET"]}}],"collection":[{"href":"https:\/\/planetemascottes.mycoqpit.fr\/de\/wp-json\/wp\/v2\/product"}],"about":[{"href":"https:\/\/planetemascottes.mycoqpit.fr\/de\/wp-json\/wp\/v2\/types\/product"}],"replies":[{"embeddable":true,"href":"https:\/\/planetemascottes.mycoqpit.fr\/de\/wp-json\/wp\/v2\/comments?post=7804"}],"wp:featuredmedia":[{"embeddable":true,"href":"https:\/\/planetemascottes.mycoqpit.fr\/de\/wp-json\/wp\/v2\/media\/7805"}],"wp:attachment":[{"href":"https:\/\/planetemascottes.mycoqpit.fr\/de\/wp-json\/wp\/v2\/media?parent=7804"}],"wp:term":[{"taxonomy":"product_brand","embeddable":true,"href":"https:\/\/planetemascottes.mycoqpit.fr\/de\/wp-json\/wp\/v2\/product_brand?post=7804"},{"taxonomy":"product_cat","embeddable":true,"href":"https:\/\/planetemascottes.mycoqpit.fr\/de\/wp-json\/wp\/v2\/product_cat?post=7804"},{"taxonomy":"product_tag","embeddable":true,"href":"https:\/\/planetemascottes.mycoqpit.fr\/de\/wp-json\/wp\/v2\/product_tag?post=7804"}],"curies":[{"name":"wp","href":"https:\/\/api.w.org\/{rel}","templated":true}]}}