{"id":7377,"date":"2025-01-24T08:50:19","date_gmt":"2025-01-24T07:50:19","guid":{"rendered":"https:\/\/planetemascottes.mycoqpit.fr\/produit\/maskottchen-baer\/"},"modified":"2025-01-24T08:50:19","modified_gmt":"2025-01-24T07:50:19","slug":"maskottchen-baer","status":"publish","type":"product","link":"https:\/\/planetemascottes.mycoqpit.fr\/de\/produit\/maskottchen-baer\/","title":{"rendered":"Maskottchen B\u00e4r"},"content":{"rendered":"<p>Das Grizzlyb\u00e4r-Maskottchen besteht aus mehreren unabh\u00e4ngigen Teilen mit <strong>Handschuhen<\/strong>, <strong>Kopf<\/strong>, <strong>K\u00f6rper<\/strong>, <strong>\u00dcberschuhen<\/strong> und <strong>Verst\u00e4rkungen<\/strong> im Inneren des Maskottchens, um einen guten Halt des Produkts zu gew\u00e4hrleisten, egal wer das Kost\u00fcm tragen wird.<\/p>\n<p>Dieser Braunb\u00e4r ist eine perfekte Imitation aller B\u00e4ren, die Sie z.B. in den Pyren\u00e4en oder auch in den Alpen antreffen k\u00f6nnen. Mit diesem professionellen B\u00e4renkost\u00fcm k\u00f6nnen Sie die Kinder umarmen, die von den Maskottchen des Waldes immer begeistert sind! Erfolg garantiert!  <\/p>\n<p>Achtung, es ist verboten, B\u00e4ren zu jagen, wenn Sie also einen J\u00e4ger sehen, machen Sie sich keine Sorgen, er wird Ihnen nichts tun. Dieses <strong>Maskottchen<\/strong> ist ideal f\u00fcr den Einsatz im Innen- und Au\u00dfenbereich und kann bei jedem Wetter agieren. <\/p>\n<p>Sie k\u00f6nnen dieses Maskottchen auf Ihren Au\u00dfenveranstaltungen einsetzen, wenn Ihr Schauspieler seine Rolle gut spielen kann.<\/p>\n","protected":false},"excerpt":{"rendered":"<p>Erwachsenenkost\u00fcm aus Pl\u00fcsch f\u00fcr einen braunen oder braunen Grizzlyb\u00e4ren mit einem super aggressiven Look.<\/p>\n<p>In Frankreich hergestelltes Maskottchenkost\u00fcm, das die <strong>CE- und REACH-Normen<\/strong> erf\u00fcllt und bei 30\u00b0C in der Maschine waschbar ist.<\/p>\n<p>Diese Verkleidung kann in Ihren eigenen <strong>Farben<\/strong> gestaltet werden: Stickereien, Stofffarben, etc.<\/p>\n<p>Alle unsere Maskottchen von Bauernhoftieren finden Sie auf unserer Website. Maskottchen in <strong>Einheitsgr\u00f6\u00dfe<\/strong> erh\u00e4ltlich. <\/p>\n<p>Das Maskottchenkost\u00fcm eines braunen oder braunen Grizzlyb\u00e4ren mit aggressivem Superlook besteht aus weichen Elementen, die Sie in der Waschmaschine waschen k\u00f6nnen. Lesen Sie unsere Pflegehinweise in den <a href=\"https:\/\/planetemascottes.mycoqpit.fr\/mascottes-sur-mesure\">h\u00e4ufig gestellten Fragen<\/a>. <\/p>\n<p>Wenn Sie m\u00f6chten, k\u00f6nnen Sie dieses Produkt mit Ihrem Logo oder einer Stickerei personalisieren. Auch ein Farbwechsel ist m\u00f6glich. <\/p>\n","protected":false},"featured_media":7378,"comment_status":"closed","ping_status":"closed","template":"","meta":{"_acf_changed":false},"product_brand":[],"product_cat":[121,94],"product_tag":[],"class_list":{"0":"post-7377","1":"product","2":"type-product","3":"status-publish","4":"has-post-thumbnail","6":"product_cat-tiere-des-waldes","7":"product_cat-unsere-maskottchen","9":"first","10":"instock","11":"taxable","12":"shipping-taxable","13":"purchasable","14":"product-type-simple"},"acf":[],"yoast_head":"<!-- This site is optimized with the Yoast SEO plugin v24.6 - https:\/\/yoast.com\/wordpress\/plugins\/seo\/ -->\n<title>B\u00e4renmaskottchen-Kost\u00fcm - Plan\u00e8te Mascottes<\/title>\n<meta name=\"description\" content=\"Maskottchen-Kost\u00fcm B\u00e4r. B\u00e4renkost\u00fcm f\u00fcr Erwachsene. Professionelles B\u00e4renkost\u00fcm, hergestellt in Frankreich unter Einhaltung der CE- und REACH-Normen.\" \/>\n<meta name=\"robots\" content=\"index, follow, max-snippet:-1, max-image-preview:large, max-video-preview:-1\" \/>\n<link rel=\"canonical\" href=\"https:\/\/planetemascottes.mycoqpit.fr\/de\/produit\/maskottchen-baer\/\" \/>\n<meta property=\"og:locale\" content=\"de_DE\" \/>\n<meta property=\"og:type\" content=\"article\" \/>\n<meta property=\"og:title\" content=\"B\u00e4renmaskottchen-Kost\u00fcm - Plan\u00e8te Mascottes\" \/>\n<meta property=\"og:description\" content=\"Maskottchen-Kost\u00fcm B\u00e4r. B\u00e4renkost\u00fcm f\u00fcr Erwachsene. Professionelles B\u00e4renkost\u00fcm, hergestellt in Frankreich unter Einhaltung der CE- und REACH-Normen.\" \/>\n<meta property=\"og:url\" content=\"https:\/\/planetemascottes.mycoqpit.fr\/de\/produit\/maskottchen-baer\/\" \/>\n<meta property=\"og:site_name\" content=\"Plan\u00e8te Mascottes\" \/>\n<meta property=\"og:image\" content=\"https:\/\/planetemascottes.mycoqpit.fr\/wp-content\/uploads\/2025\/01\/mascotte-ours-noirs.webp\" \/>\n\t<meta property=\"og:image:width\" content=\"378\" \/>\n\t<meta property=\"og:image:height\" content=\"378\" \/>\n\t<meta property=\"og:image:type\" content=\"image\/png\" \/>\n<meta name=\"twitter:card\" content=\"summary_large_image\" \/>\n<meta name=\"twitter:label1\" content=\"Gesch\u00e4tzte Lesezeit\" \/>\n\t<meta name=\"twitter:data1\" content=\"1\u00a0Minute\" \/>\n<script type=\"application\/ld+json\" class=\"yoast-schema-graph\">{\"@context\":\"https:\/\/schema.org\",\"@graph\":[{\"@type\":\"WebPage\",\"@id\":\"https:\/\/planetemascottes.mycoqpit.fr\/de\/produit\/maskottchen-baer\/\",\"url\":\"https:\/\/planetemascottes.mycoqpit.fr\/de\/produit\/maskottchen-baer\/\",\"name\":\"B\u00e4renmaskottchen-Kost\u00fcm - Plan\u00e8te Mascottes\",\"isPartOf\":{\"@id\":\"https:\/\/planetemascottes.mycoqpit.fr\/de\/#website\"},\"primaryImageOfPage\":{\"@id\":\"https:\/\/planetemascottes.mycoqpit.fr\/de\/produit\/maskottchen-baer\/#primaryimage\"},\"image\":{\"@id\":\"https:\/\/planetemascottes.mycoqpit.fr\/de\/produit\/maskottchen-baer\/#primaryimage\"},\"thumbnailUrl\":\"https:\/\/planetemascottes.mycoqpit.fr\/wp-content\/uploads\/2025\/01\/mascotte-ours-noirs.webp\",\"datePublished\":\"2025-01-24T07:50:19+00:00\",\"description\":\"Maskottchen-Kost\u00fcm B\u00e4r. B\u00e4renkost\u00fcm f\u00fcr Erwachsene. Professionelles B\u00e4renkost\u00fcm, hergestellt in Frankreich unter Einhaltung der CE- und REACH-Normen.\",\"breadcrumb\":{\"@id\":\"https:\/\/planetemascottes.mycoqpit.fr\/de\/produit\/maskottchen-baer\/#breadcrumb\"},\"inLanguage\":\"de\",\"potentialAction\":[{\"@type\":\"ReadAction\",\"target\":[\"https:\/\/planetemascottes.mycoqpit.fr\/de\/produit\/maskottchen-baer\/\"]}]},{\"@type\":\"ImageObject\",\"inLanguage\":\"de\",\"@id\":\"https:\/\/planetemascottes.mycoqpit.fr\/de\/produit\/maskottchen-baer\/#primaryimage\",\"url\":\"https:\/\/planetemascottes.mycoqpit.fr\/wp-content\/uploads\/2025\/01\/mascotte-ours-noirs.webp\",\"contentUrl\":\"https:\/\/planetemascottes.mycoqpit.fr\/wp-content\/uploads\/2025\/01\/mascotte-ours-noirs.webp\",\"width\":378,\"height\":378},{\"@type\":\"BreadcrumbList\",\"@id\":\"https:\/\/planetemascottes.mycoqpit.fr\/de\/produit\/maskottchen-baer\/#breadcrumb\",\"itemListElement\":[{\"@type\":\"ListItem\",\"position\":1,\"name\":\"Accueil\",\"item\":\"https:\/\/planetemascottes.mycoqpit.fr\/de\/\"},{\"@type\":\"ListItem\",\"position\":2,\"name\":\"Shop\",\"item\":\"https:\/\/planetemascottes.mycoqpit.fr\/boutique\/\"},{\"@type\":\"ListItem\",\"position\":3,\"name\":\"Maskottchen B\u00e4r\"}]},{\"@type\":\"WebSite\",\"@id\":\"https:\/\/planetemascottes.mycoqpit.fr\/de\/#website\",\"url\":\"https:\/\/planetemascottes.mycoqpit.fr\/de\/\",\"name\":\"Plan\u00e8te Mascottes\",\"description\":\"\",\"publisher\":{\"@id\":\"https:\/\/planetemascottes.mycoqpit.fr\/de\/#organization\"},\"potentialAction\":[{\"@type\":\"SearchAction\",\"target\":{\"@type\":\"EntryPoint\",\"urlTemplate\":\"https:\/\/planetemascottes.mycoqpit.fr\/de\/?s={search_term_string}\"},\"query-input\":{\"@type\":\"PropertyValueSpecification\",\"valueRequired\":true,\"valueName\":\"search_term_string\"}}],\"inLanguage\":\"de\"},{\"@type\":\"Organization\",\"@id\":\"https:\/\/planetemascottes.mycoqpit.fr\/de\/#organization\",\"name\":\"Plan\u00e8te Mascottes\",\"url\":\"https:\/\/planetemascottes.mycoqpit.fr\/de\/\",\"logo\":{\"@type\":\"ImageObject\",\"inLanguage\":\"de\",\"@id\":\"https:\/\/planetemascottes.mycoqpit.fr\/de\/#\/schema\/logo\/image\/\",\"url\":\"https:\/\/planetemascottes.mycoqpit.fr\/wp-content\/uploads\/2024\/12\/planete-mascottes-logo.svg\",\"contentUrl\":\"https:\/\/planetemascottes.mycoqpit.fr\/wp-content\/uploads\/2024\/12\/planete-mascottes-logo.svg\",\"caption\":\"Plan\u00e8te Mascottes\"},\"image\":{\"@id\":\"https:\/\/planetemascottes.mycoqpit.fr\/de\/#\/schema\/logo\/image\/\"}}]}<\/script>\n<!-- \/ Yoast SEO plugin. -->","yoast_head_json":{"title":"B\u00e4renmaskottchen-Kost\u00fcm - Plan\u00e8te Mascottes","description":"Maskottchen-Kost\u00fcm B\u00e4r. B\u00e4renkost\u00fcm f\u00fcr Erwachsene. Professionelles B\u00e4renkost\u00fcm, hergestellt in Frankreich unter Einhaltung der CE- und REACH-Normen.","robots":{"index":"index","follow":"follow","max-snippet":"max-snippet:-1","max-image-preview":"max-image-preview:large","max-video-preview":"max-video-preview:-1"},"canonical":"https:\/\/planetemascottes.mycoqpit.fr\/de\/produit\/maskottchen-baer\/","og_locale":"de_DE","og_type":"article","og_title":"B\u00e4renmaskottchen-Kost\u00fcm - Plan\u00e8te Mascottes","og_description":"Maskottchen-Kost\u00fcm B\u00e4r. B\u00e4renkost\u00fcm f\u00fcr Erwachsene. Professionelles B\u00e4renkost\u00fcm, hergestellt in Frankreich unter Einhaltung der CE- und REACH-Normen.","og_url":"https:\/\/planetemascottes.mycoqpit.fr\/de\/produit\/maskottchen-baer\/","og_site_name":"Plan\u00e8te Mascottes","og_image":[{"width":378,"height":378,"url":"https:\/\/planetemascottes.mycoqpit.fr\/wp-content\/uploads\/2025\/01\/mascotte-ours-noirs.webp","type":"image\/png"}],"twitter_card":"summary_large_image","twitter_misc":{"Gesch\u00e4tzte Lesezeit":"1\u00a0Minute"},"schema":{"@context":"https:\/\/schema.org","@graph":[{"@type":"WebPage","@id":"https:\/\/planetemascottes.mycoqpit.fr\/de\/produit\/maskottchen-baer\/","url":"https:\/\/planetemascottes.mycoqpit.fr\/de\/produit\/maskottchen-baer\/","name":"B\u00e4renmaskottchen-Kost\u00fcm - Plan\u00e8te Mascottes","isPartOf":{"@id":"https:\/\/planetemascottes.mycoqpit.fr\/de\/#website"},"primaryImageOfPage":{"@id":"https:\/\/planetemascottes.mycoqpit.fr\/de\/produit\/maskottchen-baer\/#primaryimage"},"image":{"@id":"https:\/\/planetemascottes.mycoqpit.fr\/de\/produit\/maskottchen-baer\/#primaryimage"},"thumbnailUrl":"https:\/\/planetemascottes.mycoqpit.fr\/wp-content\/uploads\/2025\/01\/mascotte-ours-noirs.webp","datePublished":"2025-01-24T07:50:19+00:00","description":"Maskottchen-Kost\u00fcm B\u00e4r. B\u00e4renkost\u00fcm f\u00fcr Erwachsene. Professionelles B\u00e4renkost\u00fcm, hergestellt in Frankreich unter Einhaltung der CE- und REACH-Normen.","breadcrumb":{"@id":"https:\/\/planetemascottes.mycoqpit.fr\/de\/produit\/maskottchen-baer\/#breadcrumb"},"inLanguage":"de","potentialAction":[{"@type":"ReadAction","target":["https:\/\/planetemascottes.mycoqpit.fr\/de\/produit\/maskottchen-baer\/"]}]},{"@type":"ImageObject","inLanguage":"de","@id":"https:\/\/planetemascottes.mycoqpit.fr\/de\/produit\/maskottchen-baer\/#primaryimage","url":"https:\/\/planetemascottes.mycoqpit.fr\/wp-content\/uploads\/2025\/01\/mascotte-ours-noirs.webp","contentUrl":"https:\/\/planetemascottes.mycoqpit.fr\/wp-content\/uploads\/2025\/01\/mascotte-ours-noirs.webp","width":378,"height":378},{"@type":"BreadcrumbList","@id":"https:\/\/planetemascottes.mycoqpit.fr\/de\/produit\/maskottchen-baer\/#breadcrumb","itemListElement":[{"@type":"ListItem","position":1,"name":"Accueil","item":"https:\/\/planetemascottes.mycoqpit.fr\/de\/"},{"@type":"ListItem","position":2,"name":"Shop","item":"https:\/\/planetemascottes.mycoqpit.fr\/boutique\/"},{"@type":"ListItem","position":3,"name":"Maskottchen B\u00e4r"}]},{"@type":"WebSite","@id":"https:\/\/planetemascottes.mycoqpit.fr\/de\/#website","url":"https:\/\/planetemascottes.mycoqpit.fr\/de\/","name":"Plan\u00e8te Mascottes","description":"","publisher":{"@id":"https:\/\/planetemascottes.mycoqpit.fr\/de\/#organization"},"potentialAction":[{"@type":"SearchAction","target":{"@type":"EntryPoint","urlTemplate":"https:\/\/planetemascottes.mycoqpit.fr\/de\/?s={search_term_string}"},"query-input":{"@type":"PropertyValueSpecification","valueRequired":true,"valueName":"search_term_string"}}],"inLanguage":"de"},{"@type":"Organization","@id":"https:\/\/planetemascottes.mycoqpit.fr\/de\/#organization","name":"Plan\u00e8te Mascottes","url":"https:\/\/planetemascottes.mycoqpit.fr\/de\/","logo":{"@type":"ImageObject","inLanguage":"de","@id":"https:\/\/planetemascottes.mycoqpit.fr\/de\/#\/schema\/logo\/image\/","url":"https:\/\/planetemascottes.mycoqpit.fr\/wp-content\/uploads\/2024\/12\/planete-mascottes-logo.svg","contentUrl":"https:\/\/planetemascottes.mycoqpit.fr\/wp-content\/uploads\/2024\/12\/planete-mascottes-logo.svg","caption":"Plan\u00e8te Mascottes"},"image":{"@id":"https:\/\/planetemascottes.mycoqpit.fr\/de\/#\/schema\/logo\/image\/"}}]}},"_links":{"self":[{"href":"https:\/\/planetemascottes.mycoqpit.fr\/de\/wp-json\/wp\/v2\/product\/7377","targetHints":{"allow":["GET"]}}],"collection":[{"href":"https:\/\/planetemascottes.mycoqpit.fr\/de\/wp-json\/wp\/v2\/product"}],"about":[{"href":"https:\/\/planetemascottes.mycoqpit.fr\/de\/wp-json\/wp\/v2\/types\/product"}],"replies":[{"embeddable":true,"href":"https:\/\/planetemascottes.mycoqpit.fr\/de\/wp-json\/wp\/v2\/comments?post=7377"}],"wp:featuredmedia":[{"embeddable":true,"href":"https:\/\/planetemascottes.mycoqpit.fr\/de\/wp-json\/wp\/v2\/media\/7378"}],"wp:attachment":[{"href":"https:\/\/planetemascottes.mycoqpit.fr\/de\/wp-json\/wp\/v2\/media?parent=7377"}],"wp:term":[{"taxonomy":"product_brand","embeddable":true,"href":"https:\/\/planetemascottes.mycoqpit.fr\/de\/wp-json\/wp\/v2\/product_brand?post=7377"},{"taxonomy":"product_cat","embeddable":true,"href":"https:\/\/planetemascottes.mycoqpit.fr\/de\/wp-json\/wp\/v2\/product_cat?post=7377"},{"taxonomy":"product_tag","embeddable":true,"href":"https:\/\/planetemascottes.mycoqpit.fr\/de\/wp-json\/wp\/v2\/product_tag?post=7377"}],"curies":[{"name":"wp","href":"https:\/\/api.w.org\/{rel}","templated":true}]}}