{"id":7141,"date":"2024-12-24T08:46:37","date_gmt":"2024-12-24T07:46:37","guid":{"rendered":"https:\/\/planetemascottes.mycoqpit.fr\/allgemeine-geschaeftsbedingungen\/"},"modified":"2025-03-04T09:48:31","modified_gmt":"2025-03-04T08:48:31","slug":"allgemeine-geschaeftsbedingungen","status":"publish","type":"page","link":"https:\/\/planetemascottes.mycoqpit.fr\/de\/allgemeine-geschaeftsbedingungen\/","title":{"rendered":"Allgemeine Gesch\u00e4ftsbedingungen"},"content":{"rendered":"<h2><strong>Allgemeine Gesch\u00e4ftsbedingungen Ma\u00dfgeschneiderte Produkte<\/strong><\/h2>\n<p>&nbsp;<\/p>\n<p>Die Allgemeinen Gesch\u00e4ftsbedingungen f\u00fcr ma\u00dfgeschneiderte Produkte finden Sie unter dem folgenden Link:<\/p>\n<p><a class=\"btn\" href=\"https:\/\/www.planete-mascottes.com\/conditions-generales-de-vente-de-produit-sur-mesure-planete-mascottes.htm\">SIEHE DIE AGBS F\u00dcR MASSGESCHNEIDERTE PRODUKTE<\/a><\/p>\n<p>&nbsp;<\/p>\n<h2><strong>Allgemeine Verkaufsbedingungen Ma\u00dfgeschneiderte Pl\u00fcschtiere<\/strong><\/h2>\n<p>&nbsp;<\/p>\n<p>Die Allgemeinen Gesch\u00e4ftsbedingungen f\u00fcr ma\u00dfgeschneiderte Pl\u00fcschtiere finden Sie, indem Sie auf den folgenden Link klicken:<\/p>\n<p><a class=\"btn btn-default\" href=\"https:\/\/www.planete-mascottes.com\/conditions-generales-de-vente-de-peluche-sur-mesure.htm\">SIEHE DIE AGBS F\u00dcR MASSGESCHNEIDERTE PL\u00dcSCHTIERE<\/a><\/p>\n<p>&nbsp;<\/p>\n<h2><strong>Allgemeine Gesch\u00e4ftsbedingungen Maskottchen<\/strong><\/h2>\n<p>&nbsp;<\/p>\n<p><strong>ARTIKEL 1: ANWENDUNG DER ALLGEMEINEN VERKAUFSBEDINGUNGEN EINWENDBARKEIT DER ALLGEMEINEN VERKAUFSBEDINGUNGEN<\/strong><\/p>\n<p>Die vorliegenden allgemeinen Verkaufsbedingungen werden systematisch auf den Dokumenten vermerkt, die jedem K\u00e4ufer adressiert oder ausgeh\u00e4ndigt werden, um ihm die M\u00f6glichkeit zu geben, eine Bestellung aufzugeben. Folglich bedeutet die Aufgabe einer Bestellung die vollst\u00e4ndige und vorbehaltlose Zustimmung des K\u00e4ufers zu diesen Allgemeinen Gesch\u00e4ftsbedingungen, unter Ausschluss aller anderen Dokumente wie Prospekte, Kataloge usw., die vom Verk\u00e4ufer herausgegeben werden und nur als Hinweis dienen. Die Tatsache, dass sich der Verk\u00e4ufer zu einem bestimmten Zeitpunkt nicht auf eine dieser allgemeinen Verkaufsbedingungen beruft, kann nicht als Verzicht auf die sp\u00e4tere Geltendmachung einer dieser Bedingungen ausgelegt werden.  <\/p>\n<p>&nbsp;<\/p>\n<p><strong>ARTIKEL 2: ANGEBOT UND AUFTRAGSERTEILUNG<\/strong><\/p>\n<p>Auftr\u00e4ge sind erst dann endg\u00fcltig, wenn sie schriftlich best\u00e4tigt wurden. Diese Best\u00e4tigung ergibt sich aus der Unterzeichnung eines Auftragsformulars, einer Auftragsbest\u00e4tigung, des Kostenvoranschlags und ganz allgemein des Gut zum Druck. Im Falle einer Best\u00e4tigung durch R\u00fccksendung der Druckfreigabe ist ausdr\u00fccklich vorgesehen, dass die Annahme zu den Bedingungen des zuvor \u00fcbermittelten Kostenvoranschlags oder gegebenenfalls nur der Herstellungsunterlagen erfolgt. In jedem Fall ist die Gesellschaft 2G PUBLICITE an die von ihren Vertretern oder Angestellten erteilten Auftr\u00e4ge nur vorbehaltlich dieser schriftlichen und unterschriebenen Best\u00e4tigung gebunden.   <\/p>\n<p>Die Annahme kann auch aus der Lieferung von Waren und der Ausf\u00fchrung von Leistungen resultieren. In jedem Fall, au\u00dfer bei Wiederholungsauftr\u00e4gen, wird dem Kunden ein Gut zum Druck zugesandt, in dem die Merkmale, insbesondere die grafischen Merkmale, der bestellten Leistungen zusammengefasst sind. Die Gesellschaft 2G PUBLICITE ist dann nur in Bezug auf die in diesem Gut zum Druck definierten und vom Kunden akzeptierten Merkmale vertraglich verpflichtet. Die Gesellschaft 2G PUBLICITE beh\u00e4lt sich im \u00dcbrigen das Recht vor, auf industrielle oder marktbezogene Unterauftr\u00e4ge zur\u00fcckzugreifen. Jedes Modell oder jede Studie, die nicht innerhalb von zwei Monaten nach ihrer Bereitstellung durch eine Auftragsbest\u00e4tigung best\u00e4tigt wird, wird nach Zeitaufwand gem\u00e4\u00df den Kostentabellen von 2G PUBLICITE berechnet, von denen dem Kunden vorab ein Exemplar ausgeh\u00e4ndigt wurde.    <\/p>\n<p>In Bezug auf die Aktivit\u00e4t Planet Maskottchen&nbsp;:<\/p>\n<p>&#8211; Bei einem neuen Auftrag ist eine Anzahlung von 50% des Gesamtbetrages erforderlich. Sobald die Auswahl der Stoffe best\u00e4tigt ist, kann diese Anzahlung im Falle einer Stornierung des Auftrags nicht zur\u00fcckerstattet werden. Au\u00dferdem wird im Falle einer Stornierung (vor der Formgebung des Maskottchens) kein Aufpreis berechnet. Der gesamte Betrag der Bestellung wird f\u00e4llig, sobald das Maskottchen in der Bauphase ist (gemeinsames Strukturfoto).   <\/p>\n<p>&#8211; Im Rahmen einer Auftragserneuerung werden die Elemente des vorherigen Dossiers vollst\u00e4ndig \u00fcbernommen. Es wird kein Probeexemplar gesendet, es sei denn, der Kunde w\u00fcnscht dies. Eine Anzahlung von 50% ist erforderlich. Die Erneuerung eines Auftrags ohne Angabe von \u00c4nderungen durch den Kunden gilt als Produktionsbeginn, Bestellung des Materials etc. Im Falle einer Stornierung des Auftrags: Die Anzahlung wird als f\u00e4llig betrachtet, wenn die Stornierung nicht innerhalb von 7 Tagen nach der Best\u00e4tigung des Auftrags erfolgt. Wenn die Stornierung vor der Herstellung des Maskottchens erfolgt, wird kein Zuschlag berechnet. Der Gesamtbetrag der Bestellung wird f\u00e4llig, wenn sich das Maskottchen in der Bauphase befindet (gemeinsames Strukturfoto).      <\/p>\n<p>&nbsp;<\/p>\n<p><strong>ARTIKEL 3: LIEFERUNG UND ERBRINGUNG DER LEISTUNGEN<\/strong><\/p>\n<p>Die Lieferung der Waren erfolgt durch direkte \u00dcbergabe der Waren an den K\u00e4ufer in den R\u00e4umlichkeiten der Gesellschaft 2G PUBLICITE, sofern nicht anders angegeben. In diesem Fall \u00fcbernimmt die Gesellschaft 2G PUBLICITE in keinem Fall die Lieferung der Waren. Die Lieferung erfolgt durch einen privaten Spediteur auf Risiko des Empf\u00e4ngers. Die Leistungen werden innerhalb der vertraglich festgelegten Fristen erbracht, wenn dies der Fall ist, und andernfalls innerhalb angemessener Fristen, wobei gegebenenfalls insbesondere Witterungseinfl\u00fcsse und Versorgungsengp\u00e4sse ber\u00fccksichtigt werden. In jedem Fall k\u00f6nnen \u00dcberschreitungen der Liefer- und Ausf\u00fchrungsfristen nicht zu Schadensersatzanspr\u00fcchen oder gar zur Stornierung laufender Auftr\u00e4ge f\u00fchren. Im Sinne der vorliegenden Allgemeinen Verkaufsbedingungen gelten die folgenden nicht ersch\u00f6pfenden Listen als F\u00e4lle h\u00f6herer Gewalt, die die Gesellschaft 2G PUBLICITE von ihrer Verpflichtung entbinden:     <\/p>\n<p>&#8211; Krieg, Aufruhr, Feuer, Streiks, Unfall, Unm\u00f6glichkeit der Versorgung&#8230;<\/p>\n<p>Die Firma 2G PUBLICITE wird ihren Kunden rechtzeitig \u00fcber die oben genannten F\u00e4lle und Ereignisse informieren.<\/p>\n<p>In jedem Fall kann die Lieferung von Waren oder Produkten und die Erbringung von Dienstleistungen nur dann fristgerecht erfolgen, wenn der K\u00e4ufer seinen Verpflichtungen gegen\u00fcber der Gesellschaft 2G PUBLICITE, unabh\u00e4ngig von der Ursache, nachgekommen ist. Die Mengentoleranzen bei der Lieferung betragen je nach Auflage zwischen plus oder minus 2 % und 10 % der in der Bestellung angegebenen Mengen. Die Mengentoleranzen bei der Lieferung von Endlosmaterial entsprechen den in der grafischen Industrie \u00fcblichen Toleranzen, die je nach Komplexit\u00e4t der Dokumente variieren k\u00f6nnen. Die Mengentoleranzen der gelieferten Werbeartikel k\u00f6nnen um bis zu 10 % von der bestellten Menge abweichen.   <\/p>\n<p>&nbsp;<\/p>\n<p><strong>ARTIKEL 4: VERTRAULICHKEIT<\/strong><\/p>\n<p>Die Studien, Modelle, Pl\u00e4ne, Zeichnungen und ganz allgemein alle von der Gesellschaft 2G PUBLICITE \u00fcbermittelten oder versandten Dokumente bleiben ihr alleiniges Eigentum: Sie d\u00fcrfen daher aus keinem Grund an Dritte weitergegeben werden.<\/p>\n<p>&nbsp;<\/p>\n<p><strong>ARTIKEL 5: RECHT AUF GEISTIGES EIGENTUM<\/strong><\/p>\n<p>F\u00fcr jeden Auftrag, der die Reproduktion eines Objekts, einer Marke, eines Designs und ganz allgemein jeder Kreation beinhaltet, die durch die Bestimmungen des Gesetzes \u00fcber geistiges Eigentum, insbesondere im Rahmen des Urheberrechts, gesch\u00fctzt ist, muss der Kunde mindestens ein Reproduktionsrecht zu seinen Gunsten best\u00e4tigen oder das Eigentum an diesen Rechten besitzen oder diese Rechte an ihn abtreten. Sollte sich herausstellen, dass der Kunde keines dieser Rechte besitzt, kann die Gesellschaft 2G PUBLICITE in keinem Fall haftbar gemacht werden. Folglich bleibt die Gesellschaft 2G PUBLICITE alleiniger Inhaber der Urheberrechte an ihren originellen Kreationen, und zwar f\u00fcr die gesamte Dauer des Schutzes, den diese Kreationen erhalten k\u00f6nnen, und f\u00fcr alle L\u00e4nder, in denen ein solcher Schutz anerkannt wird. Dem Kunden wird daher keine Abtretung dieser Rechte gew\u00e4hrt, es sei denn, es wurde ausdr\u00fccklich etwas anderes vereinbart.   <\/p>\n<p>&nbsp;<\/p>\n<p><strong>ARTIKEL 6: PREISE &#8211; ZAHLUNGSBEDINGUNGEN &#8211; STRAFEN<\/strong><\/p>\n<p>Die Preise der Gesellschaft 2G PUBLICITE verstehen sich ohne Steuern und sind in Euro angegeben und zahlbar. Die H\u00f6he dieser Preise ist in den Bestellungen oder Angeboten angegeben. Jeder Betrag, der nicht bis zum F\u00e4lligkeitsdatum auf der von der Gesellschaft 2G PUBLICITE ausgestellten Rechnung bezahlt wird, zieht von Rechts wegen als Strafklausel und in Anwendung des Gesetzes 92-1442 vom 31. Dezember 1992 in seiner ge\u00e4nderten Fassung eine Strafe f\u00fcr versp\u00e4tete Zahlung nach sich, die durch Anwendung eines Zinssatzes in H\u00f6he des Eineinhalbfachen des gesetzlichen Zinssatzes auf alle noch ausstehenden Betr\u00e4ge berechnet wird, und dies alles in Abweichung von Artikel 1153 des B\u00fcrgerlichen Gesetzbuches. Dar\u00fcber hinaus verliert der Kunde bei Nichtzahlung der in Rechnung gestellten Strafen alle Rabatte und R\u00fcckverg\u00fctungen, die in H\u00f6he der f\u00e4lligen Strafen gew\u00e4hrt wurden.   <\/p>\n<p>&nbsp;<\/p>\n<p><strong>ARTIKEL 7: RISIKO\u00dcBERTRAGUNG<\/strong><\/p>\n<p>Der Gefahren\u00fcbergang f\u00fcr die bei der Gesellschaft 2G PUBLICITE bestellten Produkte erfolgt, selbst wenn die Parteien eine frachtfreie Lieferung vereinbart haben, mit dem Versand aus den R\u00e4umlichkeiten der Gesellschaft 2G PUBLICITE. Daraus ergibt sich insbesondere, dass die Waren in jedem Fall auf Risiko des K\u00e4ufers reisen, dem es obliegt, im Falle von Sch\u00e4den, Verlusten oder Fehlmengen einen Vorbehalt zu machen oder einen Regress beim verantwortlichen Spediteur geltend zu machen, und zwar in Anwendung der gesetzlichen Bestimmungen des Handelsgesetzbuches, die diese Materie regeln. <\/p>\n<p>&nbsp;<\/p>\n<p><strong>ARTIKEL 8: EIGENTUMSVORBEHALTSKLAUSEL<\/strong><\/p>\n<p>Es ist ausdr\u00fccklich vorgesehen, dass die bestellten Produkte mit einer Klausel verkauft werden, die die \u00dcbertragung ihres Eigentums der vollst\u00e4ndigen Zahlung des Preises in Haupt- und Nebenbetr\u00e4gen unterordnet. Es wird in diesem Zusammenhang davon ausgegangen, dass die einfache \u00dcbergabe eines Wechsels, der eine Zahlungsverpflichtung begr\u00fcndet, wie z.B. Wechsel oder \u00e4hnliches, keine Zahlung im Sinne dieser Klausel darstellt, wobei die Forderung der Gesellschaft 2G PUBLICITE gegen\u00fcber dem Kunden mit allen damit verbundenen Garantien, einschlie\u00dflich des Eigentumsvorbehalts, bestehen bleibt, bis der genannte Wechsel tats\u00e4chlich bezahlt wurde. Die vorstehenden Bestimmungen verhindern nicht, dass mit der Lieferung der Waren die Risiken des Verlusts oder der Besch\u00e4digung der dem Eigentumsvorbehalt unterliegenden Waren sowie die Sch\u00e4den, die sie verursachen k\u00f6nnen, auf den Kunden \u00fcbergehen. Der K\u00e4ufer muss eine Versicherung abschlie\u00dfen, die die ab dem Zeitpunkt der Lieferung der Waren entstehenden Risiken abdeckt. Solange der Preis nicht vollst\u00e4ndig bezahlt ist, muss der K\u00e4ufer die gelieferten Waren individualisieren. Erfolgt keine Individualisierung, kann der Verk\u00e4ufer die R\u00fcckzahlung verlangen oder die noch auf Lager befindlichen Waren zur\u00fccknehmen. Im Falle einer Pf\u00e4ndung oder eines sonstigen Eingriffs Dritter in die Waren muss der K\u00e4ufer den Verk\u00e4ufer unverz\u00fcglich davon in Kenntnis setzen, damit dieser sich widersetzen und seine Rechte wahren kann. Der K\u00e4ufer darf das Eigentum an den Waren nicht verpf\u00e4nden oder zur Sicherheit abtreten.       <\/p>\n<p>&nbsp;<\/p>\n<p><strong>ARTIKEL 9: GEW\u00c4HRTE GARANTIEN<\/strong><\/p>\n<p>Die Gesellschaft 2G PUBLICITE unterliegt der gesetzlichen Garantie f\u00fcr versteckte M\u00e4ngel gem\u00e4\u00df Artikel 1642 ff. des B\u00fcrgerlichen Gesetzbuches. M\u00e4ngel und Besch\u00e4digungen, die insbesondere durch eine unsachgem\u00e4\u00dfe Lagerung, eine anormale Nutzung der Produkte, durch \u00e4u\u00dfere Einfl\u00fcsse oder durch eine vom Verk\u00e4ufer nicht spezifizierte \u00c4nderung des Produkts verursacht wurden, sind ausdr\u00fccklich von der Garantie ausgeschlossen. Die Garantie ist ebenfalls ausgeschlossen, wenn die festgestellten M\u00e4ngel oder Besch\u00e4digungen von den vom Kunden gelieferten Materialien herr\u00fchren. Im \u00dcbrigen kann die Garantie f\u00fcr offensichtliche M\u00e4ngel nur dann in Anspruch genommen werden, wenn der Kunde sie unter den folgenden Bedingungen geltend macht:  <\/p>\n<p>&#8211; Jede Reklamation muss, um g\u00fcltig zu sein, mit Belegen versehen sein, die die Realit\u00e4t der M\u00e4ngel oder die Nicht\u00fcbereinstimmung der gelieferten Waren belegen, und innerhalb von f\u00fcnf Tagen nach Erhalt der Waren an die Gesellschaft 2G PUBLICITE gerichtet werden. Andernfalls wird keine R\u00fccksendung von Waren von der Firma 2G PUBLICITE akzeptiert, da es ihr freisteht, nicht gerechtfertigte Reklamationen abzulehnen. <\/p>\n<p>&#8211; Jede R\u00fccksendung eines Produkts muss zwischen dem Verk\u00e4ufer und dem K\u00e4ufer formell vereinbart werden. F\u00fcr Produkte, die ohne diese Vereinbarung zur\u00fcckgegeben werden, kann in keinem Fall eine Gutschrift ausgestellt werden. In jedem Fall kann die von der Gesellschaft 2G PUBLICITE festgestellte Mangelhaftigkeit eines Teils der Ware vorbehaltlich der obigen Bestimmungen zum Umtausch dieser Waren oder zur Ausstellung einer Gutschrift f\u00fchren, kann aber in keiner Weise die Ablehnung der gesamten gelieferten Waren begr\u00fcnden oder rechtfertigen.  <\/p>\n<p>&nbsp;<\/p>\n<p><strong>ARTIKEL 10: ZUST\u00c4NDIGKEIT &#8211; ANFECHTUNG<\/strong><\/p>\n<p>Die Auslegung und Ausf\u00fchrung dieser Allgemeinen Gesch\u00e4ftsbedingungen sowie aller Rechtsakte, die sie erg\u00e4nzen oder auf sie folgen, unterliegen ausschlie\u00dflich dem franz\u00f6sischen Recht. Alle Streitigkeiten in Bezug auf die Ausf\u00fchrung oder Auslegung dieser Rechtsakte und Bedingungen fallen in die Zust\u00e4ndigkeit des Handelsgerichts CLERMONT-FERRAND, wenn der Vertragspartner selbst ein Kaufmann ist, und des Tribunal de Grande Instance oder d&#8217;Instance am Wohnsitz des Beklagten, wenn der Vertragspartner kein Kaufmann ist, auch im Falle einer einstweiligen Verf\u00fcgung, eines Garantieanspruchs oder einer Vielzahl von Beklagten.<\/p>\n","protected":false},"excerpt":{"rendered":"<p>Allgemeine Gesch\u00e4ftsbedingungen Ma\u00dfgeschneiderte Produkte &nbsp; Die Allgemeinen Gesch\u00e4ftsbedingungen f\u00fcr ma\u00dfgeschneiderte Produkte finden Sie unter dem folgenden Link: SIEHE DIE AGBS F\u00dcR MASSGESCHNEIDERTE PRODUKTE &nbsp; Allgemeine Verkaufsbedingungen Ma\u00dfgeschneiderte Pl\u00fcschtiere &nbsp; Die Allgemeinen Gesch\u00e4ftsbedingungen f\u00fcr ma\u00dfgeschneiderte Pl\u00fcschtiere finden Sie, indem Sie auf den folgenden Link klicken: SIEHE DIE AGBS F\u00dcR MASSGESCHNEIDERTE PL\u00dcSCHTIERE &nbsp; Allgemeine Gesch\u00e4ftsbedingungen Maskottchen &nbsp; [&hellip;]<\/p>\n","protected":false},"author":1,"featured_media":0,"parent":0,"menu_order":0,"comment_status":"closed","ping_status":"closed","template":"templates\/page-classic.php","meta":{"_acf_changed":false,"footnotes":""},"class_list":["post-7141","page","type-page","status-publish","hentry"],"acf":[],"yoast_head":"<!-- This site is optimized with the Yoast SEO plugin v24.6 - https:\/\/yoast.com\/wordpress\/plugins\/seo\/ -->\n<title>Allgemeine Gesch\u00e4ftsbedingungen - Plan\u00e8te Mascottes<\/title>\n<meta name=\"description\" content=\"Lesen Sie unsere Allgemeinen Gesch\u00e4ftsbedingungen: alle Informationen \u00fcber Ihre Bestellungen, Zahlungen, Lieferungen und R\u00fccksendungen.\" \/>\n<meta name=\"robots\" content=\"index, follow, max-snippet:-1, max-image-preview:large, max-video-preview:-1\" \/>\n<link rel=\"canonical\" href=\"https:\/\/planetemascottes.mycoqpit.fr\/de\/allgemeine-geschaeftsbedingungen\/\" \/>\n<meta property=\"og:locale\" content=\"de_DE\" \/>\n<meta property=\"og:type\" content=\"article\" \/>\n<meta property=\"og:title\" content=\"Allgemeine Gesch\u00e4ftsbedingungen - Plan\u00e8te Mascottes\" \/>\n<meta property=\"og:description\" content=\"Lesen Sie unsere Allgemeinen Gesch\u00e4ftsbedingungen: alle Informationen \u00fcber Ihre Bestellungen, Zahlungen, Lieferungen und R\u00fccksendungen.\" \/>\n<meta property=\"og:url\" content=\"https:\/\/planetemascottes.mycoqpit.fr\/de\/allgemeine-geschaeftsbedingungen\/\" \/>\n<meta property=\"og:site_name\" content=\"Plan\u00e8te Mascottes\" \/>\n<meta property=\"article:modified_time\" content=\"2025-03-04T08:48:31+00:00\" \/>\n<meta name=\"twitter:card\" content=\"summary_large_image\" \/>\n<meta name=\"twitter:label1\" content=\"Gesch\u00e4tzte Lesezeit\" \/>\n\t<meta name=\"twitter:data1\" content=\"9\u00a0Minuten\" \/>\n<script type=\"application\/ld+json\" class=\"yoast-schema-graph\">{\"@context\":\"https:\/\/schema.org\",\"@graph\":[{\"@type\":\"WebPage\",\"@id\":\"https:\/\/planetemascottes.mycoqpit.fr\/de\/allgemeine-geschaeftsbedingungen\/\",\"url\":\"https:\/\/planetemascottes.mycoqpit.fr\/de\/allgemeine-geschaeftsbedingungen\/\",\"name\":\"Allgemeine Gesch\u00e4ftsbedingungen - Plan\u00e8te Mascottes\",\"isPartOf\":{\"@id\":\"https:\/\/planetemascottes.mycoqpit.fr\/de\/#website\"},\"datePublished\":\"2024-12-24T07:46:37+00:00\",\"dateModified\":\"2025-03-04T08:48:31+00:00\",\"description\":\"Lesen Sie unsere Allgemeinen Gesch\u00e4ftsbedingungen: alle Informationen \u00fcber Ihre Bestellungen, Zahlungen, Lieferungen und R\u00fccksendungen.\",\"breadcrumb\":{\"@id\":\"https:\/\/planetemascottes.mycoqpit.fr\/de\/allgemeine-geschaeftsbedingungen\/#breadcrumb\"},\"inLanguage\":\"de\",\"potentialAction\":[{\"@type\":\"ReadAction\",\"target\":[\"https:\/\/planetemascottes.mycoqpit.fr\/de\/allgemeine-geschaeftsbedingungen\/\"]}]},{\"@type\":\"BreadcrumbList\",\"@id\":\"https:\/\/planetemascottes.mycoqpit.fr\/de\/allgemeine-geschaeftsbedingungen\/#breadcrumb\",\"itemListElement\":[{\"@type\":\"ListItem\",\"position\":1,\"name\":\"Accueil\",\"item\":\"https:\/\/planetemascottes.mycoqpit.fr\/de\/\"},{\"@type\":\"ListItem\",\"position\":2,\"name\":\"Allgemeine Gesch\u00e4ftsbedingungen\"}]},{\"@type\":\"WebSite\",\"@id\":\"https:\/\/planetemascottes.mycoqpit.fr\/de\/#website\",\"url\":\"https:\/\/planetemascottes.mycoqpit.fr\/de\/\",\"name\":\"Plan\u00e8te Mascottes\",\"description\":\"\",\"publisher\":{\"@id\":\"https:\/\/planetemascottes.mycoqpit.fr\/de\/#organization\"},\"potentialAction\":[{\"@type\":\"SearchAction\",\"target\":{\"@type\":\"EntryPoint\",\"urlTemplate\":\"https:\/\/planetemascottes.mycoqpit.fr\/de\/?s={search_term_string}\"},\"query-input\":{\"@type\":\"PropertyValueSpecification\",\"valueRequired\":true,\"valueName\":\"search_term_string\"}}],\"inLanguage\":\"de\"},{\"@type\":\"Organization\",\"@id\":\"https:\/\/planetemascottes.mycoqpit.fr\/de\/#organization\",\"name\":\"Plan\u00e8te Mascottes\",\"url\":\"https:\/\/planetemascottes.mycoqpit.fr\/de\/\",\"logo\":{\"@type\":\"ImageObject\",\"inLanguage\":\"de\",\"@id\":\"https:\/\/planetemascottes.mycoqpit.fr\/de\/#\/schema\/logo\/image\/\",\"url\":\"https:\/\/planetemascottes.mycoqpit.fr\/wp-content\/uploads\/2024\/12\/planete-mascottes-logo.svg\",\"contentUrl\":\"https:\/\/planetemascottes.mycoqpit.fr\/wp-content\/uploads\/2024\/12\/planete-mascottes-logo.svg\",\"caption\":\"Plan\u00e8te Mascottes\"},\"image\":{\"@id\":\"https:\/\/planetemascottes.mycoqpit.fr\/de\/#\/schema\/logo\/image\/\"}}]}<\/script>\n<!-- \/ Yoast SEO plugin. -->","yoast_head_json":{"title":"Allgemeine Gesch\u00e4ftsbedingungen - Plan\u00e8te Mascottes","description":"Lesen Sie unsere Allgemeinen Gesch\u00e4ftsbedingungen: alle Informationen \u00fcber Ihre Bestellungen, Zahlungen, Lieferungen und R\u00fccksendungen.","robots":{"index":"index","follow":"follow","max-snippet":"max-snippet:-1","max-image-preview":"max-image-preview:large","max-video-preview":"max-video-preview:-1"},"canonical":"https:\/\/planetemascottes.mycoqpit.fr\/de\/allgemeine-geschaeftsbedingungen\/","og_locale":"de_DE","og_type":"article","og_title":"Allgemeine Gesch\u00e4ftsbedingungen - Plan\u00e8te Mascottes","og_description":"Lesen Sie unsere Allgemeinen Gesch\u00e4ftsbedingungen: alle Informationen \u00fcber Ihre Bestellungen, Zahlungen, Lieferungen und R\u00fccksendungen.","og_url":"https:\/\/planetemascottes.mycoqpit.fr\/de\/allgemeine-geschaeftsbedingungen\/","og_site_name":"Plan\u00e8te Mascottes","article_modified_time":"2025-03-04T08:48:31+00:00","twitter_card":"summary_large_image","twitter_misc":{"Gesch\u00e4tzte Lesezeit":"9\u00a0Minuten"},"schema":{"@context":"https:\/\/schema.org","@graph":[{"@type":"WebPage","@id":"https:\/\/planetemascottes.mycoqpit.fr\/de\/allgemeine-geschaeftsbedingungen\/","url":"https:\/\/planetemascottes.mycoqpit.fr\/de\/allgemeine-geschaeftsbedingungen\/","name":"Allgemeine Gesch\u00e4ftsbedingungen - Plan\u00e8te Mascottes","isPartOf":{"@id":"https:\/\/planetemascottes.mycoqpit.fr\/de\/#website"},"datePublished":"2024-12-24T07:46:37+00:00","dateModified":"2025-03-04T08:48:31+00:00","description":"Lesen Sie unsere Allgemeinen Gesch\u00e4ftsbedingungen: alle Informationen \u00fcber Ihre Bestellungen, Zahlungen, Lieferungen und R\u00fccksendungen.","breadcrumb":{"@id":"https:\/\/planetemascottes.mycoqpit.fr\/de\/allgemeine-geschaeftsbedingungen\/#breadcrumb"},"inLanguage":"de","potentialAction":[{"@type":"ReadAction","target":["https:\/\/planetemascottes.mycoqpit.fr\/de\/allgemeine-geschaeftsbedingungen\/"]}]},{"@type":"BreadcrumbList","@id":"https:\/\/planetemascottes.mycoqpit.fr\/de\/allgemeine-geschaeftsbedingungen\/#breadcrumb","itemListElement":[{"@type":"ListItem","position":1,"name":"Accueil","item":"https:\/\/planetemascottes.mycoqpit.fr\/de\/"},{"@type":"ListItem","position":2,"name":"Allgemeine Gesch\u00e4ftsbedingungen"}]},{"@type":"WebSite","@id":"https:\/\/planetemascottes.mycoqpit.fr\/de\/#website","url":"https:\/\/planetemascottes.mycoqpit.fr\/de\/","name":"Plan\u00e8te Mascottes","description":"","publisher":{"@id":"https:\/\/planetemascottes.mycoqpit.fr\/de\/#organization"},"potentialAction":[{"@type":"SearchAction","target":{"@type":"EntryPoint","urlTemplate":"https:\/\/planetemascottes.mycoqpit.fr\/de\/?s={search_term_string}"},"query-input":{"@type":"PropertyValueSpecification","valueRequired":true,"valueName":"search_term_string"}}],"inLanguage":"de"},{"@type":"Organization","@id":"https:\/\/planetemascottes.mycoqpit.fr\/de\/#organization","name":"Plan\u00e8te Mascottes","url":"https:\/\/planetemascottes.mycoqpit.fr\/de\/","logo":{"@type":"ImageObject","inLanguage":"de","@id":"https:\/\/planetemascottes.mycoqpit.fr\/de\/#\/schema\/logo\/image\/","url":"https:\/\/planetemascottes.mycoqpit.fr\/wp-content\/uploads\/2024\/12\/planete-mascottes-logo.svg","contentUrl":"https:\/\/planetemascottes.mycoqpit.fr\/wp-content\/uploads\/2024\/12\/planete-mascottes-logo.svg","caption":"Plan\u00e8te Mascottes"},"image":{"@id":"https:\/\/planetemascottes.mycoqpit.fr\/de\/#\/schema\/logo\/image\/"}}]}},"_links":{"self":[{"href":"https:\/\/planetemascottes.mycoqpit.fr\/de\/wp-json\/wp\/v2\/pages\/7141","targetHints":{"allow":["GET"]}}],"collection":[{"href":"https:\/\/planetemascottes.mycoqpit.fr\/de\/wp-json\/wp\/v2\/pages"}],"about":[{"href":"https:\/\/planetemascottes.mycoqpit.fr\/de\/wp-json\/wp\/v2\/types\/page"}],"author":[{"embeddable":true,"href":"https:\/\/planetemascottes.mycoqpit.fr\/de\/wp-json\/wp\/v2\/users\/1"}],"replies":[{"embeddable":true,"href":"https:\/\/planetemascottes.mycoqpit.fr\/de\/wp-json\/wp\/v2\/comments?post=7141"}],"version-history":[{"count":1,"href":"https:\/\/planetemascottes.mycoqpit.fr\/de\/wp-json\/wp\/v2\/pages\/7141\/revisions"}],"predecessor-version":[{"id":7224,"href":"https:\/\/planetemascottes.mycoqpit.fr\/de\/wp-json\/wp\/v2\/pages\/7141\/revisions\/7224"}],"wp:attachment":[{"href":"https:\/\/planetemascottes.mycoqpit.fr\/de\/wp-json\/wp\/v2\/media?parent=7141"}],"curies":[{"name":"wp","href":"https:\/\/api.w.org\/{rel}","templated":true}]}}