{"id":7138,"date":"2024-12-24T08:38:35","date_gmt":"2024-12-24T07:38:35","guid":{"rendered":"https:\/\/planetemascottes.mycoqpit.fr\/rechtliche-hinweise\/"},"modified":"2025-03-04T09:46:00","modified_gmt":"2025-03-04T08:46:00","slug":"rechtliche-hinweise","status":"publish","type":"page","link":"https:\/\/planetemascottes.mycoqpit.fr\/de\/rechtliche-hinweise\/","title":{"rendered":"Rechtliche Hinweise"},"content":{"rendered":"<h2>Identit\u00e4t<\/h2>\n<p>Firmenname: SARL 2G PUBLICITE<br \/>\nRechtsform: SARL (GmbH)<br \/>\nSIREN: 42184087700045<br \/>\nGesellschaftskapital: 100.000,00 \u20ac<\/p>\n<p>&nbsp;<\/p>\n<h2><strong>Kontaktinformationen<\/strong><\/h2>\n<p>Hauptsitz: 117, rue des Gardelles &#8211; ZA Mozac &#8211; BP 90006 &#8211; 63200 MALAUZAT<br \/>\nEmail: <a href=\"mailto:contact@planete-mascottes.com\">contact@planete-mascottes.com<\/a><br \/>\nTel.: (+ 33) 04 73 64 97 27 <\/p>\n<p>&nbsp;<\/p>\n<h2><strong>Herausgeber<\/strong><\/h2>\n<p>Gem\u00e4\u00df Artikel 6 III-1 des Gesetzes Nr. 2004-575 vom 21. Juni 2004 \u00fcber das Vertrauen in die digitale Wirtschaft teilen wir Ihnen mit, dass&nbsp;:<\/p>\n<p><strong>Design und Hosting der Website<\/strong><\/p>\n<p>Die Website wurde entworfen und realisiert von&nbsp;: Coqpit<br \/>\n5, rue Valentin Hauy, 63000 Clermont-Ferrand<br \/>\nTel.: (+ 33) 04 73 38 67 25<br \/>\n<a href=\"http:\/\/www.coqpit.fr\/\">www.coqpit.fr<\/a><\/p>\n<p><strong>Unterkunft<\/strong><\/p>\n<p>SCALEWAY SAS BP 438 75366 PARIS CEDEX 08 FRANKREICH<\/p>\n<h2><strong>Pers\u00f6nliche Daten<\/strong><\/h2>\n<p>In \u00dcbereinstimmung mit den Bestimmungen des Gesetzes vom 6. Januar 1978 \u00fcber Informatik, Dateien und Freiheiten in seiner ge\u00e4nderten Fassung wurde die automatische Verarbeitung von personenbezogenen Daten, die \u00fcber die Website erfolgt, bei der Commission Nationale de l&#8217;Informatique et des Libert\u00e9s (CNIL) (Nationale Kommission f\u00fcr Informatik und Freiheiten) angemeldet;<\/p>\n<p>Planete-mascottes.com stellt dem Nutzer auf dieser Website Dienstleistungen zur Verf\u00fcgung. Um diese nutzen zu k\u00f6nnen, verpflichtet sich der Nutzer, die folgenden &#8222;Nutzungsbedingungen&#8220; einzuhalten. Wenn er diese nicht akzeptiert, bittet Planete-mascottes.com ihn, die Seite zu verlassen.  <\/p>\n<h2><strong>Inhalt der Website<\/strong><\/h2>\n<p>Diese Website wird als Service f\u00fcr die Personen bereitgestellt, die sie besuchen. Planete-mascottes.com beh\u00e4lt sich das Recht vor, die auf dieser Website bereitgestellten Informationen jederzeit und aus jedem Grund ohne vorherige Ank\u00fcndigung zu entfernen, zu \u00e4ndern oder zu erg\u00e4nzen. <\/p>\n<p>Der Nutzer erkennt an, dass er dar\u00fcber informiert wurde, dass diese Website 24 Stunden am Tag und 7 Tage in der Woche zug\u00e4nglich ist, mit Ausnahme von F\u00e4llen h\u00f6herer Gewalt, Computerproblemen, Problemen mit der Struktur der Kommunikationsnetze oder technischen Problemen.<\/p>\n<p>Aus Wartungsgr\u00fcnden kann Planete-mascottes.com die Website unterbrechen und wird sich bem\u00fchen, die Nutzer vorab dar\u00fcber zu informieren.<\/p>\n<h2><strong>Geistiges Eigentum<\/strong><\/h2>\n<p>Die allgemeine Struktur sowie die Software, Texte, animierten oder nicht animierten Bilder, T\u00f6ne, das Know-how&#8230;. und alle anderen Elemente, aus denen die Website besteht, sind Eigentum von Planete-mascottes.com. Der Nutzer hat das Recht, die darin enthaltenen Daten ausschlie\u00dflich f\u00fcr seine pers\u00f6nliche, nicht kommerzielle Nutzung einzusehen, was jegliche kommerzielle Nutzung auf lokaler, nationaler oder internationaler Ebene ausschlie\u00dft.<\/p>\n<p>Planete-mascottes.com weist insbesondere darauf hin, dass kein Logo, Text, Ton, Grafik oder Bild, das auf der Website enthalten ist, ganz oder teilweise kopiert, reproduziert, modifiziert, ver\u00f6ffentlicht, gesendet, gepostet, \u00fcbertragen oder verteilt werden darf, unabh\u00e4ngig davon, mit welchen Mitteln dies geschieht, ohne seine vorherige schriftliche Genehmigung. Jede vollst\u00e4ndige oder teilweise Darstellung dieser Website ohne die ausdr\u00fcckliche Genehmigung von Planete-mascottes.com ist verboten und stellt eine F\u00e4lschung dar, die durch die Artikel L.335-2 und folgende des Gesetzes \u00fcber geistiges Eigentum sanktioniert wird. Dasselbe gilt f\u00fcr die auf der Website enthaltenen Datenbanken, die durch die Bestimmungen des Gesetzes vom 1. Juli 1998 zur Umsetzung der europ\u00e4ischen Richtlinie vom 11. M\u00e4rz 1996 \u00fcber den rechtlichen Schutz von Datenbanken in das Gesetzbuch \u00fcber geistiges Eigentum gesch\u00fctzt sind. Jede vollst\u00e4ndige oder teilweise Reproduktion dieser Marken oder Logos aus den Elementen der Website ohne die ausdr\u00fcckliche Genehmigung von Planete-mascottes.com ist daher im Sinne von Artikel L.713-2 des Gesetzes \u00fcber geistiges Eigentum untersagt.   <\/p>\n<h2><strong>Hypertext-Links<\/strong><\/h2>\n<p>Die Seiten dieser Website k\u00f6nnen Links zu anderen Websites enthalten oder auf andere Websites verweisen. Planete-mascottes.com ist nicht f\u00fcr den Inhalt dieser anderen Websites verantwortlich und kann nicht f\u00fcr Sch\u00e4den haftbar gemacht werden, die aus der Nutzung des Inhalts dieser Websites entstehen. Links zu anderen Websites werden nur als Annehmlichkeit f\u00fcr den Nutzer dieser Website zur Verf\u00fcgung gestellt.  <\/p>\n<p>Planete-mascottes.com ist nicht verantwortlich f\u00fcr die Existenz und den Inhalt von Links von anderen Websites zu seiner Website. Die Nutzer und Besucher der Website d\u00fcrfen ohne die ausdr\u00fcckliche und vorherige Genehmigung von Planete-mascottes.com keinen Hyperlink zu dieser Website einrichten. <\/p>\n<h2><strong>Verantwortlichkeiten<\/strong><\/h2>\n<p>Planete-mascottes.com kann nicht f\u00fcr direkte oder indirekte Sch\u00e4den haftbar gemacht werden, die sich aus einer Unterbrechung, einer Funktionsst\u00f6rung gleich welcher Art und aus welchem Grund ergeben, oder f\u00fcr direkte oder indirekte Sch\u00e4den, die auf irgendeine Weise aus einer Verbindung mit der Website resultieren. Die Verbindung einer Person mit der Website erfolgt auf eigene Verantwortung. <\/p>\n<p>Planete-mascottes.com unternimmt alle Anstrengungen, um den Nutzern verf\u00fcgbare und \u00fcberpr\u00fcfte Informationen und\/oder Tools zur Verf\u00fcgung zu stellen, kann jedoch nicht f\u00fcr Fehler, fehlende Verf\u00fcgbarkeit von Informationen und\/oder das Vorhandensein von Viren auf seiner Website haftbar gemacht werden. Die von Planete-mascottes.com zur Verf\u00fcgung gestellten Informationen sind unverbindlich. Planete-mascottes.com kann nicht f\u00fcr die Genauigkeit, Vollst\u00e4ndigkeit und Aktualit\u00e4t der auf seiner Website verbreiteten Informationen garantieren. Folglich erkennt der Nutzer an, dass er diese Informationen unter seiner alleinigen Verantwortung nutzt.<\/p>\n","protected":false},"excerpt":{"rendered":"<p>Identit\u00e4t Firmenname: SARL 2G PUBLICITE Rechtsform: SARL (GmbH) SIREN: 42184087700045 Gesellschaftskapital: 100.000,00 \u20ac &nbsp; Kontaktinformationen Hauptsitz: 117, rue des Gardelles &#8211; ZA Mozac &#8211; BP 90006 &#8211; 63200 MALAUZAT Email: contact@planete-mascottes.com Tel.: (+ 33) 04 73 64 97 27 &nbsp; Herausgeber Gem\u00e4\u00df Artikel 6 III-1 des Gesetzes Nr. 2004-575 vom 21. Juni 2004 \u00fcber das [&hellip;]<\/p>\n","protected":false},"author":1,"featured_media":0,"parent":0,"menu_order":0,"comment_status":"closed","ping_status":"closed","template":"templates\/page-classic.php","meta":{"_acf_changed":false,"footnotes":""},"class_list":["post-7138","page","type-page","status-publish","hentry"],"acf":[],"yoast_head":"<!-- This site is optimized with the Yoast SEO plugin v24.6 - https:\/\/yoast.com\/wordpress\/plugins\/seo\/ -->\n<title>Rechtliche Hinweise - Plan\u00e8te Mascottes<\/title>\n<meta name=\"description\" content=\"Lesen Sie unsere rechtlichen Hinweise: Rechtliche Informationen \u00fcber das Unternehmen, unsere Dienstleistungen und den Schutz Ihrer Rechte als Verbraucher.\" \/>\n<meta name=\"robots\" content=\"noindex, follow\" \/>\n<meta property=\"og:locale\" content=\"de_DE\" \/>\n<meta property=\"og:type\" content=\"article\" \/>\n<meta property=\"og:title\" content=\"Rechtliche Hinweise - Plan\u00e8te Mascottes\" \/>\n<meta property=\"og:description\" content=\"Lesen Sie unsere rechtlichen Hinweise: Rechtliche Informationen \u00fcber das Unternehmen, unsere Dienstleistungen und den Schutz Ihrer Rechte als Verbraucher.\" \/>\n<meta property=\"og:url\" content=\"https:\/\/planetemascottes.mycoqpit.fr\/de\/rechtliche-hinweise\/\" \/>\n<meta property=\"og:site_name\" content=\"Plan\u00e8te Mascottes\" \/>\n<meta property=\"article:modified_time\" content=\"2025-03-04T08:46:00+00:00\" \/>\n<meta name=\"twitter:card\" content=\"summary_large_image\" \/>\n<meta name=\"twitter:label1\" content=\"Gesch\u00e4tzte Lesezeit\" \/>\n\t<meta name=\"twitter:data1\" content=\"4\u00a0Minuten\" \/>\n<script type=\"application\/ld+json\" class=\"yoast-schema-graph\">{\"@context\":\"https:\/\/schema.org\",\"@graph\":[{\"@type\":\"WebPage\",\"@id\":\"https:\/\/planetemascottes.mycoqpit.fr\/de\/rechtliche-hinweise\/\",\"url\":\"https:\/\/planetemascottes.mycoqpit.fr\/de\/rechtliche-hinweise\/\",\"name\":\"Rechtliche Hinweise - Plan\u00e8te Mascottes\",\"isPartOf\":{\"@id\":\"https:\/\/planetemascottes.mycoqpit.fr\/de\/#website\"},\"datePublished\":\"2024-12-24T07:38:35+00:00\",\"dateModified\":\"2025-03-04T08:46:00+00:00\",\"description\":\"Lesen Sie unsere rechtlichen Hinweise: Rechtliche Informationen \u00fcber das Unternehmen, unsere Dienstleistungen und den Schutz Ihrer Rechte als Verbraucher.\",\"breadcrumb\":{\"@id\":\"https:\/\/planetemascottes.mycoqpit.fr\/de\/rechtliche-hinweise\/#breadcrumb\"},\"inLanguage\":\"de\",\"potentialAction\":[{\"@type\":\"ReadAction\",\"target\":[\"https:\/\/planetemascottes.mycoqpit.fr\/de\/rechtliche-hinweise\/\"]}]},{\"@type\":\"BreadcrumbList\",\"@id\":\"https:\/\/planetemascottes.mycoqpit.fr\/de\/rechtliche-hinweise\/#breadcrumb\",\"itemListElement\":[{\"@type\":\"ListItem\",\"position\":1,\"name\":\"Accueil\",\"item\":\"https:\/\/planetemascottes.mycoqpit.fr\/de\/\"},{\"@type\":\"ListItem\",\"position\":2,\"name\":\"Rechtliche Hinweise\"}]},{\"@type\":\"WebSite\",\"@id\":\"https:\/\/planetemascottes.mycoqpit.fr\/de\/#website\",\"url\":\"https:\/\/planetemascottes.mycoqpit.fr\/de\/\",\"name\":\"Plan\u00e8te Mascottes\",\"description\":\"\",\"publisher\":{\"@id\":\"https:\/\/planetemascottes.mycoqpit.fr\/de\/#organization\"},\"potentialAction\":[{\"@type\":\"SearchAction\",\"target\":{\"@type\":\"EntryPoint\",\"urlTemplate\":\"https:\/\/planetemascottes.mycoqpit.fr\/de\/?s={search_term_string}\"},\"query-input\":{\"@type\":\"PropertyValueSpecification\",\"valueRequired\":true,\"valueName\":\"search_term_string\"}}],\"inLanguage\":\"de\"},{\"@type\":\"Organization\",\"@id\":\"https:\/\/planetemascottes.mycoqpit.fr\/de\/#organization\",\"name\":\"Plan\u00e8te Mascottes\",\"url\":\"https:\/\/planetemascottes.mycoqpit.fr\/de\/\",\"logo\":{\"@type\":\"ImageObject\",\"inLanguage\":\"de\",\"@id\":\"https:\/\/planetemascottes.mycoqpit.fr\/de\/#\/schema\/logo\/image\/\",\"url\":\"https:\/\/planetemascottes.mycoqpit.fr\/wp-content\/uploads\/2024\/12\/planete-mascottes-logo.svg\",\"contentUrl\":\"https:\/\/planetemascottes.mycoqpit.fr\/wp-content\/uploads\/2024\/12\/planete-mascottes-logo.svg\",\"caption\":\"Plan\u00e8te Mascottes\"},\"image\":{\"@id\":\"https:\/\/planetemascottes.mycoqpit.fr\/de\/#\/schema\/logo\/image\/\"}}]}<\/script>\n<!-- \/ Yoast SEO plugin. -->","yoast_head_json":{"title":"Rechtliche Hinweise - Plan\u00e8te Mascottes","description":"Lesen Sie unsere rechtlichen Hinweise: Rechtliche Informationen \u00fcber das Unternehmen, unsere Dienstleistungen und den Schutz Ihrer Rechte als Verbraucher.","robots":{"index":"noindex","follow":"follow"},"og_locale":"de_DE","og_type":"article","og_title":"Rechtliche Hinweise - Plan\u00e8te Mascottes","og_description":"Lesen Sie unsere rechtlichen Hinweise: Rechtliche Informationen \u00fcber das Unternehmen, unsere Dienstleistungen und den Schutz Ihrer Rechte als Verbraucher.","og_url":"https:\/\/planetemascottes.mycoqpit.fr\/de\/rechtliche-hinweise\/","og_site_name":"Plan\u00e8te Mascottes","article_modified_time":"2025-03-04T08:46:00+00:00","twitter_card":"summary_large_image","twitter_misc":{"Gesch\u00e4tzte Lesezeit":"4\u00a0Minuten"},"schema":{"@context":"https:\/\/schema.org","@graph":[{"@type":"WebPage","@id":"https:\/\/planetemascottes.mycoqpit.fr\/de\/rechtliche-hinweise\/","url":"https:\/\/planetemascottes.mycoqpit.fr\/de\/rechtliche-hinweise\/","name":"Rechtliche Hinweise - Plan\u00e8te Mascottes","isPartOf":{"@id":"https:\/\/planetemascottes.mycoqpit.fr\/de\/#website"},"datePublished":"2024-12-24T07:38:35+00:00","dateModified":"2025-03-04T08:46:00+00:00","description":"Lesen Sie unsere rechtlichen Hinweise: Rechtliche Informationen \u00fcber das Unternehmen, unsere Dienstleistungen und den Schutz Ihrer Rechte als Verbraucher.","breadcrumb":{"@id":"https:\/\/planetemascottes.mycoqpit.fr\/de\/rechtliche-hinweise\/#breadcrumb"},"inLanguage":"de","potentialAction":[{"@type":"ReadAction","target":["https:\/\/planetemascottes.mycoqpit.fr\/de\/rechtliche-hinweise\/"]}]},{"@type":"BreadcrumbList","@id":"https:\/\/planetemascottes.mycoqpit.fr\/de\/rechtliche-hinweise\/#breadcrumb","itemListElement":[{"@type":"ListItem","position":1,"name":"Accueil","item":"https:\/\/planetemascottes.mycoqpit.fr\/de\/"},{"@type":"ListItem","position":2,"name":"Rechtliche Hinweise"}]},{"@type":"WebSite","@id":"https:\/\/planetemascottes.mycoqpit.fr\/de\/#website","url":"https:\/\/planetemascottes.mycoqpit.fr\/de\/","name":"Plan\u00e8te Mascottes","description":"","publisher":{"@id":"https:\/\/planetemascottes.mycoqpit.fr\/de\/#organization"},"potentialAction":[{"@type":"SearchAction","target":{"@type":"EntryPoint","urlTemplate":"https:\/\/planetemascottes.mycoqpit.fr\/de\/?s={search_term_string}"},"query-input":{"@type":"PropertyValueSpecification","valueRequired":true,"valueName":"search_term_string"}}],"inLanguage":"de"},{"@type":"Organization","@id":"https:\/\/planetemascottes.mycoqpit.fr\/de\/#organization","name":"Plan\u00e8te Mascottes","url":"https:\/\/planetemascottes.mycoqpit.fr\/de\/","logo":{"@type":"ImageObject","inLanguage":"de","@id":"https:\/\/planetemascottes.mycoqpit.fr\/de\/#\/schema\/logo\/image\/","url":"https:\/\/planetemascottes.mycoqpit.fr\/wp-content\/uploads\/2024\/12\/planete-mascottes-logo.svg","contentUrl":"https:\/\/planetemascottes.mycoqpit.fr\/wp-content\/uploads\/2024\/12\/planete-mascottes-logo.svg","caption":"Plan\u00e8te Mascottes"},"image":{"@id":"https:\/\/planetemascottes.mycoqpit.fr\/de\/#\/schema\/logo\/image\/"}}]}},"_links":{"self":[{"href":"https:\/\/planetemascottes.mycoqpit.fr\/de\/wp-json\/wp\/v2\/pages\/7138","targetHints":{"allow":["GET"]}}],"collection":[{"href":"https:\/\/planetemascottes.mycoqpit.fr\/de\/wp-json\/wp\/v2\/pages"}],"about":[{"href":"https:\/\/planetemascottes.mycoqpit.fr\/de\/wp-json\/wp\/v2\/types\/page"}],"author":[{"embeddable":true,"href":"https:\/\/planetemascottes.mycoqpit.fr\/de\/wp-json\/wp\/v2\/users\/1"}],"replies":[{"embeddable":true,"href":"https:\/\/planetemascottes.mycoqpit.fr\/de\/wp-json\/wp\/v2\/comments?post=7138"}],"version-history":[{"count":1,"href":"https:\/\/planetemascottes.mycoqpit.fr\/de\/wp-json\/wp\/v2\/pages\/7138\/revisions"}],"predecessor-version":[{"id":7159,"href":"https:\/\/planetemascottes.mycoqpit.fr\/de\/wp-json\/wp\/v2\/pages\/7138\/revisions\/7159"}],"wp:attachment":[{"href":"https:\/\/planetemascottes.mycoqpit.fr\/de\/wp-json\/wp\/v2\/media?parent=7138"}],"curies":[{"name":"wp","href":"https:\/\/api.w.org\/{rel}","templated":true}]}}