{"id":6980,"date":"2025-01-28T14:50:44","date_gmt":"2025-01-28T13:50:44","guid":{"rendered":"https:\/\/planetemascottes.mycoqpit.fr\/premium-goodies\/"},"modified":"2025-03-11T11:43:22","modified_gmt":"2025-03-11T10:43:22","slug":"premium-goodies","status":"publish","type":"page","link":"https:\/\/planetemascottes.mycoqpit.fr\/de\/premium-goodies\/","title":{"rendered":"Premium-Goodies"},"content":{"rendered":"","protected":false},"excerpt":{"rendered":"","protected":false},"author":1,"featured_media":0,"parent":0,"menu_order":0,"comment_status":"closed","ping_status":"closed","template":"","meta":{"_acf_changed":false,"footnotes":""},"class_list":["post-6980","page","type-page","status-publish","hentry"],"acf":[],"yoast_head":"<!-- This site is optimized with the Yoast SEO plugin v24.6 - https:\/\/yoast.com\/wordpress\/plugins\/seo\/ -->\n<title>Luxusmarke - Plan\u00e8te Mascottes<\/title>\n<meta name=\"description\" content=\"Luxusmarken k\u00f6nnen einen gro\u00dfen Einfluss auf das Image Ihres Unternehmens haben. Durch die Wahl von Produkten der Spitzenklasse verbinden Sie Ihre Marke mit Werten wie Qualit\u00e4t, Eleganz und Prestige.\" \/>\n<meta name=\"robots\" content=\"index, follow, max-snippet:-1, max-image-preview:large, max-video-preview:-1\" \/>\n<link rel=\"canonical\" href=\"https:\/\/planetemascottes.mycoqpit.fr\/de\/premium-goodies\/\" \/>\n<meta property=\"og:locale\" content=\"de_DE\" \/>\n<meta property=\"og:type\" content=\"article\" \/>\n<meta property=\"og:title\" content=\"Luxusmarke - Plan\u00e8te Mascottes\" \/>\n<meta property=\"og:description\" content=\"Luxusmarken k\u00f6nnen einen gro\u00dfen Einfluss auf das Image Ihres Unternehmens haben. Durch die Wahl von Produkten der Spitzenklasse verbinden Sie Ihre Marke mit Werten wie Qualit\u00e4t, Eleganz und Prestige.\" \/>\n<meta property=\"og:url\" content=\"https:\/\/planetemascottes.mycoqpit.fr\/de\/premium-goodies\/\" \/>\n<meta property=\"og:site_name\" content=\"Plan\u00e8te Mascottes\" \/>\n<meta property=\"article:modified_time\" content=\"2025-03-11T10:43:22+00:00\" \/>\n<meta name=\"twitter:card\" content=\"summary_large_image\" \/>\n<script type=\"application\/ld+json\" class=\"yoast-schema-graph\">{\"@context\":\"https:\/\/schema.org\",\"@graph\":[{\"@type\":\"WebPage\",\"@id\":\"https:\/\/planetemascottes.mycoqpit.fr\/de\/premium-goodies\/\",\"url\":\"https:\/\/planetemascottes.mycoqpit.fr\/de\/premium-goodies\/\",\"name\":\"Luxusmarke - Plan\u00e8te Mascottes\",\"isPartOf\":{\"@id\":\"https:\/\/planetemascottes.mycoqpit.fr\/de\/#website\"},\"datePublished\":\"2025-01-28T13:50:44+00:00\",\"dateModified\":\"2025-03-11T10:43:22+00:00\",\"description\":\"Luxusmarken k\u00f6nnen einen gro\u00dfen Einfluss auf das Image Ihres Unternehmens haben. Durch die Wahl von Produkten der Spitzenklasse verbinden Sie Ihre Marke mit Werten wie Qualit\u00e4t, Eleganz und Prestige.\",\"breadcrumb\":{\"@id\":\"https:\/\/planetemascottes.mycoqpit.fr\/de\/premium-goodies\/#breadcrumb\"},\"inLanguage\":\"de\",\"potentialAction\":[{\"@type\":\"ReadAction\",\"target\":[\"https:\/\/planetemascottes.mycoqpit.fr\/de\/premium-goodies\/\"]}]},{\"@type\":\"BreadcrumbList\",\"@id\":\"https:\/\/planetemascottes.mycoqpit.fr\/de\/premium-goodies\/#breadcrumb\",\"itemListElement\":[{\"@type\":\"ListItem\",\"position\":1,\"name\":\"Accueil\",\"item\":\"https:\/\/planetemascottes.mycoqpit.fr\/de\/\"},{\"@type\":\"ListItem\",\"position\":2,\"name\":\"Premium-Goodies\"}]},{\"@type\":\"WebSite\",\"@id\":\"https:\/\/planetemascottes.mycoqpit.fr\/de\/#website\",\"url\":\"https:\/\/planetemascottes.mycoqpit.fr\/de\/\",\"name\":\"Plan\u00e8te Mascottes\",\"description\":\"\",\"publisher\":{\"@id\":\"https:\/\/planetemascottes.mycoqpit.fr\/de\/#organization\"},\"potentialAction\":[{\"@type\":\"SearchAction\",\"target\":{\"@type\":\"EntryPoint\",\"urlTemplate\":\"https:\/\/planetemascottes.mycoqpit.fr\/de\/?s={search_term_string}\"},\"query-input\":{\"@type\":\"PropertyValueSpecification\",\"valueRequired\":true,\"valueName\":\"search_term_string\"}}],\"inLanguage\":\"de\"},{\"@type\":\"Organization\",\"@id\":\"https:\/\/planetemascottes.mycoqpit.fr\/de\/#organization\",\"name\":\"Plan\u00e8te Mascottes\",\"url\":\"https:\/\/planetemascottes.mycoqpit.fr\/de\/\",\"logo\":{\"@type\":\"ImageObject\",\"inLanguage\":\"de\",\"@id\":\"https:\/\/planetemascottes.mycoqpit.fr\/de\/#\/schema\/logo\/image\/\",\"url\":\"https:\/\/planetemascottes.mycoqpit.fr\/wp-content\/uploads\/2024\/12\/planete-mascottes-logo.svg\",\"contentUrl\":\"https:\/\/planetemascottes.mycoqpit.fr\/wp-content\/uploads\/2024\/12\/planete-mascottes-logo.svg\",\"caption\":\"Plan\u00e8te Mascottes\"},\"image\":{\"@id\":\"https:\/\/planetemascottes.mycoqpit.fr\/de\/#\/schema\/logo\/image\/\"}}]}<\/script>\n<!-- \/ Yoast SEO plugin. -->","yoast_head_json":{"title":"Luxusmarke - Plan\u00e8te Mascottes","description":"Luxusmarken k\u00f6nnen einen gro\u00dfen Einfluss auf das Image Ihres Unternehmens haben. Durch die Wahl von Produkten der Spitzenklasse verbinden Sie Ihre Marke mit Werten wie Qualit\u00e4t, Eleganz und Prestige.","robots":{"index":"index","follow":"follow","max-snippet":"max-snippet:-1","max-image-preview":"max-image-preview:large","max-video-preview":"max-video-preview:-1"},"canonical":"https:\/\/planetemascottes.mycoqpit.fr\/de\/premium-goodies\/","og_locale":"de_DE","og_type":"article","og_title":"Luxusmarke - Plan\u00e8te Mascottes","og_description":"Luxusmarken k\u00f6nnen einen gro\u00dfen Einfluss auf das Image Ihres Unternehmens haben. Durch die Wahl von Produkten der Spitzenklasse verbinden Sie Ihre Marke mit Werten wie Qualit\u00e4t, Eleganz und Prestige.","og_url":"https:\/\/planetemascottes.mycoqpit.fr\/de\/premium-goodies\/","og_site_name":"Plan\u00e8te Mascottes","article_modified_time":"2025-03-11T10:43:22+00:00","twitter_card":"summary_large_image","schema":{"@context":"https:\/\/schema.org","@graph":[{"@type":"WebPage","@id":"https:\/\/planetemascottes.mycoqpit.fr\/de\/premium-goodies\/","url":"https:\/\/planetemascottes.mycoqpit.fr\/de\/premium-goodies\/","name":"Luxusmarke - Plan\u00e8te Mascottes","isPartOf":{"@id":"https:\/\/planetemascottes.mycoqpit.fr\/de\/#website"},"datePublished":"2025-01-28T13:50:44+00:00","dateModified":"2025-03-11T10:43:22+00:00","description":"Luxusmarken k\u00f6nnen einen gro\u00dfen Einfluss auf das Image Ihres Unternehmens haben. Durch die Wahl von Produkten der Spitzenklasse verbinden Sie Ihre Marke mit Werten wie Qualit\u00e4t, Eleganz und Prestige.","breadcrumb":{"@id":"https:\/\/planetemascottes.mycoqpit.fr\/de\/premium-goodies\/#breadcrumb"},"inLanguage":"de","potentialAction":[{"@type":"ReadAction","target":["https:\/\/planetemascottes.mycoqpit.fr\/de\/premium-goodies\/"]}]},{"@type":"BreadcrumbList","@id":"https:\/\/planetemascottes.mycoqpit.fr\/de\/premium-goodies\/#breadcrumb","itemListElement":[{"@type":"ListItem","position":1,"name":"Accueil","item":"https:\/\/planetemascottes.mycoqpit.fr\/de\/"},{"@type":"ListItem","position":2,"name":"Premium-Goodies"}]},{"@type":"WebSite","@id":"https:\/\/planetemascottes.mycoqpit.fr\/de\/#website","url":"https:\/\/planetemascottes.mycoqpit.fr\/de\/","name":"Plan\u00e8te Mascottes","description":"","publisher":{"@id":"https:\/\/planetemascottes.mycoqpit.fr\/de\/#organization"},"potentialAction":[{"@type":"SearchAction","target":{"@type":"EntryPoint","urlTemplate":"https:\/\/planetemascottes.mycoqpit.fr\/de\/?s={search_term_string}"},"query-input":{"@type":"PropertyValueSpecification","valueRequired":true,"valueName":"search_term_string"}}],"inLanguage":"de"},{"@type":"Organization","@id":"https:\/\/planetemascottes.mycoqpit.fr\/de\/#organization","name":"Plan\u00e8te Mascottes","url":"https:\/\/planetemascottes.mycoqpit.fr\/de\/","logo":{"@type":"ImageObject","inLanguage":"de","@id":"https:\/\/planetemascottes.mycoqpit.fr\/de\/#\/schema\/logo\/image\/","url":"https:\/\/planetemascottes.mycoqpit.fr\/wp-content\/uploads\/2024\/12\/planete-mascottes-logo.svg","contentUrl":"https:\/\/planetemascottes.mycoqpit.fr\/wp-content\/uploads\/2024\/12\/planete-mascottes-logo.svg","caption":"Plan\u00e8te Mascottes"},"image":{"@id":"https:\/\/planetemascottes.mycoqpit.fr\/de\/#\/schema\/logo\/image\/"}}]}},"_links":{"self":[{"href":"https:\/\/planetemascottes.mycoqpit.fr\/de\/wp-json\/wp\/v2\/pages\/6980","targetHints":{"allow":["GET"]}}],"collection":[{"href":"https:\/\/planetemascottes.mycoqpit.fr\/de\/wp-json\/wp\/v2\/pages"}],"about":[{"href":"https:\/\/planetemascottes.mycoqpit.fr\/de\/wp-json\/wp\/v2\/types\/page"}],"author":[{"embeddable":true,"href":"https:\/\/planetemascottes.mycoqpit.fr\/de\/wp-json\/wp\/v2\/users\/1"}],"replies":[{"embeddable":true,"href":"https:\/\/planetemascottes.mycoqpit.fr\/de\/wp-json\/wp\/v2\/comments?post=6980"}],"version-history":[{"count":2,"href":"https:\/\/planetemascottes.mycoqpit.fr\/de\/wp-json\/wp\/v2\/pages\/6980\/revisions"}],"predecessor-version":[{"id":12473,"href":"https:\/\/planetemascottes.mycoqpit.fr\/de\/wp-json\/wp\/v2\/pages\/6980\/revisions\/12473"}],"wp:attachment":[{"href":"https:\/\/planetemascottes.mycoqpit.fr\/de\/wp-json\/wp\/v2\/media?parent=6980"}],"curies":[{"name":"wp","href":"https:\/\/api.w.org\/{rel}","templated":true}]}}