{"id":6949,"date":"2024-12-24T08:55:45","date_gmt":"2024-12-24T07:55:45","guid":{"rendered":"https:\/\/planetemascottes.mycoqpit.fr\/datenschutzrichtlinie\/"},"modified":"2025-03-04T09:46:09","modified_gmt":"2025-03-04T08:46:09","slug":"datenschutzrichtlinie","status":"publish","type":"page","link":"https:\/\/planetemascottes.mycoqpit.fr\/de\/datenschutzrichtlinie\/","title":{"rendered":"Datenschutzrichtlinie"},"content":{"rendered":"<p>Der Schutz Ihrer Privatsph\u00e4re und Ihrer pers\u00f6nlichen Daten ist f\u00fcr Plan\u00e8te Mascottes eine Priorit\u00e4t.<\/p>\n<p>Die Charta zum Schutz Ihrer pers\u00f6nlichen Daten (im Folgenden &#8222;die Charta&#8220;) legt die Verpflichtungen fest, die wir Ihnen gegen\u00fcber im Zusammenhang mit der Sammlung, Nutzung und Archivierung Ihrer pers\u00f6nlichen Daten eingehen.<\/p>\n<p>Wir k\u00f6nnen diese Datenschutzerkl\u00e4rung \u00e4ndern, um Ihren Bed\u00fcrfnissen noch besser gerecht zu werden. Sie werden dann per Benachrichtigung \u00fcber die \u00c4nderungen informiert. <\/p>\n<h2>1. Einige Definitionen<\/h2>\n<p>Wenn die folgenden Begriffe in der Charta mit Gro\u00dfbuchstaben verwendet werden, gilt die nachstehende Definition.<\/p>\n<p><strong>Website<\/strong> bezeichnet die Website, die von einem Webbrowser aus aufgerufen werden kann und unter der Adresse <a href=\"http:\/\/www.planete-mascottes.com\/\">Plan\u00e8te Mascottes: Maskottchen kaufen \u00a4 Verkleidung \u00a4 Kost\u00fcm (planete-mascottes.com)<\/a> zug\u00e4nglich ist.<\/p>\n<p><strong>Pers\u00f6nliche Daten oder Daten<\/strong> bezeichnet Informationen, die in irgendeiner Form, direkt oder indirekt, Ihre Identifizierung erm\u00f6glichen (Ihr Name, &#8230;) oder indirekt (Ihr Nickname, eine Kennung, Ihre IP-Adresse, &#8230;).<\/p>\n<p><strong>Verantwortlicher f\u00fcr die Verarbeitung<\/strong> bezeichnet die Person, die die Art der gesammelten Informationen und die Verwendung dieser Informationen festlegt. Der Verantwortliche f\u00fcr die Verarbeitung ist die Gesellschaft Plan\u00e8te Mascottes, vertreten durch Antoine VERNE. <\/p>\n<p>Sie k\u00f6nnen uns unter contact@panete-mascottes.com kontaktieren.<\/p>\n<p><strong>Cookie(s)<\/strong> ist eine kleine Computerdatei, die sich automatisch in der Browser-Software installiert. Diese Dateien werden vor\u00fcbergehend auf Ihrem Smartphone\/Tablet\/Computer gespeichert. Sie k\u00f6nnen notwendig sein, um die Nutzung der Website zu erm\u00f6glichen, oder in bestimmten F\u00e4llen die Nutzung erleichtern.  <\/p>\n<p><strong>Hosting<\/strong> bedeutet die Einheit, die das Hosting einer Website als Dienstleistung anbietet.<\/p>\n<p><strong>Leistung<\/strong> bezeichnet den Auftrag, den Sie uns erteilt haben und der uns veranlasst, eine Reihe von Daten von Ihnen zu sammeln.<\/p>\n<h2>2. Welche Daten sind betroffen?<\/h2>\n<p>In strikter \u00dcbereinstimmung mit der DSGVO sammeln wir Ihre Daten nur, wenn sie f\u00fcr die Erbringung der Dienstleistung erforderlich sind oder wenn Sie uns Ihre Zustimmung zur Nutzung Ihrer Daten gegeben haben.<\/p>\n<p>Diese Daten k\u00f6nnen uns direkt von Ihnen \u00fcber ein Formular oder durch direkten Kontakt (Name, Vorname, Telefon, E-Mail) zur Verf\u00fcgung gestellt werden oder indirekt durch die Verwendung von Cookies w\u00e4hrend Ihres Besuchs auf unserer Website gesammelt werden, sofern Sie dem zugestimmt haben.<\/p>\n<p>Wir sammeln die folgenden Daten:<\/p>\n<ul>\n<li>Identifikationsdaten: Name, Vorname, E-Mail-Adresse, physische Adresse&nbsp;;<\/li>\n<li>Daten zur Nachverfolgung unserer Beziehung zu Ihnen: Informationsanfragen, Ihre Anmeldedaten (in Verbindung mit den Cookies, die in der Cookie-Richtlinie unserer Website definiert sind).<\/li>\n<\/ul>\n<h2>3. Warum sammeln wir Ihre Daten?<\/h2>\n<p>Ihre Daten werden auf transparente, vertrauliche und sichere Weise gesammelt, verwendet und gespeichert.<\/p>\n<p>Ihre Daten werden f\u00fcr folgende Zwecke gesammelt<\/p>\n<ul>\n<li>uns in die Lage versetzen, die Leistung zu erbringen, die Sie uns anvertrauen m\u00f6chten<\/li>\n<li>den reibungslosen Betrieb und die Verbesserung der Website zu gew\u00e4hrleisten, indem Sie uns helfen, unsere Website durch die Erstellung von Statistiken, insbesondere im Hinblick auf die aufgerufenen Informationen, zu verbessern<\/li>\n<li>Ihnen zu erm\u00f6glichen, unsere Nachrichten und Einladungen zu erhalten, wenn Sie dem Prinzip zugestimmt haben.<\/li>\n<li>um uns die Bearbeitung von Antr\u00e4gen auf Aus\u00fcbung Ihrer Rechte zu erm\u00f6glichen<\/li>\n<li>um uns in die Lage zu versetzen, auf offizielle Anfragen von Beh\u00f6rden oder Gerichten zu reagieren, die zu diesem Zweck befugt sind.<\/li>\n<\/ul>\n<p>Wir sind gesetzlich befugt, Ihre Identifikationsdaten im Zusammenhang mit der Erbringung der Dienstleistung zu sammeln.<\/p>\n<p>Was die Verwendung Ihrer Daten zu Marketingzwecken betrifft, so erlauben wir uns dies nur, wenn Sie Ihre Zustimmung dazu gegeben haben. Wenn Sie dies nicht getan haben, werden wir Ihnen keine Werbung zusenden. Sie k\u00f6nnen Ihre Meinung jederzeit \u00e4ndern.  <\/p>\n<p>Wenn Sie unsere Datenschutzpolitik akzeptieren, erlauben Sie uns, Ihnen unseren Newsletter und generell Informationen \u00fcber Plan\u00e8te Mascottes zuzusenden.<\/p>\n<h2>4. Wer ist f\u00fcr den Schutz Ihrer Daten verantwortlich?<\/h2>\n<p>Der f\u00fcr die Verarbeitung Verantwortliche ist die Struktur, die Ihre Daten sammelt und f\u00fcr deren Sicherheit verantwortlich ist.<\/p>\n<p>Wir ergreifen alle Ma\u00dfnahmen, um die Daten, die Sie uns anvertrauen, zu sch\u00fctzen, insbesondere indem wir den Zugang zu diesen Daten auf Personen beschr\u00e4nken, die im Rahmen der Erbringung der Dienstleistung t\u00e4tig sind, und indem wir den Zugang zu diesen Daten sichern.<\/p>\n<h2>5. Wer hat Zugang zu meinen Daten?<\/h2>\n<p>Nur Personen, die an der Erbringung der Dienstleistung beteiligt sind, k\u00f6nnen auf Ihre Daten zugreifen.<\/p>\n<p><strong>Ihre Daten werden unter keinen Umst\u00e4nden kommerziell<\/strong> gehandelt. Wir werden Ihre Daten nicht an Dritte weitergeben, verkaufen, \u00fcbertragen oder verbreiten, es sei denn, dies ist gesetzlich vorgeschrieben. <\/p>\n<p>Es kann jedoch vorkommen, dass wir Daten an Strukturen weitergeben, mit denen wir f\u00fcr die Erbringung der Dienstleistung zusammenarbeiten, seien es Partner oder Lieferanten oder Dienstleister, die mit uns zusammenarbeiten, um die Verwaltung des Unternehmens zu erm\u00f6glichen (Buchhalter, Verwaltungsassistent, &#8230;). Diese Dienstleister k\u00f6nnen Ihre Daten vor\u00fcbergehend hosten. Wir stellen sicher, dass sie die gleichen Rechte zum Schutz Ihrer Daten haben wie wir.  <\/p>\n<p>Diese Strukturen werden als Subunternehmer im Rahmen der DSGVO t\u00e4tig und verpflichten sich, alle anwendbaren Bestimmungen einzuhalten: Die von diesen Dienstleistern punktuell gesammelten Daten werden nur im Rahmen der Vertr\u00e4ge, die uns binden, und in keinem Fall zu ihrem eigenen Vorteil verwendet.<\/p>\n<h2>6. Wie lange speichern Sie meine Daten?<\/h2>\n<p>Um die in Punkt 2 (&#8222;Warum wir Ihre Daten sammeln&#8220;) definierten Zwecke zu erf\u00fcllen, speichern wir Ihre Daten in einem lesbaren Format f\u00fcr die folgenden Zeitr\u00e4ume:<\/p>\n<ul>\n<li>Daten, die \u00fcber das Kontaktformular gesammelt werden: maximal ein Jahr lang.<\/li>\n<li>\u00dcber Cookies gesammelte Daten: H\u00f6chstdauer 1 Jahr<\/li>\n<li>Daten, die im Rahmen unserer vertraglichen Beziehung gesammelt werden: Dauer der Dienstleistung plus 3 Jahre, wenn Sie sich damit einverstanden erkl\u00e4rt haben, dass wir Sie kontaktieren. Die f\u00fcr die Rechnungsstellung erforderlichen Daten werden gem\u00e4\u00df den geltenden gesetzlichen Bestimmungen f\u00fcr einen Zeitraum von 10 Jahren aufbewahrt. <\/li>\n<\/ul>\n<p>Nach Ablauf dieser Zeitr\u00e4ume werden Ihre Daten gel\u00f6scht, wenn unsere gesetzlichen Verpflichtungen erf\u00fcllt sind.<\/p>\n<h2>7. Welche Rechte habe ich?<\/h2>\n<p>Sie haben das Recht&nbsp;:<\/p>\n<ul>\n<li>das Recht <strong>auf Zugang zu Ihren Daten<\/strong> und das Recht, diese zu berichtigen, zu erg\u00e4nzen und zu aktualisieren.<\/li>\n<li><strong>Ihre Daten zu sperren oder zu l\u00f6schen<\/strong>, wenn Sie Fehler, Ungenauigkeiten oder das Vorhandensein von Daten festgestellt haben, deren Sammlung, Nutzung, Weitergabe oder Aufbewahrung verboten w\u00e4re;<\/li>\n<li><strong>Ihre Meinung jederzeit zu \u00e4ndern<\/strong> und die Zustimmung zur Nutzung Ihrer Daten zu widerrufen.<\/li>\n<li><strong>zu verlangen, dass Ihre Daten f\u00fcr eine bestimmte Zeit ohne Verwendung aufbewahrt<\/strong> werden (z.B. wenn Sie eine Berichtigung Ihrer Daten verlangen).<\/li>\n<li>sich <strong>der Nutzung Ihrer Daten f\u00fcr einen bestimmten Zweck zu widersetzen<\/strong>. In diesem Fall m\u00fcssen Sie die Gr\u00fcnde darlegen, die sich aus Ihrer besonderen Situation ergeben und Ihren Antrag rechtfertigen. Sie k\u00f6nnen sich jedoch ohne Grund gegen kommerzielle Werbung aussprechen.  <\/li>\n<li><strong>die \u00dcbertragbarkeit Ihrer Daten zu beantragen<\/strong>. Dies bedeutet, dass Sie die M\u00f6glichkeit haben, Ihre Daten in einem lesbaren Format zu erhalten, damit Sie sie behalten oder an Dritte weitergeben k\u00f6nnen. <\/li>\n<li><strong>den Verbleib Ihrer Daten nach Ihrem Tod zu bestimmen<\/strong>. Das hei\u00dft, Sie k\u00f6nnen w\u00e4hlen, ob Sie die Weitergabe Ihrer Daten an einen von Ihnen bestimmten Dritten erlauben oder ob Sie die Weitergabe Ihrer Daten untersagen wollen. <\/li>\n<\/ul>\n<p>Um mehr \u00fcber Ihre Rechte zu erfahren, besuchen Sie bitte die Website der CNIL<a href=\"https:\/\/www.cnil.fr\/\" target=\"_blank\" rel=\"noopener\">(https:\/\/cnil.fr<\/a>).<\/p>\n<h2>8. Wie kann ich meine Rechte aus\u00fcben?<\/h2>\n<p>F\u00fcr alle Anfragen im Zusammenhang mit der Aus\u00fcbung Ihrer Rechte gen\u00fcgt es, uns eine E-Mail an contact@planete-mascottes.com zu senden und eine Kopie Ihres Identit\u00e4tsnachweises beizuf\u00fcgen (wir werden keine Kopie dieses Dokuments aufbewahren, das nach der \u00dcberpr\u00fcfung Ihrer Identit\u00e4t vernichtet wird). Wir werden Ihren Antrag so schnell wie m\u00f6glich bearbeiten. <\/p>\n<p>Wenn Sie der Meinung sind, dass wir trotz der Sorgfalt, mit der wir Ihnen geantwortet haben, Ihre Rechte nicht respektiert haben, k\u00f6nnen Sie eine Beschwerde bei der CNIL einreichen.<\/p>\n<p>Sie k\u00f6nnen die CNIL \u00fcber das Formular auf ihrer Website<a href=\"https:\/\/www.cnil.fr\/fr\/plaintes\" target=\"_blank\" rel=\"noopener\">(https:\/\/www.cnil.fr\/fr\/plaintes)<\/a> kontaktieren. Sie k\u00f6nnen auch einen Brief an die folgende Adresse schicken: CNIL &#8211; 3 Place de Fontenoy &#8211; TSA 80715 &#8211; 75334 PARIS CEDEX 07. <\/p>\n<h2>9. An wen kann ich mich wenden, wenn ich Fragen habe?<\/h2>\n<p>Sie k\u00f6nnen uns jederzeit unter contact@planete-mascottes.com kontaktieren.<\/p>\n<p>Wir werden Ihnen so schnell wie m\u00f6glich antworten.<\/p>\n","protected":false},"excerpt":{"rendered":"<p>Der Schutz Ihrer Privatsph\u00e4re und Ihrer pers\u00f6nlichen Daten ist f\u00fcr Plan\u00e8te Mascottes eine Priorit\u00e4t. Die Charta zum Schutz Ihrer pers\u00f6nlichen Daten (im Folgenden &#8222;die Charta&#8220;) legt die Verpflichtungen fest, die wir Ihnen gegen\u00fcber im Zusammenhang mit der Sammlung, Nutzung und Archivierung Ihrer pers\u00f6nlichen Daten eingehen. Wir k\u00f6nnen diese Datenschutzerkl\u00e4rung \u00e4ndern, um Ihren Bed\u00fcrfnissen noch besser [&hellip;]<\/p>\n","protected":false},"author":1,"featured_media":0,"parent":0,"menu_order":0,"comment_status":"closed","ping_status":"closed","template":"templates\/page-classic.php","meta":{"_acf_changed":false,"footnotes":""},"class_list":["post-6949","page","type-page","status-publish","hentry"],"acf":[],"yoast_head":"<!-- This site is optimized with the Yoast SEO plugin v24.6 - https:\/\/yoast.com\/wordpress\/plugins\/seo\/ -->\n<title>Datenschutzrichtlinie - Plan\u00e8te Mascottes<\/title>\n<meta name=\"description\" content=\"Lesen Sie unsere Datenschutzrichtlinie: Wie wir Ihre pers\u00f6nlichen Daten sch\u00fctzen und Ihre Privatsph\u00e4re respektieren.\" \/>\n<meta name=\"robots\" content=\"noindex, follow\" \/>\n<meta property=\"og:locale\" content=\"de_DE\" \/>\n<meta property=\"og:type\" content=\"article\" \/>\n<meta property=\"og:title\" content=\"Datenschutzrichtlinie - Plan\u00e8te Mascottes\" \/>\n<meta property=\"og:description\" content=\"Lesen Sie unsere Datenschutzrichtlinie: Wie wir Ihre pers\u00f6nlichen Daten sch\u00fctzen und Ihre Privatsph\u00e4re respektieren.\" \/>\n<meta property=\"og:url\" content=\"https:\/\/planetemascottes.mycoqpit.fr\/de\/datenschutzrichtlinie\/\" \/>\n<meta property=\"og:site_name\" content=\"Plan\u00e8te Mascottes\" \/>\n<meta property=\"article:modified_time\" content=\"2025-03-04T08:46:09+00:00\" \/>\n<meta name=\"twitter:card\" content=\"summary_large_image\" \/>\n<meta name=\"twitter:label1\" content=\"Gesch\u00e4tzte Lesezeit\" \/>\n\t<meta name=\"twitter:data1\" content=\"7\u00a0Minuten\" \/>\n<script type=\"application\/ld+json\" class=\"yoast-schema-graph\">{\"@context\":\"https:\/\/schema.org\",\"@graph\":[{\"@type\":\"WebPage\",\"@id\":\"https:\/\/planetemascottes.mycoqpit.fr\/de\/datenschutzrichtlinie\/\",\"url\":\"https:\/\/planetemascottes.mycoqpit.fr\/de\/datenschutzrichtlinie\/\",\"name\":\"Datenschutzrichtlinie - Plan\u00e8te Mascottes\",\"isPartOf\":{\"@id\":\"https:\/\/planetemascottes.mycoqpit.fr\/de\/#website\"},\"datePublished\":\"2024-12-24T07:55:45+00:00\",\"dateModified\":\"2025-03-04T08:46:09+00:00\",\"description\":\"Lesen Sie unsere Datenschutzrichtlinie: Wie wir Ihre pers\u00f6nlichen Daten sch\u00fctzen und Ihre Privatsph\u00e4re respektieren.\",\"breadcrumb\":{\"@id\":\"https:\/\/planetemascottes.mycoqpit.fr\/de\/datenschutzrichtlinie\/#breadcrumb\"},\"inLanguage\":\"de\",\"potentialAction\":[{\"@type\":\"ReadAction\",\"target\":[\"https:\/\/planetemascottes.mycoqpit.fr\/de\/datenschutzrichtlinie\/\"]}]},{\"@type\":\"BreadcrumbList\",\"@id\":\"https:\/\/planetemascottes.mycoqpit.fr\/de\/datenschutzrichtlinie\/#breadcrumb\",\"itemListElement\":[{\"@type\":\"ListItem\",\"position\":1,\"name\":\"Accueil\",\"item\":\"https:\/\/planetemascottes.mycoqpit.fr\/de\/\"},{\"@type\":\"ListItem\",\"position\":2,\"name\":\"Datenschutzrichtlinie\"}]},{\"@type\":\"WebSite\",\"@id\":\"https:\/\/planetemascottes.mycoqpit.fr\/de\/#website\",\"url\":\"https:\/\/planetemascottes.mycoqpit.fr\/de\/\",\"name\":\"Plan\u00e8te Mascottes\",\"description\":\"\",\"publisher\":{\"@id\":\"https:\/\/planetemascottes.mycoqpit.fr\/de\/#organization\"},\"potentialAction\":[{\"@type\":\"SearchAction\",\"target\":{\"@type\":\"EntryPoint\",\"urlTemplate\":\"https:\/\/planetemascottes.mycoqpit.fr\/de\/?s={search_term_string}\"},\"query-input\":{\"@type\":\"PropertyValueSpecification\",\"valueRequired\":true,\"valueName\":\"search_term_string\"}}],\"inLanguage\":\"de\"},{\"@type\":\"Organization\",\"@id\":\"https:\/\/planetemascottes.mycoqpit.fr\/de\/#organization\",\"name\":\"Plan\u00e8te Mascottes\",\"url\":\"https:\/\/planetemascottes.mycoqpit.fr\/de\/\",\"logo\":{\"@type\":\"ImageObject\",\"inLanguage\":\"de\",\"@id\":\"https:\/\/planetemascottes.mycoqpit.fr\/de\/#\/schema\/logo\/image\/\",\"url\":\"https:\/\/planetemascottes.mycoqpit.fr\/wp-content\/uploads\/2024\/12\/planete-mascottes-logo.svg\",\"contentUrl\":\"https:\/\/planetemascottes.mycoqpit.fr\/wp-content\/uploads\/2024\/12\/planete-mascottes-logo.svg\",\"caption\":\"Plan\u00e8te Mascottes\"},\"image\":{\"@id\":\"https:\/\/planetemascottes.mycoqpit.fr\/de\/#\/schema\/logo\/image\/\"}}]}<\/script>\n<!-- \/ Yoast SEO plugin. -->","yoast_head_json":{"title":"Datenschutzrichtlinie - Plan\u00e8te Mascottes","description":"Lesen Sie unsere Datenschutzrichtlinie: Wie wir Ihre pers\u00f6nlichen Daten sch\u00fctzen und Ihre Privatsph\u00e4re respektieren.","robots":{"index":"noindex","follow":"follow"},"og_locale":"de_DE","og_type":"article","og_title":"Datenschutzrichtlinie - Plan\u00e8te Mascottes","og_description":"Lesen Sie unsere Datenschutzrichtlinie: Wie wir Ihre pers\u00f6nlichen Daten sch\u00fctzen und Ihre Privatsph\u00e4re respektieren.","og_url":"https:\/\/planetemascottes.mycoqpit.fr\/de\/datenschutzrichtlinie\/","og_site_name":"Plan\u00e8te Mascottes","article_modified_time":"2025-03-04T08:46:09+00:00","twitter_card":"summary_large_image","twitter_misc":{"Gesch\u00e4tzte Lesezeit":"7\u00a0Minuten"},"schema":{"@context":"https:\/\/schema.org","@graph":[{"@type":"WebPage","@id":"https:\/\/planetemascottes.mycoqpit.fr\/de\/datenschutzrichtlinie\/","url":"https:\/\/planetemascottes.mycoqpit.fr\/de\/datenschutzrichtlinie\/","name":"Datenschutzrichtlinie - Plan\u00e8te Mascottes","isPartOf":{"@id":"https:\/\/planetemascottes.mycoqpit.fr\/de\/#website"},"datePublished":"2024-12-24T07:55:45+00:00","dateModified":"2025-03-04T08:46:09+00:00","description":"Lesen Sie unsere Datenschutzrichtlinie: Wie wir Ihre pers\u00f6nlichen Daten sch\u00fctzen und Ihre Privatsph\u00e4re respektieren.","breadcrumb":{"@id":"https:\/\/planetemascottes.mycoqpit.fr\/de\/datenschutzrichtlinie\/#breadcrumb"},"inLanguage":"de","potentialAction":[{"@type":"ReadAction","target":["https:\/\/planetemascottes.mycoqpit.fr\/de\/datenschutzrichtlinie\/"]}]},{"@type":"BreadcrumbList","@id":"https:\/\/planetemascottes.mycoqpit.fr\/de\/datenschutzrichtlinie\/#breadcrumb","itemListElement":[{"@type":"ListItem","position":1,"name":"Accueil","item":"https:\/\/planetemascottes.mycoqpit.fr\/de\/"},{"@type":"ListItem","position":2,"name":"Datenschutzrichtlinie"}]},{"@type":"WebSite","@id":"https:\/\/planetemascottes.mycoqpit.fr\/de\/#website","url":"https:\/\/planetemascottes.mycoqpit.fr\/de\/","name":"Plan\u00e8te Mascottes","description":"","publisher":{"@id":"https:\/\/planetemascottes.mycoqpit.fr\/de\/#organization"},"potentialAction":[{"@type":"SearchAction","target":{"@type":"EntryPoint","urlTemplate":"https:\/\/planetemascottes.mycoqpit.fr\/de\/?s={search_term_string}"},"query-input":{"@type":"PropertyValueSpecification","valueRequired":true,"valueName":"search_term_string"}}],"inLanguage":"de"},{"@type":"Organization","@id":"https:\/\/planetemascottes.mycoqpit.fr\/de\/#organization","name":"Plan\u00e8te Mascottes","url":"https:\/\/planetemascottes.mycoqpit.fr\/de\/","logo":{"@type":"ImageObject","inLanguage":"de","@id":"https:\/\/planetemascottes.mycoqpit.fr\/de\/#\/schema\/logo\/image\/","url":"https:\/\/planetemascottes.mycoqpit.fr\/wp-content\/uploads\/2024\/12\/planete-mascottes-logo.svg","contentUrl":"https:\/\/planetemascottes.mycoqpit.fr\/wp-content\/uploads\/2024\/12\/planete-mascottes-logo.svg","caption":"Plan\u00e8te Mascottes"},"image":{"@id":"https:\/\/planetemascottes.mycoqpit.fr\/de\/#\/schema\/logo\/image\/"}}]}},"_links":{"self":[{"href":"https:\/\/planetemascottes.mycoqpit.fr\/de\/wp-json\/wp\/v2\/pages\/6949","targetHints":{"allow":["GET"]}}],"collection":[{"href":"https:\/\/planetemascottes.mycoqpit.fr\/de\/wp-json\/wp\/v2\/pages"}],"about":[{"href":"https:\/\/planetemascottes.mycoqpit.fr\/de\/wp-json\/wp\/v2\/types\/page"}],"author":[{"embeddable":true,"href":"https:\/\/planetemascottes.mycoqpit.fr\/de\/wp-json\/wp\/v2\/users\/1"}],"replies":[{"embeddable":true,"href":"https:\/\/planetemascottes.mycoqpit.fr\/de\/wp-json\/wp\/v2\/comments?post=6949"}],"version-history":[{"count":1,"href":"https:\/\/planetemascottes.mycoqpit.fr\/de\/wp-json\/wp\/v2\/pages\/6949\/revisions"}],"predecessor-version":[{"id":7167,"href":"https:\/\/planetemascottes.mycoqpit.fr\/de\/wp-json\/wp\/v2\/pages\/6949\/revisions\/7167"}],"wp:attachment":[{"href":"https:\/\/planetemascottes.mycoqpit.fr\/de\/wp-json\/wp\/v2\/media?parent=6949"}],"curies":[{"name":"wp","href":"https:\/\/api.w.org\/{rel}","templated":true}]}}